{"id":184549,"date":"2023-03-21T14:04:14","date_gmt":"2023-03-21T21:04:14","guid":{"rendered":"https:\/\/www.cohesity.com\/dm\/kostenloser-test-von-backup-as-a-service-in-der-cloud\/"},"modified":"2023-04-05T07:40:59","modified_gmt":"2023-04-05T14:40:59","slug":"cloud-backup-as-a-service-free-trial","status":"publish","type":"page","link":"https:\/\/www.cohesity.com\/de\/dm\/cloud-backup-as-a-service-free-trial\/","title":{"rendered":"Kostenloser Test von Backup as a Service in der Cloud"},"content":{"rendered":"","protected":false},"excerpt":{"rendered":"","protected":false},"author":6,"featured_media":0,"parent":56523,"menu_order":0,"comment_status":"closed","ping_status":"closed","template":"template-generic.php","meta":{"_acf_changed":false,"_oasis_is_in_workflow":0,"_oasis_original":0,"_oasis_task_priority":"","inline_featured_image":false,"footnotes":""},"class_list":["post-184549","page","type-page","status-publish","hentry"],"acf":[],"yoast_head":"<!-- This site is optimized with the Yoast SEO Premium plugin v23.2 (Yoast SEO v24.5) - https:\/\/yoast.com\/wordpress\/plugins\/seo\/ -->\n<title>Backup as a Service von Cohesity 30\u00a0Tage kostenlos testen<\/title>\n<meta name=\"description\" content=\"Testen Sie jetzt 30\u00a0Tage kostenlos die f\u00fchrende Backup-as-a-Service-L\u00f6sung. Erleben Sie v\u00f6llige Unkompliziertheit, gewinnen Sie Zuversicht und sorgen Sie mit sicheren Backups f\u00fcr eine schnelle Wiederherstellung.\" \/>\n<meta name=\"robots\" content=\"index, follow, max-snippet:-1, max-image-preview:large, max-video-preview:-1\" \/>\n<link rel=\"canonical\" href=\"https:\/\/www.cohesity.com\/de\/dm\/cloud-backup-as-a-service-free-trial\/\" \/>\n<meta property=\"og:locale\" content=\"de_DE\" \/>\n<meta property=\"og:type\" content=\"article\" \/>\n<meta property=\"og:title\" content=\"Backup as a Service von Cohesity 30\u00a0Tage kostenlos testen\" \/>\n<meta property=\"og:description\" content=\"Testen Sie jetzt 30\u00a0Tage kostenlos die f\u00fchrende Backup-as-a-Service-L\u00f6sung. Erleben Sie v\u00f6llige Unkompliziertheit, gewinnen Sie Zuversicht und sorgen Sie mit sicheren Backups f\u00fcr eine schnelle Wiederherstellung.\" \/>\n<meta property=\"og:url\" content=\"https:\/\/www.cohesity.com\/de\/dm\/cloud-backup-as-a-service-free-trial\/\" \/>\n<meta property=\"og:site_name\" content=\"Cohesity\" \/>\n<meta property=\"article:publisher\" content=\"https:\/\/www.facebook.com\/cohesity\" \/>\n<meta property=\"article:modified_time\" content=\"2023-04-05T14:40:59+00:00\" \/>\n<meta property=\"og:image\" content=\"https:\/\/www.cohesity.com\/wp-content\/new_media\/2020\/10\/cohesity-logo-new.jpg\" \/>\n\t<meta property=\"og:image:width\" content=\"800\" \/>\n\t<meta property=\"og:image:height\" content=\"401\" \/>\n\t<meta property=\"og:image:type\" content=\"image\/jpeg\" \/>\n<meta name=\"twitter:card\" content=\"summary_large_image\" \/>\n<meta name=\"twitter:title\" content=\"Backup as a Service von Cohesity 30\u00a0Tage kostenlos testen\" \/>\n<meta name=\"twitter:description\" content=\"Testen Sie jetzt 30\u00a0Tage kostenlos die f\u00fchrende Backup-as-a-Service-L\u00f6sung. Erleben Sie v\u00f6llige Unkompliziertheit, gewinnen Sie Zuversicht und sorgen Sie mit sicheren Backups f\u00fcr eine schnelle Wiederherstellung.\" \/>\n<meta name=\"twitter:site\" content=\"@cohesity\" \/>\n<script type=\"application\/ld+json\" class=\"yoast-schema-graph\">{\"@context\":\"https:\/\/schema.org\",\"@graph\":[{\"@type\":\"WebPage\",\"@id\":\"https:\/\/www.cohesity.com\/de\/dm\/cloud-backup-as-a-service-free-trial\/\",\"url\":\"https:\/\/www.cohesity.com\/de\/dm\/cloud-backup-as-a-service-free-trial\/\",\"name\":\"Backup as a Service von Cohesity 30\u00a0Tage kostenlos testen\",\"isPartOf\":{\"@id\":\"https:\/\/www.cohesity.com\/de\/#website\"},\"datePublished\":\"2023-03-21T21:04:14+00:00\",\"dateModified\":\"2023-04-05T14:40:59+00:00\",\"description\":\"Testen Sie jetzt 30\u00a0Tage kostenlos die f\u00fchrende Backup-as-a-Service-L\u00f6sung. Erleben Sie v\u00f6llige Unkompliziertheit, gewinnen Sie Zuversicht und sorgen Sie mit sicheren Backups f\u00fcr eine schnelle Wiederherstellung.\",\"breadcrumb\":{\"@id\":\"https:\/\/www.cohesity.com\/de\/dm\/cloud-backup-as-a-service-free-trial\/#breadcrumb\"},\"inLanguage\":\"de-DE\",\"potentialAction\":[{\"@type\":\"ReadAction\",\"target\":[\"https:\/\/www.cohesity.com\/de\/dm\/cloud-backup-as-a-service-free-trial\/\"]}]},{\"@type\":\"BreadcrumbList\",\"@id\":\"https:\/\/www.cohesity.com\/de\/dm\/cloud-backup-as-a-service-free-trial\/#breadcrumb\",\"itemListElement\":[{\"@type\":\"ListItem\",\"position\":1,\"name\":\"Home\",\"item\":\"https:\/\/www.cohesity.com\/de\/\"},{\"@type\":\"ListItem\",\"position\":2,\"name\":\"DM\",\"item\":\"https:\/\/www.cohesity.com\/de\/dm\/\"},{\"@type\":\"ListItem\",\"position\":3,\"name\":\"Kostenloser Test von Backup as a Service in der Cloud\"}]},{\"@type\":\"WebSite\",\"@id\":\"https:\/\/www.cohesity.com\/de\/#website\",\"url\":\"https:\/\/www.cohesity.com\/de\/\",\"name\":\"Cohesity\",\"description\":\"Eliminate mass data fragmentation with Cohesity\u2019s modern approach to data management, beginning with backup. Gain instant recovery.\",\"publisher\":{\"@id\":\"https:\/\/www.cohesity.com\/de\/#organization\"},\"potentialAction\":[{\"@type\":\"SearchAction\",\"target\":{\"@type\":\"EntryPoint\",\"urlTemplate\":\"https:\/\/www.cohesity.com\/de\/?s={search_term_string}\"},\"query-input\":{\"@type\":\"PropertyValueSpecification\",\"valueRequired\":true,\"valueName\":\"search_term_string\"}}],\"inLanguage\":\"de-DE\"},{\"@type\":\"Organization\",\"@id\":\"https:\/\/www.cohesity.com\/de\/#organization\",\"name\":\"Cohesity\",\"url\":\"https:\/\/www.cohesity.com\/de\/\",\"logo\":{\"@type\":\"ImageObject\",\"inLanguage\":\"de-DE\",\"@id\":\"https:\/\/www.cohesity.com\/de\/#\/schema\/logo\/image\/\",\"url\":\"https:\/\/www.cohesity.com\/wp-content\/new_media\/2020\/10\/cohesity_logo.svg\",\"contentUrl\":\"https:\/\/www.cohesity.com\/wp-content\/new_media\/2020\/10\/cohesity_logo.svg\",\"width\":143,\"height\":20,\"caption\":\"Cohesity\"},\"image\":{\"@id\":\"https:\/\/www.cohesity.com\/de\/#\/schema\/logo\/image\/\"},\"sameAs\":[\"https:\/\/www.facebook.com\/cohesity\",\"https:\/\/x.com\/cohesity\"]}]}<\/script>\n<!-- \/ Yoast SEO Premium plugin. -->","yoast_head_json":{"title":"Backup as a Service von Cohesity 30\u00a0Tage kostenlos testen","description":"Testen Sie jetzt 30\u00a0Tage kostenlos die f\u00fchrende Backup-as-a-Service-L\u00f6sung. Erleben Sie v\u00f6llige Unkompliziertheit, gewinnen Sie Zuversicht und sorgen Sie mit sicheren Backups f\u00fcr eine schnelle Wiederherstellung.","robots":{"index":"index","follow":"follow","max-snippet":"max-snippet:-1","max-image-preview":"max-image-preview:large","max-video-preview":"max-video-preview:-1"},"canonical":"https:\/\/www.cohesity.com\/de\/dm\/cloud-backup-as-a-service-free-trial\/","og_locale":"de_DE","og_type":"article","og_title":"Backup as a Service von Cohesity 30\u00a0Tage kostenlos testen","og_description":"Testen Sie jetzt 30\u00a0Tage kostenlos die f\u00fchrende Backup-as-a-Service-L\u00f6sung. Erleben Sie v\u00f6llige Unkompliziertheit, gewinnen Sie Zuversicht und sorgen Sie mit sicheren Backups f\u00fcr eine schnelle Wiederherstellung.","og_url":"https:\/\/www.cohesity.com\/de\/dm\/cloud-backup-as-a-service-free-trial\/","og_site_name":"Cohesity","article_publisher":"https:\/\/www.facebook.com\/cohesity","article_modified_time":"2023-04-05T14:40:59+00:00","og_image":[{"width":800,"height":401,"url":"https:\/\/www.cohesity.com\/wp-content\/new_media\/2020\/10\/cohesity-logo-new.jpg","type":"image\/jpeg"}],"twitter_card":"summary_large_image","twitter_title":"Backup as a Service von Cohesity 30\u00a0Tage kostenlos testen","twitter_description":"Testen Sie jetzt 30\u00a0Tage kostenlos die f\u00fchrende Backup-as-a-Service-L\u00f6sung. Erleben Sie v\u00f6llige Unkompliziertheit, gewinnen Sie Zuversicht und sorgen Sie mit sicheren Backups f\u00fcr eine schnelle Wiederherstellung.","twitter_site":"@cohesity","schema":{"@context":"https:\/\/schema.org","@graph":[{"@type":"WebPage","@id":"https:\/\/www.cohesity.com\/de\/dm\/cloud-backup-as-a-service-free-trial\/","url":"https:\/\/www.cohesity.com\/de\/dm\/cloud-backup-as-a-service-free-trial\/","name":"Backup as a Service von Cohesity 30\u00a0Tage kostenlos testen","isPartOf":{"@id":"https:\/\/www.cohesity.com\/de\/#website"},"datePublished":"2023-03-21T21:04:14+00:00","dateModified":"2023-04-05T14:40:59+00:00","description":"Testen Sie jetzt 30\u00a0Tage kostenlos die f\u00fchrende Backup-as-a-Service-L\u00f6sung. Erleben Sie v\u00f6llige Unkompliziertheit, gewinnen Sie Zuversicht und sorgen Sie mit sicheren Backups f\u00fcr eine schnelle Wiederherstellung.","breadcrumb":{"@id":"https:\/\/www.cohesity.com\/de\/dm\/cloud-backup-as-a-service-free-trial\/#breadcrumb"},"inLanguage":"de-DE","potentialAction":[{"@type":"ReadAction","target":["https:\/\/www.cohesity.com\/de\/dm\/cloud-backup-as-a-service-free-trial\/"]}]},{"@type":"BreadcrumbList","@id":"https:\/\/www.cohesity.com\/de\/dm\/cloud-backup-as-a-service-free-trial\/#breadcrumb","itemListElement":[{"@type":"ListItem","position":1,"name":"Home","item":"https:\/\/www.cohesity.com\/de\/"},{"@type":"ListItem","position":2,"name":"DM","item":"https:\/\/www.cohesity.com\/de\/dm\/"},{"@type":"ListItem","position":3,"name":"Kostenloser Test von Backup as a Service in der Cloud"}]},{"@type":"WebSite","@id":"https:\/\/www.cohesity.com\/de\/#website","url":"https:\/\/www.cohesity.com\/de\/","name":"Cohesity","description":"Eliminate mass data fragmentation with Cohesity\u2019s modern approach to data management, beginning with backup. Gain instant recovery.","publisher":{"@id":"https:\/\/www.cohesity.com\/de\/#organization"},"potentialAction":[{"@type":"SearchAction","target":{"@type":"EntryPoint","urlTemplate":"https:\/\/www.cohesity.com\/de\/?s={search_term_string}"},"query-input":{"@type":"PropertyValueSpecification","valueRequired":true,"valueName":"search_term_string"}}],"inLanguage":"de-DE"},{"@type":"Organization","@id":"https:\/\/www.cohesity.com\/de\/#organization","name":"Cohesity","url":"https:\/\/www.cohesity.com\/de\/","logo":{"@type":"ImageObject","inLanguage":"de-DE","@id":"https:\/\/www.cohesity.com\/de\/#\/schema\/logo\/image\/","url":"https:\/\/www.cohesity.com\/wp-content\/new_media\/2020\/10\/cohesity_logo.svg","contentUrl":"https:\/\/www.cohesity.com\/wp-content\/new_media\/2020\/10\/cohesity_logo.svg","width":143,"height":20,"caption":"Cohesity"},"image":{"@id":"https:\/\/www.cohesity.com\/de\/#\/schema\/logo\/image\/"},"sameAs":["https:\/\/www.facebook.com\/cohesity","https:\/\/x.com\/cohesity"]}]}},"_links":{"self":[{"href":"https:\/\/www.cohesity.com\/de\/wp-json\/wp\/v2\/pages\/184549","targetHints":{"allow":["GET"]}}],"collection":[{"href":"https:\/\/www.cohesity.com\/de\/wp-json\/wp\/v2\/pages"}],"about":[{"href":"https:\/\/www.cohesity.com\/de\/wp-json\/wp\/v2\/types\/page"}],"author":[{"embeddable":true,"href":"https:\/\/www.cohesity.com\/de\/wp-json\/wp\/v2\/users\/6"}],"replies":[{"embeddable":true,"href":"https:\/\/www.cohesity.com\/de\/wp-json\/wp\/v2\/comments?post=184549"}],"version-history":[{"count":0,"href":"https:\/\/www.cohesity.com\/de\/wp-json\/wp\/v2\/pages\/184549\/revisions"}],"up":[{"embeddable":true,"href":"https:\/\/www.cohesity.com\/de\/wp-json\/wp\/v2\/pages\/56523"}],"wp:attachment":[{"href":"https:\/\/www.cohesity.com\/de\/wp-json\/wp\/v2\/media?parent=184549"}],"curies":[{"name":"wp","href":"https:\/\/api.w.org\/{rel}","templated":true}]}}