{"id":265829,"date":"2024-10-14T00:57:31","date_gmt":"2024-10-14T07:57:31","guid":{"rendered":"https:\/\/www.cohesity.com\/role-of-rto-rpo-in-disaster-recovery\/"},"modified":"2024-11-12T11:51:33","modified_gmt":"2024-11-12T19:51:33","slug":"role-of-rto-rpo-in-disaster-recovery","status":"publish","type":"page","link":"https:\/\/www.cohesity.com\/de\/deep-dives\/role-of-rto-rpo-in-disaster-recovery\/","title":{"rendered":"Rolle von RTO und RPO bei der Disaster Recovery"},"content":{"rendered":"","protected":false},"excerpt":{"rendered":"","protected":false},"author":175,"featured_media":0,"parent":267085,"menu_order":0,"comment_status":"closed","ping_status":"closed","template":"template-generic.php","meta":{"_acf_changed":false,"_oasis_is_in_workflow":0,"_oasis_original":0,"_oasis_task_priority":"","inline_featured_image":false,"footnotes":""},"class_list":["post-265829","page","type-page","status-publish","hentry"],"acf":[],"yoast_head":"<!-- This site is optimized with the Yoast SEO Premium plugin v23.2 (Yoast SEO v24.5) - https:\/\/yoast.com\/wordpress\/plugins\/seo\/ -->\n<title>Die Rolle von RTO und RPO bei der Disaster Recovery | Unterschied zwischen RTO und RPO | Cohesity<\/title>\n<meta name=\"description\" content=\"Im Rahmen eines robusten Notfallwiederherstellungsplans unterst\u00fctzt die realistische Festlegung eines Recovery Time Objective (RTO) und Recovery Point Objective (RPO) die Aufrechterhaltung der Gesch\u00e4ftskontinuit\u00e4t. Erfahren Sie mehr \u00fcber RTO und RPO.\" \/>\n<meta name=\"robots\" content=\"index, follow, max-snippet:-1, max-image-preview:large, max-video-preview:-1\" \/>\n<link rel=\"canonical\" href=\"https:\/\/www.cohesity.com\/de\/deep-dives\/role-of-rto-rpo-in-disaster-recovery\/\" \/>\n<meta property=\"og:locale\" content=\"de_DE\" \/>\n<meta property=\"og:type\" content=\"article\" \/>\n<meta property=\"og:title\" content=\"Die Rolle von RTO und RPO bei der Disaster Recovery | Unterschied zwischen RTO und RPO | Cohesity\" \/>\n<meta property=\"og:description\" content=\"Im Rahmen eines robusten Notfallwiederherstellungsplans unterst\u00fctzt die realistische Festlegung eines Recovery Time Objective (RTO) und Recovery Point Objective (RPO) die Aufrechterhaltung der Gesch\u00e4ftskontinuit\u00e4t. Erfahren Sie mehr \u00fcber RTO und RPO.\" \/>\n<meta property=\"og:url\" content=\"https:\/\/www.cohesity.com\/de\/deep-dives\/role-of-rto-rpo-in-disaster-recovery\/\" \/>\n<meta property=\"og:site_name\" content=\"Cohesity\" \/>\n<meta property=\"article:publisher\" content=\"https:\/\/www.facebook.com\/cohesity\" \/>\n<meta property=\"article:modified_time\" content=\"2024-11-12T19:51:33+00:00\" \/>\n<meta property=\"og:image\" content=\"https:\/\/www.cohesity.com\/wp-content\/new_media\/2020\/10\/cohesity-logo-new.jpg\" \/>\n\t<meta property=\"og:image:width\" content=\"800\" \/>\n\t<meta property=\"og:image:height\" content=\"401\" \/>\n\t<meta property=\"og:image:type\" content=\"image\/jpeg\" \/>\n<meta name=\"twitter:card\" content=\"summary_large_image\" \/>\n<meta name=\"twitter:title\" content=\"Die Rolle von RTO und RPO bei der Disaster Recovery | Unterschied zwischen RTO und RPO | Cohesity\" \/>\n<meta name=\"twitter:description\" content=\"Im Rahmen eines robusten Notfallwiederherstellungsplans unterst\u00fctzt die realistische Festlegung eines Recovery Time Objective (RTO) und Recovery Point Objective (RPO) die Aufrechterhaltung der Gesch\u00e4ftskontinuit\u00e4t. Erfahren Sie mehr \u00fcber RTO und RPO.\" \/>\n<meta name=\"twitter:site\" content=\"@cohesity\" \/>\n<script type=\"application\/ld+json\" class=\"yoast-schema-graph\">{\"@context\":\"https:\/\/schema.org\",\"@graph\":[{\"@type\":\"WebPage\",\"@id\":\"https:\/\/www.cohesity.com\/de\/deep-dives\/role-of-rto-rpo-in-disaster-recovery\/\",\"url\":\"https:\/\/www.cohesity.com\/de\/deep-dives\/role-of-rto-rpo-in-disaster-recovery\/\",\"name\":\"Die Rolle von RTO und RPO bei der Disaster Recovery | Unterschied zwischen RTO und RPO | Cohesity\",\"isPartOf\":{\"@id\":\"https:\/\/www.cohesity.com\/de\/#website\"},\"datePublished\":\"2024-10-14T07:57:31+00:00\",\"dateModified\":\"2024-11-12T19:51:33+00:00\",\"description\":\"Im Rahmen eines robusten Notfallwiederherstellungsplans unterst\u00fctzt die realistische Festlegung eines Recovery Time Objective (RTO) und Recovery Point Objective (RPO) die Aufrechterhaltung der Gesch\u00e4ftskontinuit\u00e4t. Erfahren Sie mehr \u00fcber RTO und RPO.\",\"breadcrumb\":{\"@id\":\"https:\/\/www.cohesity.com\/de\/deep-dives\/role-of-rto-rpo-in-disaster-recovery\/#breadcrumb\"},\"inLanguage\":\"de-DE\",\"potentialAction\":[{\"@type\":\"ReadAction\",\"target\":[\"https:\/\/www.cohesity.com\/de\/deep-dives\/role-of-rto-rpo-in-disaster-recovery\/\"]}]},{\"@type\":\"BreadcrumbList\",\"@id\":\"https:\/\/www.cohesity.com\/de\/deep-dives\/role-of-rto-rpo-in-disaster-recovery\/#breadcrumb\",\"itemListElement\":[{\"@type\":\"ListItem\",\"position\":1,\"name\":\"Home\",\"item\":\"https:\/\/www.cohesity.com\/de\/\"},{\"@type\":\"ListItem\",\"position\":2,\"name\":\"Deep Dives\",\"item\":\"https:\/\/www.cohesity.com\/de\/deep-dives\/\"},{\"@type\":\"ListItem\",\"position\":3,\"name\":\"Rolle von RTO und RPO bei der Disaster Recovery\"}]},{\"@type\":\"WebSite\",\"@id\":\"https:\/\/www.cohesity.com\/de\/#website\",\"url\":\"https:\/\/www.cohesity.com\/de\/\",\"name\":\"Cohesity\",\"description\":\"Eliminate mass data fragmentation with Cohesity\u2019s modern approach to data management, beginning with backup. Gain instant recovery.\",\"publisher\":{\"@id\":\"https:\/\/www.cohesity.com\/de\/#organization\"},\"potentialAction\":[{\"@type\":\"SearchAction\",\"target\":{\"@type\":\"EntryPoint\",\"urlTemplate\":\"https:\/\/www.cohesity.com\/de\/?s={search_term_string}\"},\"query-input\":{\"@type\":\"PropertyValueSpecification\",\"valueRequired\":true,\"valueName\":\"search_term_string\"}}],\"inLanguage\":\"de-DE\"},{\"@type\":\"Organization\",\"@id\":\"https:\/\/www.cohesity.com\/de\/#organization\",\"name\":\"Cohesity\",\"url\":\"https:\/\/www.cohesity.com\/de\/\",\"logo\":{\"@type\":\"ImageObject\",\"inLanguage\":\"de-DE\",\"@id\":\"https:\/\/www.cohesity.com\/de\/#\/schema\/logo\/image\/\",\"url\":\"https:\/\/www.cohesity.com\/wp-content\/new_media\/2020\/10\/cohesity_logo.svg\",\"contentUrl\":\"https:\/\/www.cohesity.com\/wp-content\/new_media\/2020\/10\/cohesity_logo.svg\",\"width\":143,\"height\":20,\"caption\":\"Cohesity\"},\"image\":{\"@id\":\"https:\/\/www.cohesity.com\/de\/#\/schema\/logo\/image\/\"},\"sameAs\":[\"https:\/\/www.facebook.com\/cohesity\",\"https:\/\/x.com\/cohesity\"]}]}<\/script>\n<!-- \/ Yoast SEO Premium plugin. -->","yoast_head_json":{"title":"Die Rolle von RTO und RPO bei der Disaster Recovery | Unterschied zwischen RTO und RPO | Cohesity","description":"Im Rahmen eines robusten Notfallwiederherstellungsplans unterst\u00fctzt die realistische Festlegung eines Recovery Time Objective (RTO) und Recovery Point Objective (RPO) die Aufrechterhaltung der Gesch\u00e4ftskontinuit\u00e4t. Erfahren Sie mehr \u00fcber RTO und RPO.","robots":{"index":"index","follow":"follow","max-snippet":"max-snippet:-1","max-image-preview":"max-image-preview:large","max-video-preview":"max-video-preview:-1"},"canonical":"https:\/\/www.cohesity.com\/de\/deep-dives\/role-of-rto-rpo-in-disaster-recovery\/","og_locale":"de_DE","og_type":"article","og_title":"Die Rolle von RTO und RPO bei der Disaster Recovery | Unterschied zwischen RTO und RPO | Cohesity","og_description":"Im Rahmen eines robusten Notfallwiederherstellungsplans unterst\u00fctzt die realistische Festlegung eines Recovery Time Objective (RTO) und Recovery Point Objective (RPO) die Aufrechterhaltung der Gesch\u00e4ftskontinuit\u00e4t. Erfahren Sie mehr \u00fcber RTO und RPO.","og_url":"https:\/\/www.cohesity.com\/de\/deep-dives\/role-of-rto-rpo-in-disaster-recovery\/","og_site_name":"Cohesity","article_publisher":"https:\/\/www.facebook.com\/cohesity","article_modified_time":"2024-11-12T19:51:33+00:00","og_image":[{"width":800,"height":401,"url":"https:\/\/www.cohesity.com\/wp-content\/new_media\/2020\/10\/cohesity-logo-new.jpg","type":"image\/jpeg"}],"twitter_card":"summary_large_image","twitter_title":"Die Rolle von RTO und RPO bei der Disaster Recovery | Unterschied zwischen RTO und RPO | Cohesity","twitter_description":"Im Rahmen eines robusten Notfallwiederherstellungsplans unterst\u00fctzt die realistische Festlegung eines Recovery Time Objective (RTO) und Recovery Point Objective (RPO) die Aufrechterhaltung der Gesch\u00e4ftskontinuit\u00e4t. Erfahren Sie mehr \u00fcber RTO und RPO.","twitter_site":"@cohesity","schema":{"@context":"https:\/\/schema.org","@graph":[{"@type":"WebPage","@id":"https:\/\/www.cohesity.com\/de\/deep-dives\/role-of-rto-rpo-in-disaster-recovery\/","url":"https:\/\/www.cohesity.com\/de\/deep-dives\/role-of-rto-rpo-in-disaster-recovery\/","name":"Die Rolle von RTO und RPO bei der Disaster Recovery | Unterschied zwischen RTO und RPO | Cohesity","isPartOf":{"@id":"https:\/\/www.cohesity.com\/de\/#website"},"datePublished":"2024-10-14T07:57:31+00:00","dateModified":"2024-11-12T19:51:33+00:00","description":"Im Rahmen eines robusten Notfallwiederherstellungsplans unterst\u00fctzt die realistische Festlegung eines Recovery Time Objective (RTO) und Recovery Point Objective (RPO) die Aufrechterhaltung der Gesch\u00e4ftskontinuit\u00e4t. Erfahren Sie mehr \u00fcber RTO und RPO.","breadcrumb":{"@id":"https:\/\/www.cohesity.com\/de\/deep-dives\/role-of-rto-rpo-in-disaster-recovery\/#breadcrumb"},"inLanguage":"de-DE","potentialAction":[{"@type":"ReadAction","target":["https:\/\/www.cohesity.com\/de\/deep-dives\/role-of-rto-rpo-in-disaster-recovery\/"]}]},{"@type":"BreadcrumbList","@id":"https:\/\/www.cohesity.com\/de\/deep-dives\/role-of-rto-rpo-in-disaster-recovery\/#breadcrumb","itemListElement":[{"@type":"ListItem","position":1,"name":"Home","item":"https:\/\/www.cohesity.com\/de\/"},{"@type":"ListItem","position":2,"name":"Deep Dives","item":"https:\/\/www.cohesity.com\/de\/deep-dives\/"},{"@type":"ListItem","position":3,"name":"Rolle von RTO und RPO bei der Disaster Recovery"}]},{"@type":"WebSite","@id":"https:\/\/www.cohesity.com\/de\/#website","url":"https:\/\/www.cohesity.com\/de\/","name":"Cohesity","description":"Eliminate mass data fragmentation with Cohesity\u2019s modern approach to data management, beginning with backup. Gain instant recovery.","publisher":{"@id":"https:\/\/www.cohesity.com\/de\/#organization"},"potentialAction":[{"@type":"SearchAction","target":{"@type":"EntryPoint","urlTemplate":"https:\/\/www.cohesity.com\/de\/?s={search_term_string}"},"query-input":{"@type":"PropertyValueSpecification","valueRequired":true,"valueName":"search_term_string"}}],"inLanguage":"de-DE"},{"@type":"Organization","@id":"https:\/\/www.cohesity.com\/de\/#organization","name":"Cohesity","url":"https:\/\/www.cohesity.com\/de\/","logo":{"@type":"ImageObject","inLanguage":"de-DE","@id":"https:\/\/www.cohesity.com\/de\/#\/schema\/logo\/image\/","url":"https:\/\/www.cohesity.com\/wp-content\/new_media\/2020\/10\/cohesity_logo.svg","contentUrl":"https:\/\/www.cohesity.com\/wp-content\/new_media\/2020\/10\/cohesity_logo.svg","width":143,"height":20,"caption":"Cohesity"},"image":{"@id":"https:\/\/www.cohesity.com\/de\/#\/schema\/logo\/image\/"},"sameAs":["https:\/\/www.facebook.com\/cohesity","https:\/\/x.com\/cohesity"]}]}},"_links":{"self":[{"href":"https:\/\/www.cohesity.com\/de\/wp-json\/wp\/v2\/pages\/265829","targetHints":{"allow":["GET"]}}],"collection":[{"href":"https:\/\/www.cohesity.com\/de\/wp-json\/wp\/v2\/pages"}],"about":[{"href":"https:\/\/www.cohesity.com\/de\/wp-json\/wp\/v2\/types\/page"}],"author":[{"embeddable":true,"href":"https:\/\/www.cohesity.com\/de\/wp-json\/wp\/v2\/users\/175"}],"replies":[{"embeddable":true,"href":"https:\/\/www.cohesity.com\/de\/wp-json\/wp\/v2\/comments?post=265829"}],"version-history":[{"count":2,"href":"https:\/\/www.cohesity.com\/de\/wp-json\/wp\/v2\/pages\/265829\/revisions"}],"predecessor-version":[{"id":268334,"href":"https:\/\/www.cohesity.com\/de\/wp-json\/wp\/v2\/pages\/265829\/revisions\/268334"}],"up":[{"embeddable":true,"href":"https:\/\/www.cohesity.com\/de\/wp-json\/wp\/v2\/pages\/267085"}],"wp:attachment":[{"href":"https:\/\/www.cohesity.com\/de\/wp-json\/wp\/v2\/media?parent=265829"}],"curies":[{"name":"wp","href":"https:\/\/api.w.org\/{rel}","templated":true}]}}