{"id":287586,"date":"2025-06-05T05:55:19","date_gmt":"2025-06-05T12:55:19","guid":{"rendered":"https:\/\/www.cohesity.com\/dm\/resilience-everywhere-security\/"},"modified":"2025-08-12T23:32:18","modified_gmt":"2025-08-13T06:32:18","slug":"resilience-everywhere-security","status":"publish","type":"page","link":"https:\/\/www.cohesity.com\/de\/dm\/resilience-everywhere-security\/","title":{"rendered":"Umfassende Ausfallsicherheit"},"content":{"rendered":"","protected":false},"excerpt":{"rendered":"","protected":false},"author":2,"featured_media":0,"parent":56523,"menu_order":0,"comment_status":"closed","ping_status":"closed","template":"template-generic-redesign.php","meta":{"_acf_changed":false,"_oasis_is_in_workflow":0,"_oasis_original":0,"_oasis_task_priority":"","inline_featured_image":false,"footnotes":""},"class_list":["post-287586","page","type-page","status-publish","hentry"],"acf":[],"yoast_head":"<!-- This site is optimized with the Yoast SEO Premium plugin v23.2 (Yoast SEO v24.5) - https:\/\/yoast.com\/wordpress\/plugins\/seo\/ -->\n<title>Sichere Backups: Isoliert, unver\u00e4nderlich und einsatzbereit f\u00fcr die Recovery | Cohesity<\/title>\n<meta name=\"description\" content=\"Cyber-Resilienz beginnt mit sicheren Backups, die f\u00fcr die Wiederherstellung, Ursachenanalyse und Abwehr von Cyberangriffen bereitstehen.\" \/>\n<meta name=\"robots\" content=\"index, follow, max-snippet:-1, max-image-preview:large, max-video-preview:-1\" \/>\n<link rel=\"canonical\" href=\"https:\/\/www.cohesity.com\/de\/dm\/resilience-everywhere-security\/\" \/>\n<meta property=\"og:locale\" content=\"de_DE\" \/>\n<meta property=\"og:type\" content=\"article\" \/>\n<meta property=\"og:title\" content=\"Sichere Backups: Isoliert, unver\u00e4nderlich und einsatzbereit f\u00fcr die Recovery | Cohesity\" \/>\n<meta property=\"og:description\" content=\"Cyber-Resilienz beginnt mit sicheren Backups, die f\u00fcr die Wiederherstellung, Ursachenanalyse und Abwehr von Cyberangriffen bereitstehen.\" \/>\n<meta property=\"og:url\" content=\"https:\/\/www.cohesity.com\/de\/dm\/resilience-everywhere-security\/\" \/>\n<meta property=\"og:site_name\" content=\"Cohesity\" \/>\n<meta property=\"article:publisher\" content=\"https:\/\/www.facebook.com\/cohesity\" \/>\n<meta property=\"article:modified_time\" content=\"2025-08-13T06:32:18+00:00\" \/>\n<meta property=\"og:image\" content=\"https:\/\/www.cohesity.com\/wp-content\/new_media\/2025\/08\/security-awareness-de-og-banner.png\" \/>\n\t<meta property=\"og:image:width\" content=\"800\" \/>\n\t<meta property=\"og:image:height\" content=\"400\" \/>\n\t<meta property=\"og:image:type\" content=\"image\/png\" \/>\n<meta name=\"twitter:card\" content=\"summary_large_image\" \/>\n<meta name=\"twitter:title\" content=\"Sichere Backups: Isoliert, unver\u00e4nderlich und einsatzbereit f\u00fcr die Recovery | Cohesity\" \/>\n<meta name=\"twitter:description\" content=\"Cyber-Resilienz beginnt mit sicheren Backups, die f\u00fcr die Wiederherstellung, Ursachenanalyse und Abwehr von Cyberangriffen bereitstehen.\" \/>\n<meta name=\"twitter:image\" content=\"https:\/\/www.cohesity.com\/wp-content\/new_media\/2025\/08\/security-awareness-de-og-banner.png\" \/>\n<meta name=\"twitter:site\" content=\"@cohesity\" \/>\n<script type=\"application\/ld+json\" class=\"yoast-schema-graph\">{\"@context\":\"https:\/\/schema.org\",\"@graph\":[{\"@type\":\"WebPage\",\"@id\":\"https:\/\/www.cohesity.com\/de\/dm\/resilience-everywhere-security\/\",\"url\":\"https:\/\/www.cohesity.com\/de\/dm\/resilience-everywhere-security\/\",\"name\":\"Sichere Backups: Isoliert, unver\u00e4nderlich und einsatzbereit f\u00fcr die Recovery | Cohesity\",\"isPartOf\":{\"@id\":\"https:\/\/www.cohesity.com\/de\/#website\"},\"datePublished\":\"2025-06-05T12:55:19+00:00\",\"dateModified\":\"2025-08-13T06:32:18+00:00\",\"description\":\"Cyber-Resilienz beginnt mit sicheren Backups, die f\u00fcr die Wiederherstellung, Ursachenanalyse und Abwehr von Cyberangriffen bereitstehen.\",\"breadcrumb\":{\"@id\":\"https:\/\/www.cohesity.com\/de\/dm\/resilience-everywhere-security\/#breadcrumb\"},\"inLanguage\":\"de-DE\",\"potentialAction\":[{\"@type\":\"ReadAction\",\"target\":[\"https:\/\/www.cohesity.com\/de\/dm\/resilience-everywhere-security\/\"]}]},{\"@type\":\"BreadcrumbList\",\"@id\":\"https:\/\/www.cohesity.com\/de\/dm\/resilience-everywhere-security\/#breadcrumb\",\"itemListElement\":[{\"@type\":\"ListItem\",\"position\":1,\"name\":\"Home\",\"item\":\"https:\/\/www.cohesity.com\/de\/\"},{\"@type\":\"ListItem\",\"position\":2,\"name\":\"DM\",\"item\":\"https:\/\/www.cohesity.com\/de\/dm\/\"},{\"@type\":\"ListItem\",\"position\":3,\"name\":\"Umfassende Ausfallsicherheit\"}]},{\"@type\":\"WebSite\",\"@id\":\"https:\/\/www.cohesity.com\/de\/#website\",\"url\":\"https:\/\/www.cohesity.com\/de\/\",\"name\":\"Cohesity\",\"description\":\"Eliminate mass data fragmentation with Cohesity\u2019s modern approach to data management, beginning with backup. Gain instant recovery.\",\"publisher\":{\"@id\":\"https:\/\/www.cohesity.com\/de\/#organization\"},\"potentialAction\":[{\"@type\":\"SearchAction\",\"target\":{\"@type\":\"EntryPoint\",\"urlTemplate\":\"https:\/\/www.cohesity.com\/de\/?s={search_term_string}\"},\"query-input\":{\"@type\":\"PropertyValueSpecification\",\"valueRequired\":true,\"valueName\":\"search_term_string\"}}],\"inLanguage\":\"de-DE\"},{\"@type\":\"Organization\",\"@id\":\"https:\/\/www.cohesity.com\/de\/#organization\",\"name\":\"Cohesity\",\"url\":\"https:\/\/www.cohesity.com\/de\/\",\"logo\":{\"@type\":\"ImageObject\",\"inLanguage\":\"de-DE\",\"@id\":\"https:\/\/www.cohesity.com\/de\/#\/schema\/logo\/image\/\",\"url\":\"https:\/\/www.cohesity.com\/wp-content\/new_media\/2020\/10\/cohesity_logo.svg\",\"contentUrl\":\"https:\/\/www.cohesity.com\/wp-content\/new_media\/2020\/10\/cohesity_logo.svg\",\"width\":143,\"height\":20,\"caption\":\"Cohesity\"},\"image\":{\"@id\":\"https:\/\/www.cohesity.com\/de\/#\/schema\/logo\/image\/\"},\"sameAs\":[\"https:\/\/www.facebook.com\/cohesity\",\"https:\/\/x.com\/cohesity\"]}]}<\/script>\n<!-- \/ Yoast SEO Premium plugin. -->","yoast_head_json":{"title":"Sichere Backups: Isoliert, unver\u00e4nderlich und einsatzbereit f\u00fcr die Recovery | Cohesity","description":"Cyber-Resilienz beginnt mit sicheren Backups, die f\u00fcr die Wiederherstellung, Ursachenanalyse und Abwehr von Cyberangriffen bereitstehen.","robots":{"index":"index","follow":"follow","max-snippet":"max-snippet:-1","max-image-preview":"max-image-preview:large","max-video-preview":"max-video-preview:-1"},"canonical":"https:\/\/www.cohesity.com\/de\/dm\/resilience-everywhere-security\/","og_locale":"de_DE","og_type":"article","og_title":"Sichere Backups: Isoliert, unver\u00e4nderlich und einsatzbereit f\u00fcr die Recovery | Cohesity","og_description":"Cyber-Resilienz beginnt mit sicheren Backups, die f\u00fcr die Wiederherstellung, Ursachenanalyse und Abwehr von Cyberangriffen bereitstehen.","og_url":"https:\/\/www.cohesity.com\/de\/dm\/resilience-everywhere-security\/","og_site_name":"Cohesity","article_publisher":"https:\/\/www.facebook.com\/cohesity","article_modified_time":"2025-08-13T06:32:18+00:00","og_image":[{"width":800,"height":400,"url":"https:\/\/www.cohesity.com\/wp-content\/new_media\/2025\/08\/security-awareness-de-og-banner.png","type":"image\/png"}],"twitter_card":"summary_large_image","twitter_title":"Sichere Backups: Isoliert, unver\u00e4nderlich und einsatzbereit f\u00fcr die Recovery | Cohesity","twitter_description":"Cyber-Resilienz beginnt mit sicheren Backups, die f\u00fcr die Wiederherstellung, Ursachenanalyse und Abwehr von Cyberangriffen bereitstehen.","twitter_image":"https:\/\/www.cohesity.com\/wp-content\/new_media\/2025\/08\/security-awareness-de-og-banner.png","twitter_site":"@cohesity","schema":{"@context":"https:\/\/schema.org","@graph":[{"@type":"WebPage","@id":"https:\/\/www.cohesity.com\/de\/dm\/resilience-everywhere-security\/","url":"https:\/\/www.cohesity.com\/de\/dm\/resilience-everywhere-security\/","name":"Sichere Backups: Isoliert, unver\u00e4nderlich und einsatzbereit f\u00fcr die Recovery | Cohesity","isPartOf":{"@id":"https:\/\/www.cohesity.com\/de\/#website"},"datePublished":"2025-06-05T12:55:19+00:00","dateModified":"2025-08-13T06:32:18+00:00","description":"Cyber-Resilienz beginnt mit sicheren Backups, die f\u00fcr die Wiederherstellung, Ursachenanalyse und Abwehr von Cyberangriffen bereitstehen.","breadcrumb":{"@id":"https:\/\/www.cohesity.com\/de\/dm\/resilience-everywhere-security\/#breadcrumb"},"inLanguage":"de-DE","potentialAction":[{"@type":"ReadAction","target":["https:\/\/www.cohesity.com\/de\/dm\/resilience-everywhere-security\/"]}]},{"@type":"BreadcrumbList","@id":"https:\/\/www.cohesity.com\/de\/dm\/resilience-everywhere-security\/#breadcrumb","itemListElement":[{"@type":"ListItem","position":1,"name":"Home","item":"https:\/\/www.cohesity.com\/de\/"},{"@type":"ListItem","position":2,"name":"DM","item":"https:\/\/www.cohesity.com\/de\/dm\/"},{"@type":"ListItem","position":3,"name":"Umfassende Ausfallsicherheit"}]},{"@type":"WebSite","@id":"https:\/\/www.cohesity.com\/de\/#website","url":"https:\/\/www.cohesity.com\/de\/","name":"Cohesity","description":"Eliminate mass data fragmentation with Cohesity\u2019s modern approach to data management, beginning with backup. Gain instant recovery.","publisher":{"@id":"https:\/\/www.cohesity.com\/de\/#organization"},"potentialAction":[{"@type":"SearchAction","target":{"@type":"EntryPoint","urlTemplate":"https:\/\/www.cohesity.com\/de\/?s={search_term_string}"},"query-input":{"@type":"PropertyValueSpecification","valueRequired":true,"valueName":"search_term_string"}}],"inLanguage":"de-DE"},{"@type":"Organization","@id":"https:\/\/www.cohesity.com\/de\/#organization","name":"Cohesity","url":"https:\/\/www.cohesity.com\/de\/","logo":{"@type":"ImageObject","inLanguage":"de-DE","@id":"https:\/\/www.cohesity.com\/de\/#\/schema\/logo\/image\/","url":"https:\/\/www.cohesity.com\/wp-content\/new_media\/2020\/10\/cohesity_logo.svg","contentUrl":"https:\/\/www.cohesity.com\/wp-content\/new_media\/2020\/10\/cohesity_logo.svg","width":143,"height":20,"caption":"Cohesity"},"image":{"@id":"https:\/\/www.cohesity.com\/de\/#\/schema\/logo\/image\/"},"sameAs":["https:\/\/www.facebook.com\/cohesity","https:\/\/x.com\/cohesity"]}]}},"_links":{"self":[{"href":"https:\/\/www.cohesity.com\/de\/wp-json\/wp\/v2\/pages\/287586","targetHints":{"allow":["GET"]}}],"collection":[{"href":"https:\/\/www.cohesity.com\/de\/wp-json\/wp\/v2\/pages"}],"about":[{"href":"https:\/\/www.cohesity.com\/de\/wp-json\/wp\/v2\/types\/page"}],"author":[{"embeddable":true,"href":"https:\/\/www.cohesity.com\/de\/wp-json\/wp\/v2\/users\/2"}],"replies":[{"embeddable":true,"href":"https:\/\/www.cohesity.com\/de\/wp-json\/wp\/v2\/comments?post=287586"}],"version-history":[{"count":10,"href":"https:\/\/www.cohesity.com\/de\/wp-json\/wp\/v2\/pages\/287586\/revisions"}],"predecessor-version":[{"id":291249,"href":"https:\/\/www.cohesity.com\/de\/wp-json\/wp\/v2\/pages\/287586\/revisions\/291249"}],"up":[{"embeddable":true,"href":"https:\/\/www.cohesity.com\/de\/wp-json\/wp\/v2\/pages\/56523"}],"wp:attachment":[{"href":"https:\/\/www.cohesity.com\/de\/wp-json\/wp\/v2\/media?parent=287586"}],"curies":[{"name":"wp","href":"https:\/\/api.w.org\/{rel}","templated":true}]}}