{"id":53841,"date":"2020-12-18T11:08:26","date_gmt":"2020-12-18T19:08:26","guid":{"rendered":"https:\/\/www.cohesity.com\/products\/dataplatform\/dataplatform-fuer-cloud\/"},"modified":"2024-08-20T04:19:52","modified_gmt":"2024-08-20T11:19:52","slug":"cloud","status":"publish","type":"page","link":"https:\/\/www.cohesity.com\/de\/cloud\/","title":{"rendered":"DataPlatform f\u00fcr Cloud"},"content":{"rendered":"","protected":false},"excerpt":{"rendered":"","protected":false},"author":8,"featured_media":16044,"parent":0,"menu_order":0,"comment_status":"closed","ping_status":"closed","template":"template-products.php","meta":{"_acf_changed":false,"_oasis_is_in_workflow":0,"_oasis_original":0,"_oasis_task_priority":"","inline_featured_image":false,"footnotes":""},"class_list":["post-53841","page","type-page","status-publish","has-post-thumbnail","hentry"],"acf":[],"yoast_head":"<!-- This site is optimized with the Yoast SEO Premium plugin v23.2 (Yoast SEO v24.5) - https:\/\/yoast.com\/wordpress\/plugins\/seo\/ -->\n<title>Cloud DR und Konsolidierung | DataPlatform f\u00fcr die Cloud | Cohesity<\/title>\n<meta name=\"description\" content=\"Cohesity DataPlatform f\u00fcr Cloud sorgt f\u00fcr zuverl\u00e4ssigen Schutz und effektives Management von Cloud-Daten. Jetzt mehr erfahren.\" \/>\n<meta name=\"robots\" content=\"index, follow, max-snippet:-1, max-image-preview:large, max-video-preview:-1\" \/>\n<link rel=\"canonical\" href=\"https:\/\/www.cohesity.com\/de\/cloud\/\" \/>\n<meta property=\"og:locale\" content=\"de_DE\" \/>\n<meta property=\"og:type\" content=\"article\" \/>\n<meta property=\"og:title\" content=\"DataPlatform f\u00fcr Cloud\" \/>\n<meta property=\"og:description\" content=\"Cohesity DataPlatform f\u00fcr Cloud sorgt f\u00fcr zuverl\u00e4ssigen Schutz und effektives Management von Cloud-Daten. Jetzt mehr erfahren.\" \/>\n<meta property=\"og:url\" content=\"https:\/\/www.cohesity.com\/de\/cloud\/\" \/>\n<meta property=\"og:site_name\" content=\"Cohesity\" \/>\n<meta property=\"article:publisher\" content=\"https:\/\/www.facebook.com\/cohesity\" \/>\n<meta property=\"article:modified_time\" content=\"2024-08-20T11:19:52+00:00\" \/>\n<meta property=\"og:image\" content=\"https:\/\/www.cohesity.com\/wp-content\/new_media\/2020\/10\/cohesity-logo-new.jpg\" \/>\n\t<meta property=\"og:image:width\" content=\"800\" \/>\n\t<meta property=\"og:image:height\" content=\"401\" \/>\n\t<meta property=\"og:image:type\" content=\"image\/jpeg\" \/>\n<meta name=\"twitter:card\" content=\"summary_large_image\" \/>\n<meta name=\"twitter:site\" content=\"@cohesity\" \/>\n<meta name=\"twitter:label1\" content=\"Est. reading time\" \/>\n\t<meta name=\"twitter:data1\" content=\"1 minute\" \/>\n<script type=\"application\/ld+json\" class=\"yoast-schema-graph\">{\"@context\":\"https:\/\/schema.org\",\"@graph\":[{\"@type\":\"WebPage\",\"@id\":\"https:\/\/www.cohesity.com\/de\/cloud\/\",\"url\":\"https:\/\/www.cohesity.com\/de\/cloud\/\",\"name\":\"Cloud DR und Konsolidierung | DataPlatform f\u00fcr die Cloud | Cohesity\",\"isPartOf\":{\"@id\":\"https:\/\/www.cohesity.com\/de\/#website\"},\"primaryImageOfPage\":{\"@id\":\"https:\/\/www.cohesity.com\/de\/cloud\/#primaryimage\"},\"image\":{\"@id\":\"https:\/\/www.cohesity.com\/de\/cloud\/#primaryimage\"},\"thumbnailUrl\":\"https:\/\/www.cohesity.com\/wp-content\/new_media\/2020\/09\/dataplatform-cloud-product-icon.svg\",\"datePublished\":\"2020-12-18T19:08:26+00:00\",\"dateModified\":\"2024-08-20T11:19:52+00:00\",\"description\":\"Cohesity DataPlatform f\u00fcr Cloud sorgt f\u00fcr zuverl\u00e4ssigen Schutz und effektives Management von Cloud-Daten. Jetzt mehr erfahren.\",\"breadcrumb\":{\"@id\":\"https:\/\/www.cohesity.com\/de\/cloud\/#breadcrumb\"},\"inLanguage\":\"de-DE\",\"potentialAction\":[{\"@type\":\"ReadAction\",\"target\":[\"https:\/\/www.cohesity.com\/de\/cloud\/\"]}]},{\"@type\":\"ImageObject\",\"inLanguage\":\"de-DE\",\"@id\":\"https:\/\/www.cohesity.com\/de\/cloud\/#primaryimage\",\"url\":\"https:\/\/www.cohesity.com\/wp-content\/new_media\/2020\/09\/dataplatform-cloud-product-icon.svg\",\"contentUrl\":\"https:\/\/www.cohesity.com\/wp-content\/new_media\/2020\/09\/dataplatform-cloud-product-icon.svg\",\"caption\":\"dataplatform-cloud-product-icon\"},{\"@type\":\"BreadcrumbList\",\"@id\":\"https:\/\/www.cohesity.com\/de\/cloud\/#breadcrumb\",\"itemListElement\":[{\"@type\":\"ListItem\",\"position\":1,\"name\":\"Home\",\"item\":\"https:\/\/www.cohesity.com\/de\/\"},{\"@type\":\"ListItem\",\"position\":2,\"name\":\"DataPlatform f\u00fcr Cloud\"}]},{\"@type\":\"WebSite\",\"@id\":\"https:\/\/www.cohesity.com\/de\/#website\",\"url\":\"https:\/\/www.cohesity.com\/de\/\",\"name\":\"Cohesity\",\"description\":\"Eliminate mass data fragmentation with Cohesity\u2019s modern approach to data management, beginning with backup. Gain instant recovery.\",\"publisher\":{\"@id\":\"https:\/\/www.cohesity.com\/de\/#organization\"},\"potentialAction\":[{\"@type\":\"SearchAction\",\"target\":{\"@type\":\"EntryPoint\",\"urlTemplate\":\"https:\/\/www.cohesity.com\/de\/?s={search_term_string}\"},\"query-input\":{\"@type\":\"PropertyValueSpecification\",\"valueRequired\":true,\"valueName\":\"search_term_string\"}}],\"inLanguage\":\"de-DE\"},{\"@type\":\"Organization\",\"@id\":\"https:\/\/www.cohesity.com\/de\/#organization\",\"name\":\"Cohesity\",\"url\":\"https:\/\/www.cohesity.com\/de\/\",\"logo\":{\"@type\":\"ImageObject\",\"inLanguage\":\"de-DE\",\"@id\":\"https:\/\/www.cohesity.com\/de\/#\/schema\/logo\/image\/\",\"url\":\"https:\/\/www.cohesity.com\/wp-content\/new_media\/2020\/10\/cohesity_logo.svg\",\"contentUrl\":\"https:\/\/www.cohesity.com\/wp-content\/new_media\/2020\/10\/cohesity_logo.svg\",\"width\":143,\"height\":20,\"caption\":\"Cohesity\"},\"image\":{\"@id\":\"https:\/\/www.cohesity.com\/de\/#\/schema\/logo\/image\/\"},\"sameAs\":[\"https:\/\/www.facebook.com\/cohesity\",\"https:\/\/x.com\/cohesity\"]}]}<\/script>\n<!-- \/ Yoast SEO Premium plugin. -->","yoast_head_json":{"title":"Cloud DR und Konsolidierung | DataPlatform f\u00fcr die Cloud | Cohesity","description":"Cohesity DataPlatform f\u00fcr Cloud sorgt f\u00fcr zuverl\u00e4ssigen Schutz und effektives Management von Cloud-Daten. Jetzt mehr erfahren.","robots":{"index":"index","follow":"follow","max-snippet":"max-snippet:-1","max-image-preview":"max-image-preview:large","max-video-preview":"max-video-preview:-1"},"canonical":"https:\/\/www.cohesity.com\/de\/cloud\/","og_locale":"de_DE","og_type":"article","og_title":"DataPlatform f\u00fcr Cloud","og_description":"Cohesity DataPlatform f\u00fcr Cloud sorgt f\u00fcr zuverl\u00e4ssigen Schutz und effektives Management von Cloud-Daten. Jetzt mehr erfahren.","og_url":"https:\/\/www.cohesity.com\/de\/cloud\/","og_site_name":"Cohesity","article_publisher":"https:\/\/www.facebook.com\/cohesity","article_modified_time":"2024-08-20T11:19:52+00:00","og_image":[{"width":800,"height":401,"url":"https:\/\/www.cohesity.com\/wp-content\/new_media\/2020\/10\/cohesity-logo-new.jpg","type":"image\/jpeg"}],"twitter_card":"summary_large_image","twitter_site":"@cohesity","twitter_misc":{"Est. reading time":"1 minute"},"schema":{"@context":"https:\/\/schema.org","@graph":[{"@type":"WebPage","@id":"https:\/\/www.cohesity.com\/de\/cloud\/","url":"https:\/\/www.cohesity.com\/de\/cloud\/","name":"Cloud DR und Konsolidierung | DataPlatform f\u00fcr die Cloud | Cohesity","isPartOf":{"@id":"https:\/\/www.cohesity.com\/de\/#website"},"primaryImageOfPage":{"@id":"https:\/\/www.cohesity.com\/de\/cloud\/#primaryimage"},"image":{"@id":"https:\/\/www.cohesity.com\/de\/cloud\/#primaryimage"},"thumbnailUrl":"https:\/\/www.cohesity.com\/wp-content\/new_media\/2020\/09\/dataplatform-cloud-product-icon.svg","datePublished":"2020-12-18T19:08:26+00:00","dateModified":"2024-08-20T11:19:52+00:00","description":"Cohesity DataPlatform f\u00fcr Cloud sorgt f\u00fcr zuverl\u00e4ssigen Schutz und effektives Management von Cloud-Daten. Jetzt mehr erfahren.","breadcrumb":{"@id":"https:\/\/www.cohesity.com\/de\/cloud\/#breadcrumb"},"inLanguage":"de-DE","potentialAction":[{"@type":"ReadAction","target":["https:\/\/www.cohesity.com\/de\/cloud\/"]}]},{"@type":"ImageObject","inLanguage":"de-DE","@id":"https:\/\/www.cohesity.com\/de\/cloud\/#primaryimage","url":"https:\/\/www.cohesity.com\/wp-content\/new_media\/2020\/09\/dataplatform-cloud-product-icon.svg","contentUrl":"https:\/\/www.cohesity.com\/wp-content\/new_media\/2020\/09\/dataplatform-cloud-product-icon.svg","caption":"dataplatform-cloud-product-icon"},{"@type":"BreadcrumbList","@id":"https:\/\/www.cohesity.com\/de\/cloud\/#breadcrumb","itemListElement":[{"@type":"ListItem","position":1,"name":"Home","item":"https:\/\/www.cohesity.com\/de\/"},{"@type":"ListItem","position":2,"name":"DataPlatform f\u00fcr Cloud"}]},{"@type":"WebSite","@id":"https:\/\/www.cohesity.com\/de\/#website","url":"https:\/\/www.cohesity.com\/de\/","name":"Cohesity","description":"Eliminate mass data fragmentation with Cohesity\u2019s modern approach to data management, beginning with backup. Gain instant recovery.","publisher":{"@id":"https:\/\/www.cohesity.com\/de\/#organization"},"potentialAction":[{"@type":"SearchAction","target":{"@type":"EntryPoint","urlTemplate":"https:\/\/www.cohesity.com\/de\/?s={search_term_string}"},"query-input":{"@type":"PropertyValueSpecification","valueRequired":true,"valueName":"search_term_string"}}],"inLanguage":"de-DE"},{"@type":"Organization","@id":"https:\/\/www.cohesity.com\/de\/#organization","name":"Cohesity","url":"https:\/\/www.cohesity.com\/de\/","logo":{"@type":"ImageObject","inLanguage":"de-DE","@id":"https:\/\/www.cohesity.com\/de\/#\/schema\/logo\/image\/","url":"https:\/\/www.cohesity.com\/wp-content\/new_media\/2020\/10\/cohesity_logo.svg","contentUrl":"https:\/\/www.cohesity.com\/wp-content\/new_media\/2020\/10\/cohesity_logo.svg","width":143,"height":20,"caption":"Cohesity"},"image":{"@id":"https:\/\/www.cohesity.com\/de\/#\/schema\/logo\/image\/"},"sameAs":["https:\/\/www.facebook.com\/cohesity","https:\/\/x.com\/cohesity"]}]}},"_links":{"self":[{"href":"https:\/\/www.cohesity.com\/de\/wp-json\/wp\/v2\/pages\/53841","targetHints":{"allow":["GET"]}}],"collection":[{"href":"https:\/\/www.cohesity.com\/de\/wp-json\/wp\/v2\/pages"}],"about":[{"href":"https:\/\/www.cohesity.com\/de\/wp-json\/wp\/v2\/types\/page"}],"author":[{"embeddable":true,"href":"https:\/\/www.cohesity.com\/de\/wp-json\/wp\/v2\/users\/8"}],"replies":[{"embeddable":true,"href":"https:\/\/www.cohesity.com\/de\/wp-json\/wp\/v2\/comments?post=53841"}],"version-history":[{"count":1,"href":"https:\/\/www.cohesity.com\/de\/wp-json\/wp\/v2\/pages\/53841\/revisions"}],"predecessor-version":[{"id":261529,"href":"https:\/\/www.cohesity.com\/de\/wp-json\/wp\/v2\/pages\/53841\/revisions\/261529"}],"wp:featuredmedia":[{"embeddable":true,"href":"https:\/\/www.cohesity.com\/de\/wp-json\/wp\/v2\/media\/16044"}],"wp:attachment":[{"href":"https:\/\/www.cohesity.com\/de\/wp-json\/wp\/v2\/media?parent=53841"}],"curies":[{"name":"wp","href":"https:\/\/api.w.org\/{rel}","templated":true}]}}