{"id":54506,"date":"2020-04-14T16:06:23","date_gmt":"2020-04-14T16:06:23","guid":{"rendered":"https:\/\/www.cohesity.com\/homepage\/"},"modified":"2025-10-13T05:05:29","modified_gmt":"2025-10-13T12:05:29","slug":"home-page","status":"publish","type":"page","link":"https:\/\/www.cohesity.com\/de\/","title":{"rendered":"Home Page"},"content":{"rendered":"<p>&nbsp;<\/p>\n<p>&nbsp;<\/p>\n","protected":false},"excerpt":{"rendered":"<p>&nbsp; &nbsp;<\/p>\n","protected":false},"author":14,"featured_media":0,"parent":0,"menu_order":0,"comment_status":"closed","ping_status":"closed","template":"template-homepage-redesign.php","meta":{"_acf_changed":false,"_oasis_is_in_workflow":0,"_oasis_original":0,"_oasis_task_priority":"","inline_featured_image":false,"footnotes":""},"class_list":["post-54506","page","type-page","status-publish","hentry"],"acf":[],"yoast_head":"<!-- This site is optimized with the Yoast SEO Premium plugin v23.2 (Yoast SEO v24.5) - https:\/\/yoast.com\/wordpress\/plugins\/seo\/ -->\n<title>KI-gest\u00fctzte Data Security and Data Management-L\u00f6sungen | Cohesity<\/title>\n<meta name=\"description\" content=\"Cohesity bietet Ihnen sowohl Datensicherheit als auch Datenmanagement. Sch\u00fctzen Sie sich vor Ransomware mit unver\u00e4nderlichen Backups, KI-basierter Fr\u00fcherkennung von Bedrohungen und schneller Datenwiederherstellung.\" \/>\n<meta name=\"robots\" content=\"index, follow, max-snippet:-1, max-image-preview:large, max-video-preview:-1\" \/>\n<link rel=\"canonical\" href=\"https:\/\/www.cohesity.com\/de\/\" \/>\n<meta property=\"og:locale\" content=\"de_DE\" \/>\n<meta property=\"og:type\" content=\"article\" \/>\n<meta property=\"og:title\" content=\"KI-gest\u00fctzte Data Security and Data Management-L\u00f6sungen | Cohesity\" \/>\n<meta property=\"og:description\" content=\"Cohesity bietet branchenf\u00fchrende Data Security and Management-L\u00f6sungen. Sch\u00fctzen Sie sich vor Ransomware mit unver\u00e4nderlichen Backup-Snapshots, KI-basierter Fr\u00fcherkennung von Bedrohungen und schneller Datenwiederherstellung in gro\u00dfem Ma\u00dfstab.\" \/>\n<meta property=\"og:url\" content=\"https:\/\/www.cohesity.com\/de\/\" \/>\n<meta property=\"og:site_name\" content=\"Cohesity\" \/>\n<meta property=\"article:publisher\" content=\"https:\/\/www.facebook.com\/cohesity\" \/>\n<meta property=\"article:modified_time\" content=\"2025-10-13T12:05:29+00:00\" \/>\n<meta property=\"og:image\" content=\"https:\/\/www.cohesity.com\/wp-content\/new_media\/2024\/12\/Cohesity-OG-banner-1.png\" \/>\n\t<meta property=\"og:image:width\" content=\"800\" \/>\n\t<meta property=\"og:image:height\" content=\"400\" \/>\n\t<meta property=\"og:image:type\" content=\"image\/png\" \/>\n<meta name=\"twitter:card\" content=\"summary_large_image\" \/>\n<meta name=\"twitter:title\" content=\"AI \u3092\u6d3b\u7528\u3057\u305f\u30c7\u30fc\u30bf\u306e\u30bb\u30ad\u30e5\u30ea\u30c6\u30a3\u3068\u7ba1\u7406 | Cohesity\" \/>\n<meta name=\"twitter:description\" content=\"Cohesity provides industry-leading data security and management. Defend against ransomware attacks with immutable backup snapshots, AI-based early threat detection, and rapid recovery of data at scale.\" \/>\n<meta name=\"twitter:image\" content=\"https:\/\/www.cohesity.com\/wp-content\/new_media\/2024\/12\/Cohesity-OG-banner-1.png\" \/>\n<meta name=\"twitter:site\" content=\"@cohesity\" \/>\n<script type=\"application\/ld+json\" class=\"yoast-schema-graph\">{\"@context\":\"https:\/\/schema.org\",\"@graph\":[{\"@type\":\"WebPage\",\"@id\":\"https:\/\/www.cohesity.com\/de\/\",\"url\":\"https:\/\/www.cohesity.com\/de\/\",\"name\":\"KI-gest\u00fctzte Data Security and Data Management-L\u00f6sungen | Cohesity\",\"isPartOf\":{\"@id\":\"https:\/\/www.cohesity.com\/de\/#website\"},\"datePublished\":\"2020-04-14T16:06:23+00:00\",\"dateModified\":\"2025-10-13T12:05:29+00:00\",\"description\":\"Cohesity bietet Ihnen sowohl Datensicherheit als auch Datenmanagement. Sch\u00fctzen Sie sich vor Ransomware mit unver\u00e4nderlichen Backups, KI-basierter Fr\u00fcherkennung von Bedrohungen und schneller Datenwiederherstellung.\",\"breadcrumb\":{\"@id\":\"https:\/\/www.cohesity.com\/de\/#breadcrumb\"},\"inLanguage\":\"de-DE\",\"potentialAction\":[{\"@type\":\"ReadAction\",\"target\":[\"https:\/\/www.cohesity.com\/de\/\"]}]},{\"@type\":\"BreadcrumbList\",\"@id\":\"https:\/\/www.cohesity.com\/de\/#breadcrumb\",\"itemListElement\":[{\"@type\":\"ListItem\",\"position\":1,\"name\":\"Home\",\"item\":\"https:\/\/www.cohesity.com\/de\/\"},{\"@type\":\"ListItem\",\"position\":2,\"name\":\"Home Page\"}]},{\"@type\":\"WebSite\",\"@id\":\"https:\/\/www.cohesity.com\/de\/#website\",\"url\":\"https:\/\/www.cohesity.com\/de\/\",\"name\":\"Cohesity\",\"description\":\"Eliminate mass data fragmentation with Cohesity\u2019s modern approach to data management, beginning with backup. Gain instant recovery.\",\"publisher\":{\"@id\":\"https:\/\/www.cohesity.com\/de\/#organization\"},\"potentialAction\":[{\"@type\":\"SearchAction\",\"target\":{\"@type\":\"EntryPoint\",\"urlTemplate\":\"https:\/\/www.cohesity.com\/de\/?s={search_term_string}\"},\"query-input\":{\"@type\":\"PropertyValueSpecification\",\"valueRequired\":true,\"valueName\":\"search_term_string\"}}],\"inLanguage\":\"de-DE\"},{\"@type\":\"Organization\",\"@id\":\"https:\/\/www.cohesity.com\/de\/#organization\",\"name\":\"Cohesity\",\"url\":\"https:\/\/www.cohesity.com\/de\/\",\"logo\":{\"@type\":\"ImageObject\",\"inLanguage\":\"de-DE\",\"@id\":\"https:\/\/www.cohesity.com\/de\/#\/schema\/logo\/image\/\",\"url\":\"https:\/\/www.cohesity.com\/wp-content\/new_media\/2020\/10\/cohesity_logo.svg\",\"contentUrl\":\"https:\/\/www.cohesity.com\/wp-content\/new_media\/2020\/10\/cohesity_logo.svg\",\"width\":143,\"height\":20,\"caption\":\"Cohesity\"},\"image\":{\"@id\":\"https:\/\/www.cohesity.com\/de\/#\/schema\/logo\/image\/\"},\"sameAs\":[\"https:\/\/www.facebook.com\/cohesity\",\"https:\/\/x.com\/cohesity\"]}]}<\/script>\n<!-- \/ Yoast SEO Premium plugin. -->","yoast_head_json":{"title":"KI-gest\u00fctzte Data Security and Data Management-L\u00f6sungen | Cohesity","description":"Cohesity bietet Ihnen sowohl Datensicherheit als auch Datenmanagement. Sch\u00fctzen Sie sich vor Ransomware mit unver\u00e4nderlichen Backups, KI-basierter Fr\u00fcherkennung von Bedrohungen und schneller Datenwiederherstellung.","robots":{"index":"index","follow":"follow","max-snippet":"max-snippet:-1","max-image-preview":"max-image-preview:large","max-video-preview":"max-video-preview:-1"},"canonical":"https:\/\/www.cohesity.com\/de\/","og_locale":"de_DE","og_type":"article","og_title":"KI-gest\u00fctzte Data Security and Data Management-L\u00f6sungen | Cohesity","og_description":"Cohesity bietet branchenf\u00fchrende Data Security and Management-L\u00f6sungen. Sch\u00fctzen Sie sich vor Ransomware mit unver\u00e4nderlichen Backup-Snapshots, KI-basierter Fr\u00fcherkennung von Bedrohungen und schneller Datenwiederherstellung in gro\u00dfem Ma\u00dfstab.","og_url":"https:\/\/www.cohesity.com\/de\/","og_site_name":"Cohesity","article_publisher":"https:\/\/www.facebook.com\/cohesity","article_modified_time":"2025-10-13T12:05:29+00:00","og_image":[{"width":800,"height":400,"url":"https:\/\/www.cohesity.com\/wp-content\/new_media\/2024\/12\/Cohesity-OG-banner-1.png","type":"image\/png"}],"twitter_card":"summary_large_image","twitter_title":"AI \u3092\u6d3b\u7528\u3057\u305f\u30c7\u30fc\u30bf\u306e\u30bb\u30ad\u30e5\u30ea\u30c6\u30a3\u3068\u7ba1\u7406 | Cohesity","twitter_description":"Cohesity provides industry-leading data security and management. Defend against ransomware attacks with immutable backup snapshots, AI-based early threat detection, and rapid recovery of data at scale.","twitter_image":"https:\/\/www.cohesity.com\/wp-content\/new_media\/2024\/12\/Cohesity-OG-banner-1.png","twitter_site":"@cohesity","schema":{"@context":"https:\/\/schema.org","@graph":[{"@type":"WebPage","@id":"https:\/\/www.cohesity.com\/de\/","url":"https:\/\/www.cohesity.com\/de\/","name":"KI-gest\u00fctzte Data Security and Data Management-L\u00f6sungen | Cohesity","isPartOf":{"@id":"https:\/\/www.cohesity.com\/de\/#website"},"datePublished":"2020-04-14T16:06:23+00:00","dateModified":"2025-10-13T12:05:29+00:00","description":"Cohesity bietet Ihnen sowohl Datensicherheit als auch Datenmanagement. Sch\u00fctzen Sie sich vor Ransomware mit unver\u00e4nderlichen Backups, KI-basierter Fr\u00fcherkennung von Bedrohungen und schneller Datenwiederherstellung.","breadcrumb":{"@id":"https:\/\/www.cohesity.com\/de\/#breadcrumb"},"inLanguage":"de-DE","potentialAction":[{"@type":"ReadAction","target":["https:\/\/www.cohesity.com\/de\/"]}]},{"@type":"BreadcrumbList","@id":"https:\/\/www.cohesity.com\/de\/#breadcrumb","itemListElement":[{"@type":"ListItem","position":1,"name":"Home","item":"https:\/\/www.cohesity.com\/de\/"},{"@type":"ListItem","position":2,"name":"Home Page"}]},{"@type":"WebSite","@id":"https:\/\/www.cohesity.com\/de\/#website","url":"https:\/\/www.cohesity.com\/de\/","name":"Cohesity","description":"Eliminate mass data fragmentation with Cohesity\u2019s modern approach to data management, beginning with backup. Gain instant recovery.","publisher":{"@id":"https:\/\/www.cohesity.com\/de\/#organization"},"potentialAction":[{"@type":"SearchAction","target":{"@type":"EntryPoint","urlTemplate":"https:\/\/www.cohesity.com\/de\/?s={search_term_string}"},"query-input":{"@type":"PropertyValueSpecification","valueRequired":true,"valueName":"search_term_string"}}],"inLanguage":"de-DE"},{"@type":"Organization","@id":"https:\/\/www.cohesity.com\/de\/#organization","name":"Cohesity","url":"https:\/\/www.cohesity.com\/de\/","logo":{"@type":"ImageObject","inLanguage":"de-DE","@id":"https:\/\/www.cohesity.com\/de\/#\/schema\/logo\/image\/","url":"https:\/\/www.cohesity.com\/wp-content\/new_media\/2020\/10\/cohesity_logo.svg","contentUrl":"https:\/\/www.cohesity.com\/wp-content\/new_media\/2020\/10\/cohesity_logo.svg","width":143,"height":20,"caption":"Cohesity"},"image":{"@id":"https:\/\/www.cohesity.com\/de\/#\/schema\/logo\/image\/"},"sameAs":["https:\/\/www.facebook.com\/cohesity","https:\/\/x.com\/cohesity"]}]}},"_links":{"self":[{"href":"https:\/\/www.cohesity.com\/de\/wp-json\/wp\/v2\/pages\/54506","targetHints":{"allow":["GET"]}}],"collection":[{"href":"https:\/\/www.cohesity.com\/de\/wp-json\/wp\/v2\/pages"}],"about":[{"href":"https:\/\/www.cohesity.com\/de\/wp-json\/wp\/v2\/types\/page"}],"author":[{"embeddable":true,"href":"https:\/\/www.cohesity.com\/de\/wp-json\/wp\/v2\/users\/14"}],"replies":[{"embeddable":true,"href":"https:\/\/www.cohesity.com\/de\/wp-json\/wp\/v2\/comments?post=54506"}],"version-history":[{"count":11,"href":"https:\/\/www.cohesity.com\/de\/wp-json\/wp\/v2\/pages\/54506\/revisions"}],"predecessor-version":[{"id":294194,"href":"https:\/\/www.cohesity.com\/de\/wp-json\/wp\/v2\/pages\/54506\/revisions\/294194"}],"wp:attachment":[{"href":"https:\/\/www.cohesity.com\/de\/wp-json\/wp\/v2\/media?parent=54506"}],"curies":[{"name":"wp","href":"https:\/\/api.w.org\/{rel}","templated":true}]}}