{"id":106141,"date":"2021-12-07T10:42:30","date_gmt":"2021-12-07T18:42:30","guid":{"rendered":"https:\/\/www.cohesity.com\/solutions\/securite-et-gouvernance-des-donnees\/"},"modified":"2025-04-30T00:19:30","modified_gmt":"2025-04-30T07:19:30","slug":"data-security","status":"publish","type":"page","link":"https:\/\/www.cohesity.com\/fr\/solutions\/data-security\/","title":{"rendered":"S\u00e9curit\u00e9 des donn\u00e9es"},"content":{"rendered":"","protected":false},"excerpt":{"rendered":"","protected":false},"author":7,"featured_media":5635,"parent":53831,"menu_order":0,"comment_status":"closed","ping_status":"closed","template":"template-solutions-redesign.php","meta":{"_acf_changed":false,"_oasis_is_in_workflow":0,"_oasis_original":0,"_oasis_task_priority":"","inline_featured_image":false,"footnotes":""},"class_list":["post-106141","page","type-page","status-publish","has-post-thumbnail","hentry"],"acf":[],"yoast_head":"<!-- This site is optimized with the Yoast SEO Premium plugin v23.2 (Yoast SEO v24.5) - https:\/\/yoast.com\/wordpress\/plugins\/seo\/ -->\n<title>Solutions et gestion de la s\u00e9curit\u00e9 des donn\u00e9es | Cohesity<\/title>\n<meta name=\"description\" content=\"R\u00e9duisez les menaces de ransomware et autres cybermenaces, et r\u00e9cup\u00e9rez vos donn\u00e9es en toute confiance gr\u00e2ce \u00e0 une solution de gestion des donn\u00e9es ax\u00e9e sur la s\u00e9curit\u00e9 et con\u00e7ue pour pr\u00e9server la s\u00e9curit\u00e9 de vos donn\u00e9es.\" \/>\n<meta name=\"robots\" content=\"index, follow, max-snippet:-1, max-image-preview:large, max-video-preview:-1\" \/>\n<link rel=\"canonical\" href=\"https:\/\/www.cohesity.com\/fr\/solutions\/data-security\/\" \/>\n<meta property=\"og:locale\" content=\"fr_FR\" \/>\n<meta property=\"og:type\" content=\"article\" \/>\n<meta property=\"og:title\" content=\"Gagnez en visibilit\u00e9 et contr\u00f4lez davantage les menaces \u00e0 la s\u00e9curit\u00e9 des donn\u00e9es ainsi que les risques li\u00e9s \u00e0 la conformit\u00e9\" \/>\n<meta property=\"og:description\" content=\"La s\u00e9curit\u00e9 des donn\u00e9es vous pr\u00e9occupe\u00a0? D\u00e9couvrez comment vous pouvez identifier vos donn\u00e9es sensibles, les prot\u00e9ger contre des menaces de cybers\u00e9curit\u00e9 sophistiqu\u00e9es, et les r\u00e9cup\u00e9rer en cas d\u2019attaque gr\u00e2ce \u00e0 une s\u00e9curit\u00e9 et une gestion modernes des donn\u00e9es.\" \/>\n<meta property=\"og:url\" content=\"https:\/\/www.cohesity.com\/fr\/solutions\/data-security\/\" \/>\n<meta property=\"og:site_name\" content=\"Cohesity\" \/>\n<meta property=\"article:publisher\" content=\"https:\/\/www.facebook.com\/cohesity\" \/>\n<meta property=\"article:modified_time\" content=\"2025-04-30T07:19:30+00:00\" \/>\n<meta property=\"og:image\" content=\"https:\/\/www.cohesity.com\/wp-content\/new_media\/2023\/06\/og-data-security.png\" \/>\n<meta name=\"twitter:card\" content=\"summary_large_image\" \/>\n<meta name=\"twitter:title\" content=\"Gagnez en visibilit\u00e9 et contr\u00f4lez davantage les menaces \u00e0 la s\u00e9curit\u00e9 des donn\u00e9es ainsi que les risques li\u00e9s \u00e0 la conformit\u00e9\" \/>\n<meta name=\"twitter:description\" content=\"La s\u00e9curit\u00e9 des donn\u00e9es vous pr\u00e9occupe\u00a0? D\u00e9couvrez comment vous pouvez identifier vos donn\u00e9es sensibles, les prot\u00e9ger contre des menaces de cybers\u00e9curit\u00e9 sophistiqu\u00e9es, et les r\u00e9cup\u00e9rer en cas d\u2019attaque gr\u00e2ce \u00e0 une s\u00e9curit\u00e9 et une gestion modernes des donn\u00e9es.\" \/>\n<meta name=\"twitter:image\" content=\"https:\/\/www.cohesity.com\/wp-content\/new_media\/2023\/06\/og-data-security.png\" \/>\n<meta name=\"twitter:site\" content=\"@cohesity\" \/>\n<meta name=\"twitter:label1\" content=\"Est. reading time\" \/>\n\t<meta name=\"twitter:data1\" content=\"1 minute\" \/>\n<script type=\"application\/ld+json\" class=\"yoast-schema-graph\">{\"@context\":\"https:\/\/schema.org\",\"@graph\":[{\"@type\":\"WebPage\",\"@id\":\"https:\/\/www.cohesity.com\/fr\/solutions\/data-security\/\",\"url\":\"https:\/\/www.cohesity.com\/fr\/solutions\/data-security\/\",\"name\":\"Solutions et gestion de la s\u00e9curit\u00e9 des donn\u00e9es | Cohesity\",\"isPartOf\":{\"@id\":\"https:\/\/www.cohesity.com\/fr\/#website\"},\"primaryImageOfPage\":{\"@id\":\"https:\/\/www.cohesity.com\/fr\/solutions\/data-security\/#primaryimage\"},\"image\":{\"@id\":\"https:\/\/www.cohesity.com\/fr\/solutions\/data-security\/#primaryimage\"},\"thumbnailUrl\":\"https:\/\/www.cohesity.com\/wp-content\/new_media\/2020\/08\/security-compliance-icon.svg\",\"datePublished\":\"2021-12-07T18:42:30+00:00\",\"dateModified\":\"2025-04-30T07:19:30+00:00\",\"description\":\"R\u00e9duisez les menaces de ransomware et autres cybermenaces, et r\u00e9cup\u00e9rez vos donn\u00e9es en toute confiance gr\u00e2ce \u00e0 une solution de gestion des donn\u00e9es ax\u00e9e sur la s\u00e9curit\u00e9 et con\u00e7ue pour pr\u00e9server la s\u00e9curit\u00e9 de vos donn\u00e9es.\",\"breadcrumb\":{\"@id\":\"https:\/\/www.cohesity.com\/fr\/solutions\/data-security\/#breadcrumb\"},\"inLanguage\":\"fr-FR\",\"potentialAction\":[{\"@type\":\"ReadAction\",\"target\":[\"https:\/\/www.cohesity.com\/fr\/solutions\/data-security\/\"]}]},{\"@type\":\"ImageObject\",\"inLanguage\":\"fr-FR\",\"@id\":\"https:\/\/www.cohesity.com\/fr\/solutions\/data-security\/#primaryimage\",\"url\":\"https:\/\/www.cohesity.com\/wp-content\/new_media\/2020\/08\/security-compliance-icon.svg\",\"contentUrl\":\"https:\/\/www.cohesity.com\/wp-content\/new_media\/2020\/08\/security-compliance-icon.svg\",\"caption\":\"Ic\u00f4ne s\u00e9curit\u00e9 et conformit\u00e9\"},{\"@type\":\"BreadcrumbList\",\"@id\":\"https:\/\/www.cohesity.com\/fr\/solutions\/data-security\/#breadcrumb\",\"itemListElement\":[{\"@type\":\"ListItem\",\"position\":1,\"name\":\"Home\",\"item\":\"https:\/\/www.cohesity.com\/fr\/\"},{\"@type\":\"ListItem\",\"position\":2,\"name\":\"Pr\u00e9sentation des solutions\",\"item\":\"https:\/\/www.cohesity.com\/fr\/solutions\/\"},{\"@type\":\"ListItem\",\"position\":3,\"name\":\"S\u00e9curit\u00e9 des donn\u00e9es\"}]},{\"@type\":\"WebSite\",\"@id\":\"https:\/\/www.cohesity.com\/fr\/#website\",\"url\":\"https:\/\/www.cohesity.com\/fr\/\",\"name\":\"Cohesity\",\"description\":\"Eliminate mass data fragmentation with Cohesity\u2019s modern approach to data management, beginning with backup. Gain instant recovery.\",\"publisher\":{\"@id\":\"https:\/\/www.cohesity.com\/fr\/#organization\"},\"potentialAction\":[{\"@type\":\"SearchAction\",\"target\":{\"@type\":\"EntryPoint\",\"urlTemplate\":\"https:\/\/www.cohesity.com\/fr\/?s={search_term_string}\"},\"query-input\":{\"@type\":\"PropertyValueSpecification\",\"valueRequired\":true,\"valueName\":\"search_term_string\"}}],\"inLanguage\":\"fr-FR\"},{\"@type\":\"Organization\",\"@id\":\"https:\/\/www.cohesity.com\/fr\/#organization\",\"name\":\"Cohesity\",\"url\":\"https:\/\/www.cohesity.com\/fr\/\",\"logo\":{\"@type\":\"ImageObject\",\"inLanguage\":\"fr-FR\",\"@id\":\"https:\/\/www.cohesity.com\/fr\/#\/schema\/logo\/image\/\",\"url\":\"https:\/\/www.cohesity.com\/wp-content\/new_media\/2020\/10\/cohesity_logo.svg\",\"contentUrl\":\"https:\/\/www.cohesity.com\/wp-content\/new_media\/2020\/10\/cohesity_logo.svg\",\"width\":143,\"height\":20,\"caption\":\"Cohesity\"},\"image\":{\"@id\":\"https:\/\/www.cohesity.com\/fr\/#\/schema\/logo\/image\/\"},\"sameAs\":[\"https:\/\/www.facebook.com\/cohesity\",\"https:\/\/x.com\/cohesity\"]}]}<\/script>\n<!-- \/ Yoast SEO Premium plugin. -->","yoast_head_json":{"title":"Solutions et gestion de la s\u00e9curit\u00e9 des donn\u00e9es | Cohesity","description":"R\u00e9duisez les menaces de ransomware et autres cybermenaces, et r\u00e9cup\u00e9rez vos donn\u00e9es en toute confiance gr\u00e2ce \u00e0 une solution de gestion des donn\u00e9es ax\u00e9e sur la s\u00e9curit\u00e9 et con\u00e7ue pour pr\u00e9server la s\u00e9curit\u00e9 de vos donn\u00e9es.","robots":{"index":"index","follow":"follow","max-snippet":"max-snippet:-1","max-image-preview":"max-image-preview:large","max-video-preview":"max-video-preview:-1"},"canonical":"https:\/\/www.cohesity.com\/fr\/solutions\/data-security\/","og_locale":"fr_FR","og_type":"article","og_title":"Gagnez en visibilit\u00e9 et contr\u00f4lez davantage les menaces \u00e0 la s\u00e9curit\u00e9 des donn\u00e9es ainsi que les risques li\u00e9s \u00e0 la conformit\u00e9","og_description":"La s\u00e9curit\u00e9 des donn\u00e9es vous pr\u00e9occupe\u00a0? D\u00e9couvrez comment vous pouvez identifier vos donn\u00e9es sensibles, les prot\u00e9ger contre des menaces de cybers\u00e9curit\u00e9 sophistiqu\u00e9es, et les r\u00e9cup\u00e9rer en cas d\u2019attaque gr\u00e2ce \u00e0 une s\u00e9curit\u00e9 et une gestion modernes des donn\u00e9es.","og_url":"https:\/\/www.cohesity.com\/fr\/solutions\/data-security\/","og_site_name":"Cohesity","article_publisher":"https:\/\/www.facebook.com\/cohesity","article_modified_time":"2025-04-30T07:19:30+00:00","og_image":[{"url":"https:\/\/www.cohesity.com\/wp-content\/new_media\/2023\/06\/og-data-security.png","type":"","width":"","height":""}],"twitter_card":"summary_large_image","twitter_title":"Gagnez en visibilit\u00e9 et contr\u00f4lez davantage les menaces \u00e0 la s\u00e9curit\u00e9 des donn\u00e9es ainsi que les risques li\u00e9s \u00e0 la conformit\u00e9","twitter_description":"La s\u00e9curit\u00e9 des donn\u00e9es vous pr\u00e9occupe\u00a0? D\u00e9couvrez comment vous pouvez identifier vos donn\u00e9es sensibles, les prot\u00e9ger contre des menaces de cybers\u00e9curit\u00e9 sophistiqu\u00e9es, et les r\u00e9cup\u00e9rer en cas d\u2019attaque gr\u00e2ce \u00e0 une s\u00e9curit\u00e9 et une gestion modernes des donn\u00e9es.","twitter_image":"https:\/\/www.cohesity.com\/wp-content\/new_media\/2023\/06\/og-data-security.png","twitter_site":"@cohesity","twitter_misc":{"Est. reading time":"1 minute"},"schema":{"@context":"https:\/\/schema.org","@graph":[{"@type":"WebPage","@id":"https:\/\/www.cohesity.com\/fr\/solutions\/data-security\/","url":"https:\/\/www.cohesity.com\/fr\/solutions\/data-security\/","name":"Solutions et gestion de la s\u00e9curit\u00e9 des donn\u00e9es | Cohesity","isPartOf":{"@id":"https:\/\/www.cohesity.com\/fr\/#website"},"primaryImageOfPage":{"@id":"https:\/\/www.cohesity.com\/fr\/solutions\/data-security\/#primaryimage"},"image":{"@id":"https:\/\/www.cohesity.com\/fr\/solutions\/data-security\/#primaryimage"},"thumbnailUrl":"https:\/\/www.cohesity.com\/wp-content\/new_media\/2020\/08\/security-compliance-icon.svg","datePublished":"2021-12-07T18:42:30+00:00","dateModified":"2025-04-30T07:19:30+00:00","description":"R\u00e9duisez les menaces de ransomware et autres cybermenaces, et r\u00e9cup\u00e9rez vos donn\u00e9es en toute confiance gr\u00e2ce \u00e0 une solution de gestion des donn\u00e9es ax\u00e9e sur la s\u00e9curit\u00e9 et con\u00e7ue pour pr\u00e9server la s\u00e9curit\u00e9 de vos donn\u00e9es.","breadcrumb":{"@id":"https:\/\/www.cohesity.com\/fr\/solutions\/data-security\/#breadcrumb"},"inLanguage":"fr-FR","potentialAction":[{"@type":"ReadAction","target":["https:\/\/www.cohesity.com\/fr\/solutions\/data-security\/"]}]},{"@type":"ImageObject","inLanguage":"fr-FR","@id":"https:\/\/www.cohesity.com\/fr\/solutions\/data-security\/#primaryimage","url":"https:\/\/www.cohesity.com\/wp-content\/new_media\/2020\/08\/security-compliance-icon.svg","contentUrl":"https:\/\/www.cohesity.com\/wp-content\/new_media\/2020\/08\/security-compliance-icon.svg","caption":"Ic\u00f4ne s\u00e9curit\u00e9 et conformit\u00e9"},{"@type":"BreadcrumbList","@id":"https:\/\/www.cohesity.com\/fr\/solutions\/data-security\/#breadcrumb","itemListElement":[{"@type":"ListItem","position":1,"name":"Home","item":"https:\/\/www.cohesity.com\/fr\/"},{"@type":"ListItem","position":2,"name":"Pr\u00e9sentation des solutions","item":"https:\/\/www.cohesity.com\/fr\/solutions\/"},{"@type":"ListItem","position":3,"name":"S\u00e9curit\u00e9 des donn\u00e9es"}]},{"@type":"WebSite","@id":"https:\/\/www.cohesity.com\/fr\/#website","url":"https:\/\/www.cohesity.com\/fr\/","name":"Cohesity","description":"Eliminate mass data fragmentation with Cohesity\u2019s modern approach to data management, beginning with backup. Gain instant recovery.","publisher":{"@id":"https:\/\/www.cohesity.com\/fr\/#organization"},"potentialAction":[{"@type":"SearchAction","target":{"@type":"EntryPoint","urlTemplate":"https:\/\/www.cohesity.com\/fr\/?s={search_term_string}"},"query-input":{"@type":"PropertyValueSpecification","valueRequired":true,"valueName":"search_term_string"}}],"inLanguage":"fr-FR"},{"@type":"Organization","@id":"https:\/\/www.cohesity.com\/fr\/#organization","name":"Cohesity","url":"https:\/\/www.cohesity.com\/fr\/","logo":{"@type":"ImageObject","inLanguage":"fr-FR","@id":"https:\/\/www.cohesity.com\/fr\/#\/schema\/logo\/image\/","url":"https:\/\/www.cohesity.com\/wp-content\/new_media\/2020\/10\/cohesity_logo.svg","contentUrl":"https:\/\/www.cohesity.com\/wp-content\/new_media\/2020\/10\/cohesity_logo.svg","width":143,"height":20,"caption":"Cohesity"},"image":{"@id":"https:\/\/www.cohesity.com\/fr\/#\/schema\/logo\/image\/"},"sameAs":["https:\/\/www.facebook.com\/cohesity","https:\/\/x.com\/cohesity"]}]}},"_links":{"self":[{"href":"https:\/\/www.cohesity.com\/fr\/wp-json\/wp\/v2\/pages\/106141","targetHints":{"allow":["GET"]}}],"collection":[{"href":"https:\/\/www.cohesity.com\/fr\/wp-json\/wp\/v2\/pages"}],"about":[{"href":"https:\/\/www.cohesity.com\/fr\/wp-json\/wp\/v2\/types\/page"}],"author":[{"embeddable":true,"href":"https:\/\/www.cohesity.com\/fr\/wp-json\/wp\/v2\/users\/7"}],"replies":[{"embeddable":true,"href":"https:\/\/www.cohesity.com\/fr\/wp-json\/wp\/v2\/comments?post=106141"}],"version-history":[{"count":5,"href":"https:\/\/www.cohesity.com\/fr\/wp-json\/wp\/v2\/pages\/106141\/revisions"}],"predecessor-version":[{"id":280831,"href":"https:\/\/www.cohesity.com\/fr\/wp-json\/wp\/v2\/pages\/106141\/revisions\/280831"}],"up":[{"embeddable":true,"href":"https:\/\/www.cohesity.com\/fr\/wp-json\/wp\/v2\/pages\/53831"}],"wp:featuredmedia":[{"embeddable":true,"href":"https:\/\/www.cohesity.com\/fr\/wp-json\/wp\/v2\/media\/5635"}],"wp:attachment":[{"href":"https:\/\/www.cohesity.com\/fr\/wp-json\/wp\/v2\/media?parent=106141"}],"curies":[{"name":"wp","href":"https:\/\/api.w.org\/{rel}","templated":true}]}}