{"id":149500,"date":"2022-06-29T22:57:10","date_gmt":"2022-06-30T05:57:10","guid":{"rendered":"https:\/\/www.cohesity.com\/products\/fortknox\/"},"modified":"2025-01-15T09:41:29","modified_gmt":"2025-01-15T17:41:29","slug":"fortknox","status":"publish","type":"page","link":"https:\/\/www.cohesity.com\/fr\/products\/fortknox\/","title":{"rendered":"FortKnox"},"content":{"rendered":"","protected":false},"excerpt":{"rendered":"","protected":false},"author":7,"featured_media":139025,"parent":42833,"menu_order":0,"comment_status":"closed","ping_status":"closed","template":"template-products-redesign.php","meta":{"_acf_changed":false,"_oasis_is_in_workflow":0,"_oasis_original":0,"_oasis_task_priority":"","inline_featured_image":false,"footnotes":""},"class_list":["post-149500","page","type-page","status-publish","has-post-thumbnail","hentry"],"acf":[],"yoast_head":"<!-- This site is optimized with the Yoast SEO Premium plugin v23.2 (Yoast SEO v24.5) - https:\/\/yoast.com\/wordpress\/plugins\/seo\/ -->\n<title>Cyber coffre-fort de restauration | Isolation des donn\u00e9es bas\u00e9e sur le Saas | Cohesity FortKnox<\/title>\n<meta name=\"description\" content=\"D\u00e9jouez les attaques par ransomware gr\u00e2ce \u00e0 un cyber coffre-fort de restauration SaaS et une solution tr\u00e8s s\u00e9curis\u00e9e bas\u00e9e sur le cloud. Prot\u00e9gez vos donn\u00e9es critiques avec Cohesity FortKnox.\" \/>\n<meta name=\"robots\" content=\"index, follow, max-snippet:-1, max-image-preview:large, max-video-preview:-1\" \/>\n<link rel=\"canonical\" href=\"https:\/\/www.cohesity.com\/fr\/products\/fortknox\/\" \/>\n<meta property=\"og:locale\" content=\"fr_FR\" \/>\n<meta property=\"og:type\" content=\"article\" \/>\n<meta property=\"og:title\" content=\"Prot\u00e9gez vos donn\u00e9es contre les ransomwares avec Cohesity FortKnox\" \/>\n<meta property=\"og:description\" content=\"D\u00e9jouez les attaques par ransomware gr\u00e2ce \u00e0 une isolation des donn\u00e9es SaaS et une solution tr\u00e8s s\u00e9curis\u00e9e bas\u00e9e sur le cloud, inviolable et permettant une restauration rapide.\" \/>\n<meta property=\"og:url\" content=\"https:\/\/www.cohesity.com\/fr\/products\/fortknox\/\" \/>\n<meta property=\"og:site_name\" content=\"Cohesity\" \/>\n<meta property=\"article:publisher\" content=\"https:\/\/www.facebook.com\/cohesity\" \/>\n<meta property=\"article:modified_time\" content=\"2025-01-15T17:41:29+00:00\" \/>\n<meta property=\"og:image\" content=\"https:\/\/www.cohesity.com\/wp-content\/new_media\/2023\/07\/fortknox-og-800x400-1.png\" \/>\n<meta name=\"twitter:card\" content=\"summary_large_image\" \/>\n<meta name=\"twitter:title\" content=\"Prot\u00e9gez vos donn\u00e9es contre les ransomwares avec Cohesity FortKnox\" \/>\n<meta name=\"twitter:description\" content=\"D\u00e9jouez les attaques par ransomware gr\u00e2ce \u00e0 une isolation des donn\u00e9es SaaS et une solution tr\u00e8s s\u00e9curis\u00e9e bas\u00e9e sur le cloud, inviolable et permettant une restauration rapide.\" \/>\n<meta name=\"twitter:image\" content=\"https:\/\/www.cohesity.com\/wp-content\/new_media\/2023\/07\/fortknox-og-800x400-1.png\" \/>\n<meta name=\"twitter:site\" content=\"@cohesity\" \/>\n<meta name=\"twitter:label1\" content=\"Est. reading time\" \/>\n\t<meta name=\"twitter:data1\" content=\"1 minute\" \/>\n<script type=\"application\/ld+json\" class=\"yoast-schema-graph\">{\"@context\":\"https:\/\/schema.org\",\"@graph\":[{\"@type\":\"WebPage\",\"@id\":\"https:\/\/www.cohesity.com\/fr\/products\/fortknox\/\",\"url\":\"https:\/\/www.cohesity.com\/fr\/products\/fortknox\/\",\"name\":\"Cyber coffre-fort de restauration | Isolation des donn\u00e9es bas\u00e9e sur le Saas | Cohesity FortKnox\",\"isPartOf\":{\"@id\":\"https:\/\/www.cohesity.com\/fr\/#website\"},\"primaryImageOfPage\":{\"@id\":\"https:\/\/www.cohesity.com\/fr\/products\/fortknox\/#primaryimage\"},\"image\":{\"@id\":\"https:\/\/www.cohesity.com\/fr\/products\/fortknox\/#primaryimage\"},\"thumbnailUrl\":\"https:\/\/www.cohesity.com\/wp-content\/new_media\/2022\/05\/icon-product-fort-knox_icon-fort-knox-1.svg\",\"datePublished\":\"2022-06-30T05:57:10+00:00\",\"dateModified\":\"2025-01-15T17:41:29+00:00\",\"description\":\"D\u00e9jouez les attaques par ransomware gr\u00e2ce \u00e0 un cyber coffre-fort de restauration SaaS et une solution tr\u00e8s s\u00e9curis\u00e9e bas\u00e9e sur le cloud. Prot\u00e9gez vos donn\u00e9es critiques avec Cohesity FortKnox.\",\"breadcrumb\":{\"@id\":\"https:\/\/www.cohesity.com\/fr\/products\/fortknox\/#breadcrumb\"},\"inLanguage\":\"fr-FR\",\"potentialAction\":[{\"@type\":\"ReadAction\",\"target\":[\"https:\/\/www.cohesity.com\/fr\/products\/fortknox\/\"]}]},{\"@type\":\"ImageObject\",\"inLanguage\":\"fr-FR\",\"@id\":\"https:\/\/www.cohesity.com\/fr\/products\/fortknox\/#primaryimage\",\"url\":\"https:\/\/www.cohesity.com\/wp-content\/new_media\/2022\/05\/icon-product-fort-knox_icon-fort-knox-1.svg\",\"contentUrl\":\"https:\/\/www.cohesity.com\/wp-content\/new_media\/2022\/05\/icon-product-fort-knox_icon-fort-knox-1.svg\",\"caption\":\"FortKnox-product-icon\"},{\"@type\":\"BreadcrumbList\",\"@id\":\"https:\/\/www.cohesity.com\/fr\/products\/fortknox\/#breadcrumb\",\"itemListElement\":[{\"@type\":\"ListItem\",\"position\":1,\"name\":\"Home\",\"item\":\"https:\/\/www.cohesity.com\/fr\/\"},{\"@type\":\"ListItem\",\"position\":2,\"name\":\"Products Overview\",\"item\":\"https:\/\/www.cohesity.com\/fr\/products\/\"},{\"@type\":\"ListItem\",\"position\":3,\"name\":\"FortKnox\"}]},{\"@type\":\"WebSite\",\"@id\":\"https:\/\/www.cohesity.com\/fr\/#website\",\"url\":\"https:\/\/www.cohesity.com\/fr\/\",\"name\":\"Cohesity\",\"description\":\"Eliminate mass data fragmentation with Cohesity\u2019s modern approach to data management, beginning with backup. Gain instant recovery.\",\"publisher\":{\"@id\":\"https:\/\/www.cohesity.com\/fr\/#organization\"},\"potentialAction\":[{\"@type\":\"SearchAction\",\"target\":{\"@type\":\"EntryPoint\",\"urlTemplate\":\"https:\/\/www.cohesity.com\/fr\/?s={search_term_string}\"},\"query-input\":{\"@type\":\"PropertyValueSpecification\",\"valueRequired\":true,\"valueName\":\"search_term_string\"}}],\"inLanguage\":\"fr-FR\"},{\"@type\":\"Organization\",\"@id\":\"https:\/\/www.cohesity.com\/fr\/#organization\",\"name\":\"Cohesity\",\"url\":\"https:\/\/www.cohesity.com\/fr\/\",\"logo\":{\"@type\":\"ImageObject\",\"inLanguage\":\"fr-FR\",\"@id\":\"https:\/\/www.cohesity.com\/fr\/#\/schema\/logo\/image\/\",\"url\":\"https:\/\/www.cohesity.com\/wp-content\/new_media\/2020\/10\/cohesity_logo.svg\",\"contentUrl\":\"https:\/\/www.cohesity.com\/wp-content\/new_media\/2020\/10\/cohesity_logo.svg\",\"width\":143,\"height\":20,\"caption\":\"Cohesity\"},\"image\":{\"@id\":\"https:\/\/www.cohesity.com\/fr\/#\/schema\/logo\/image\/\"},\"sameAs\":[\"https:\/\/www.facebook.com\/cohesity\",\"https:\/\/x.com\/cohesity\"]}]}<\/script>\n<!-- \/ Yoast SEO Premium plugin. -->","yoast_head_json":{"title":"Cyber coffre-fort de restauration | Isolation des donn\u00e9es bas\u00e9e sur le Saas | Cohesity FortKnox","description":"D\u00e9jouez les attaques par ransomware gr\u00e2ce \u00e0 un cyber coffre-fort de restauration SaaS et une solution tr\u00e8s s\u00e9curis\u00e9e bas\u00e9e sur le cloud. Prot\u00e9gez vos donn\u00e9es critiques avec Cohesity FortKnox.","robots":{"index":"index","follow":"follow","max-snippet":"max-snippet:-1","max-image-preview":"max-image-preview:large","max-video-preview":"max-video-preview:-1"},"canonical":"https:\/\/www.cohesity.com\/fr\/products\/fortknox\/","og_locale":"fr_FR","og_type":"article","og_title":"Prot\u00e9gez vos donn\u00e9es contre les ransomwares avec Cohesity FortKnox","og_description":"D\u00e9jouez les attaques par ransomware gr\u00e2ce \u00e0 une isolation des donn\u00e9es SaaS et une solution tr\u00e8s s\u00e9curis\u00e9e bas\u00e9e sur le cloud, inviolable et permettant une restauration rapide.","og_url":"https:\/\/www.cohesity.com\/fr\/products\/fortknox\/","og_site_name":"Cohesity","article_publisher":"https:\/\/www.facebook.com\/cohesity","article_modified_time":"2025-01-15T17:41:29+00:00","og_image":[{"url":"https:\/\/www.cohesity.com\/wp-content\/new_media\/2023\/07\/fortknox-og-800x400-1.png","type":"","width":"","height":""}],"twitter_card":"summary_large_image","twitter_title":"Prot\u00e9gez vos donn\u00e9es contre les ransomwares avec Cohesity FortKnox","twitter_description":"D\u00e9jouez les attaques par ransomware gr\u00e2ce \u00e0 une isolation des donn\u00e9es SaaS et une solution tr\u00e8s s\u00e9curis\u00e9e bas\u00e9e sur le cloud, inviolable et permettant une restauration rapide.","twitter_image":"https:\/\/www.cohesity.com\/wp-content\/new_media\/2023\/07\/fortknox-og-800x400-1.png","twitter_site":"@cohesity","twitter_misc":{"Est. reading time":"1 minute"},"schema":{"@context":"https:\/\/schema.org","@graph":[{"@type":"WebPage","@id":"https:\/\/www.cohesity.com\/fr\/products\/fortknox\/","url":"https:\/\/www.cohesity.com\/fr\/products\/fortknox\/","name":"Cyber coffre-fort de restauration | Isolation des donn\u00e9es bas\u00e9e sur le Saas | Cohesity FortKnox","isPartOf":{"@id":"https:\/\/www.cohesity.com\/fr\/#website"},"primaryImageOfPage":{"@id":"https:\/\/www.cohesity.com\/fr\/products\/fortknox\/#primaryimage"},"image":{"@id":"https:\/\/www.cohesity.com\/fr\/products\/fortknox\/#primaryimage"},"thumbnailUrl":"https:\/\/www.cohesity.com\/wp-content\/new_media\/2022\/05\/icon-product-fort-knox_icon-fort-knox-1.svg","datePublished":"2022-06-30T05:57:10+00:00","dateModified":"2025-01-15T17:41:29+00:00","description":"D\u00e9jouez les attaques par ransomware gr\u00e2ce \u00e0 un cyber coffre-fort de restauration SaaS et une solution tr\u00e8s s\u00e9curis\u00e9e bas\u00e9e sur le cloud. Prot\u00e9gez vos donn\u00e9es critiques avec Cohesity FortKnox.","breadcrumb":{"@id":"https:\/\/www.cohesity.com\/fr\/products\/fortknox\/#breadcrumb"},"inLanguage":"fr-FR","potentialAction":[{"@type":"ReadAction","target":["https:\/\/www.cohesity.com\/fr\/products\/fortknox\/"]}]},{"@type":"ImageObject","inLanguage":"fr-FR","@id":"https:\/\/www.cohesity.com\/fr\/products\/fortknox\/#primaryimage","url":"https:\/\/www.cohesity.com\/wp-content\/new_media\/2022\/05\/icon-product-fort-knox_icon-fort-knox-1.svg","contentUrl":"https:\/\/www.cohesity.com\/wp-content\/new_media\/2022\/05\/icon-product-fort-knox_icon-fort-knox-1.svg","caption":"FortKnox-product-icon"},{"@type":"BreadcrumbList","@id":"https:\/\/www.cohesity.com\/fr\/products\/fortknox\/#breadcrumb","itemListElement":[{"@type":"ListItem","position":1,"name":"Home","item":"https:\/\/www.cohesity.com\/fr\/"},{"@type":"ListItem","position":2,"name":"Products Overview","item":"https:\/\/www.cohesity.com\/fr\/products\/"},{"@type":"ListItem","position":3,"name":"FortKnox"}]},{"@type":"WebSite","@id":"https:\/\/www.cohesity.com\/fr\/#website","url":"https:\/\/www.cohesity.com\/fr\/","name":"Cohesity","description":"Eliminate mass data fragmentation with Cohesity\u2019s modern approach to data management, beginning with backup. Gain instant recovery.","publisher":{"@id":"https:\/\/www.cohesity.com\/fr\/#organization"},"potentialAction":[{"@type":"SearchAction","target":{"@type":"EntryPoint","urlTemplate":"https:\/\/www.cohesity.com\/fr\/?s={search_term_string}"},"query-input":{"@type":"PropertyValueSpecification","valueRequired":true,"valueName":"search_term_string"}}],"inLanguage":"fr-FR"},{"@type":"Organization","@id":"https:\/\/www.cohesity.com\/fr\/#organization","name":"Cohesity","url":"https:\/\/www.cohesity.com\/fr\/","logo":{"@type":"ImageObject","inLanguage":"fr-FR","@id":"https:\/\/www.cohesity.com\/fr\/#\/schema\/logo\/image\/","url":"https:\/\/www.cohesity.com\/wp-content\/new_media\/2020\/10\/cohesity_logo.svg","contentUrl":"https:\/\/www.cohesity.com\/wp-content\/new_media\/2020\/10\/cohesity_logo.svg","width":143,"height":20,"caption":"Cohesity"},"image":{"@id":"https:\/\/www.cohesity.com\/fr\/#\/schema\/logo\/image\/"},"sameAs":["https:\/\/www.facebook.com\/cohesity","https:\/\/x.com\/cohesity"]}]}},"_links":{"self":[{"href":"https:\/\/www.cohesity.com\/fr\/wp-json\/wp\/v2\/pages\/149500","targetHints":{"allow":["GET"]}}],"collection":[{"href":"https:\/\/www.cohesity.com\/fr\/wp-json\/wp\/v2\/pages"}],"about":[{"href":"https:\/\/www.cohesity.com\/fr\/wp-json\/wp\/v2\/types\/page"}],"author":[{"embeddable":true,"href":"https:\/\/www.cohesity.com\/fr\/wp-json\/wp\/v2\/users\/7"}],"replies":[{"embeddable":true,"href":"https:\/\/www.cohesity.com\/fr\/wp-json\/wp\/v2\/comments?post=149500"}],"version-history":[{"count":9,"href":"https:\/\/www.cohesity.com\/fr\/wp-json\/wp\/v2\/pages\/149500\/revisions"}],"predecessor-version":[{"id":273079,"href":"https:\/\/www.cohesity.com\/fr\/wp-json\/wp\/v2\/pages\/149500\/revisions\/273079"}],"up":[{"embeddable":true,"href":"https:\/\/www.cohesity.com\/fr\/wp-json\/wp\/v2\/pages\/42833"}],"wp:featuredmedia":[{"embeddable":true,"href":"https:\/\/www.cohesity.com\/fr\/wp-json\/wp\/v2\/media\/139025"}],"wp:attachment":[{"href":"https:\/\/www.cohesity.com\/fr\/wp-json\/wp\/v2\/media?parent=149500"}],"curies":[{"name":"wp","href":"https:\/\/api.w.org\/{rel}","templated":true}]}}