{"id":169821,"date":"2022-12-06T16:41:09","date_gmt":"2022-12-07T00:41:09","guid":{"rendered":"https:\/\/www.cohesity.com\/products\/datahawk\/"},"modified":"2025-09-23T14:49:24","modified_gmt":"2025-09-23T21:49:24","slug":"datahawk","status":"publish","type":"page","link":"https:\/\/www.cohesity.com\/fr\/products\/datahawk\/","title":{"rendered":"DataHawk"},"content":{"rendered":"","protected":false},"excerpt":{"rendered":"","protected":false},"author":7,"featured_media":166076,"parent":42833,"menu_order":0,"comment_status":"closed","ping_status":"closed","template":"template-products-redesign.php","meta":{"_acf_changed":false,"_oasis_is_in_workflow":0,"_oasis_original":0,"_oasis_task_priority":"","inline_featured_image":false,"footnotes":""},"class_list":["post-169821","page","type-page","status-publish","has-post-thumbnail","hentry"],"acf":[],"yoast_head":"<!-- This site is optimized with the Yoast SEO Premium plugin v23.2 (Yoast SEO v24.5) - https:\/\/yoast.com\/wordpress\/plugins\/seo\/ -->\n<title>Protection et conformit\u00e9 de la s\u00e9curit\u00e9 des donn\u00e9es | Cohesity DataHawk<\/title>\n<meta name=\"description\" content=\"B\u00e9n\u00e9ficiez d&#039;une s\u00e9curit\u00e9 et d&#039;une conformit\u00e9 avanc\u00e9es des donn\u00e9es avec Cohesity DataHawk, un outil qui vous prot\u00e8ge contre les ransomwares, d\u00e9tecte les menaces et offre une classification des donn\u00e9es aliment\u00e9e par le machine learning (ML). S\u00e9curisez vos donn\u00e9es en toute confiance.\" \/>\n<meta name=\"robots\" content=\"index, follow, max-snippet:-1, max-image-preview:large, max-video-preview:-1\" \/>\n<link rel=\"canonical\" href=\"https:\/\/www.cohesity.com\/fr\/products\/datahawk\/\" \/>\n<meta property=\"og:locale\" content=\"fr_FR\" \/>\n<meta property=\"og:type\" content=\"article\" \/>\n<meta property=\"og:title\" content=\"Prot\u00e9gez vous contre les ransomwares avec Cohesity DataHawk\" \/>\n<meta property=\"og:description\" content=\"Centralisez la commande et le contr\u00f4le des capacit\u00e9s de protection, de d\u00e9tection et de r\u00e9ponse, et utilisez la veille et l&#039;analyse des menaces, l\u2019isolation des donn\u00e9es, et la classification des donn\u00e9es aliment\u00e9e par le ML pour vous prot\u00e9ger contre les ransomwares.\" \/>\n<meta property=\"og:url\" content=\"https:\/\/www.cohesity.com\/fr\/products\/datahawk\/\" \/>\n<meta property=\"og:site_name\" content=\"Cohesity\" \/>\n<meta property=\"article:publisher\" content=\"https:\/\/www.facebook.com\/cohesity\" \/>\n<meta property=\"article:modified_time\" content=\"2025-09-23T21:49:24+00:00\" \/>\n<meta property=\"og:image\" content=\"https:\/\/www.cohesity.com\/wp-content\/new_media\/2023\/07\/datahawk-og.png\" \/>\n<meta name=\"twitter:card\" content=\"summary_large_image\" \/>\n<meta name=\"twitter:title\" content=\"Prot\u00e9gez-vous contre les ransomwares avec Cohesity DataHawk\" \/>\n<meta name=\"twitter:description\" content=\"Centralisez la commande et le contr\u00f4le des capacit\u00e9s de protection, de d\u00e9tection et de r\u00e9ponse, et utilisez la veille et l&#039;analyse des menaces, l\u2019isolation des donn\u00e9es, et la classification des donn\u00e9es aliment\u00e9e par le ML pour vous prot\u00e9ger contre les ransomwares.\" \/>\n<meta name=\"twitter:image\" content=\"https:\/\/www.cohesity.com\/wp-content\/new_media\/2023\/07\/datahawk-og.png\" \/>\n<meta name=\"twitter:site\" content=\"@cohesity\" \/>\n<meta name=\"twitter:label1\" content=\"Est. reading time\" \/>\n\t<meta name=\"twitter:data1\" content=\"1 minute\" \/>\n<script type=\"application\/ld+json\" class=\"yoast-schema-graph\">{\"@context\":\"https:\/\/schema.org\",\"@graph\":[{\"@type\":\"WebPage\",\"@id\":\"https:\/\/www.cohesity.com\/fr\/products\/datahawk\/\",\"url\":\"https:\/\/www.cohesity.com\/fr\/products\/datahawk\/\",\"name\":\"Protection et conformit\u00e9 de la s\u00e9curit\u00e9 des donn\u00e9es | Cohesity DataHawk\",\"isPartOf\":{\"@id\":\"https:\/\/www.cohesity.com\/fr\/#website\"},\"primaryImageOfPage\":{\"@id\":\"https:\/\/www.cohesity.com\/fr\/products\/datahawk\/#primaryimage\"},\"image\":{\"@id\":\"https:\/\/www.cohesity.com\/fr\/products\/datahawk\/#primaryimage\"},\"thumbnailUrl\":\"https:\/\/www.cohesity.com\/wp-content\/new_media\/2022\/11\/datahawk-product-icon.svg\",\"datePublished\":\"2022-12-07T00:41:09+00:00\",\"dateModified\":\"2025-09-23T21:49:24+00:00\",\"description\":\"B\u00e9n\u00e9ficiez d'une s\u00e9curit\u00e9 et d'une conformit\u00e9 avanc\u00e9es des donn\u00e9es avec Cohesity DataHawk, un outil qui vous prot\u00e8ge contre les ransomwares, d\u00e9tecte les menaces et offre une classification des donn\u00e9es aliment\u00e9e par le machine learning (ML). S\u00e9curisez vos donn\u00e9es en toute confiance.\",\"breadcrumb\":{\"@id\":\"https:\/\/www.cohesity.com\/fr\/products\/datahawk\/#breadcrumb\"},\"inLanguage\":\"fr-FR\",\"potentialAction\":[{\"@type\":\"ReadAction\",\"target\":[\"https:\/\/www.cohesity.com\/fr\/products\/datahawk\/\"]}]},{\"@type\":\"ImageObject\",\"inLanguage\":\"fr-FR\",\"@id\":\"https:\/\/www.cohesity.com\/fr\/products\/datahawk\/#primaryimage\",\"url\":\"https:\/\/www.cohesity.com\/wp-content\/new_media\/2022\/11\/datahawk-product-icon.svg\",\"contentUrl\":\"https:\/\/www.cohesity.com\/wp-content\/new_media\/2022\/11\/datahawk-product-icon.svg\",\"caption\":\"Ic\u00f4ne du produit DataHawk\"},{\"@type\":\"BreadcrumbList\",\"@id\":\"https:\/\/www.cohesity.com\/fr\/products\/datahawk\/#breadcrumb\",\"itemListElement\":[{\"@type\":\"ListItem\",\"position\":1,\"name\":\"Home\",\"item\":\"https:\/\/www.cohesity.com\/fr\/\"},{\"@type\":\"ListItem\",\"position\":2,\"name\":\"Products Overview\",\"item\":\"https:\/\/www.cohesity.com\/fr\/products\/\"},{\"@type\":\"ListItem\",\"position\":3,\"name\":\"DataHawk\"}]},{\"@type\":\"WebSite\",\"@id\":\"https:\/\/www.cohesity.com\/fr\/#website\",\"url\":\"https:\/\/www.cohesity.com\/fr\/\",\"name\":\"Cohesity\",\"description\":\"Eliminate mass data fragmentation with Cohesity\u2019s modern approach to data management, beginning with backup. Gain instant recovery.\",\"publisher\":{\"@id\":\"https:\/\/www.cohesity.com\/fr\/#organization\"},\"potentialAction\":[{\"@type\":\"SearchAction\",\"target\":{\"@type\":\"EntryPoint\",\"urlTemplate\":\"https:\/\/www.cohesity.com\/fr\/?s={search_term_string}\"},\"query-input\":{\"@type\":\"PropertyValueSpecification\",\"valueRequired\":true,\"valueName\":\"search_term_string\"}}],\"inLanguage\":\"fr-FR\"},{\"@type\":\"Organization\",\"@id\":\"https:\/\/www.cohesity.com\/fr\/#organization\",\"name\":\"Cohesity\",\"url\":\"https:\/\/www.cohesity.com\/fr\/\",\"logo\":{\"@type\":\"ImageObject\",\"inLanguage\":\"fr-FR\",\"@id\":\"https:\/\/www.cohesity.com\/fr\/#\/schema\/logo\/image\/\",\"url\":\"https:\/\/www.cohesity.com\/wp-content\/new_media\/2020\/10\/cohesity_logo.svg\",\"contentUrl\":\"https:\/\/www.cohesity.com\/wp-content\/new_media\/2020\/10\/cohesity_logo.svg\",\"width\":143,\"height\":20,\"caption\":\"Cohesity\"},\"image\":{\"@id\":\"https:\/\/www.cohesity.com\/fr\/#\/schema\/logo\/image\/\"},\"sameAs\":[\"https:\/\/www.facebook.com\/cohesity\",\"https:\/\/x.com\/cohesity\"]}]}<\/script>\n<!-- \/ Yoast SEO Premium plugin. -->","yoast_head_json":{"title":"Protection et conformit\u00e9 de la s\u00e9curit\u00e9 des donn\u00e9es | Cohesity DataHawk","description":"B\u00e9n\u00e9ficiez d'une s\u00e9curit\u00e9 et d'une conformit\u00e9 avanc\u00e9es des donn\u00e9es avec Cohesity DataHawk, un outil qui vous prot\u00e8ge contre les ransomwares, d\u00e9tecte les menaces et offre une classification des donn\u00e9es aliment\u00e9e par le machine learning (ML). S\u00e9curisez vos donn\u00e9es en toute confiance.","robots":{"index":"index","follow":"follow","max-snippet":"max-snippet:-1","max-image-preview":"max-image-preview:large","max-video-preview":"max-video-preview:-1"},"canonical":"https:\/\/www.cohesity.com\/fr\/products\/datahawk\/","og_locale":"fr_FR","og_type":"article","og_title":"Prot\u00e9gez vous contre les ransomwares avec Cohesity DataHawk","og_description":"Centralisez la commande et le contr\u00f4le des capacit\u00e9s de protection, de d\u00e9tection et de r\u00e9ponse, et utilisez la veille et l'analyse des menaces, l\u2019isolation des donn\u00e9es, et la classification des donn\u00e9es aliment\u00e9e par le ML pour vous prot\u00e9ger contre les ransomwares.","og_url":"https:\/\/www.cohesity.com\/fr\/products\/datahawk\/","og_site_name":"Cohesity","article_publisher":"https:\/\/www.facebook.com\/cohesity","article_modified_time":"2025-09-23T21:49:24+00:00","og_image":[{"url":"https:\/\/www.cohesity.com\/wp-content\/new_media\/2023\/07\/datahawk-og.png","type":"","width":"","height":""}],"twitter_card":"summary_large_image","twitter_title":"Prot\u00e9gez-vous contre les ransomwares avec Cohesity DataHawk","twitter_description":"Centralisez la commande et le contr\u00f4le des capacit\u00e9s de protection, de d\u00e9tection et de r\u00e9ponse, et utilisez la veille et l'analyse des menaces, l\u2019isolation des donn\u00e9es, et la classification des donn\u00e9es aliment\u00e9e par le ML pour vous prot\u00e9ger contre les ransomwares.","twitter_image":"https:\/\/www.cohesity.com\/wp-content\/new_media\/2023\/07\/datahawk-og.png","twitter_site":"@cohesity","twitter_misc":{"Est. reading time":"1 minute"},"schema":{"@context":"https:\/\/schema.org","@graph":[{"@type":"WebPage","@id":"https:\/\/www.cohesity.com\/fr\/products\/datahawk\/","url":"https:\/\/www.cohesity.com\/fr\/products\/datahawk\/","name":"Protection et conformit\u00e9 de la s\u00e9curit\u00e9 des donn\u00e9es | Cohesity DataHawk","isPartOf":{"@id":"https:\/\/www.cohesity.com\/fr\/#website"},"primaryImageOfPage":{"@id":"https:\/\/www.cohesity.com\/fr\/products\/datahawk\/#primaryimage"},"image":{"@id":"https:\/\/www.cohesity.com\/fr\/products\/datahawk\/#primaryimage"},"thumbnailUrl":"https:\/\/www.cohesity.com\/wp-content\/new_media\/2022\/11\/datahawk-product-icon.svg","datePublished":"2022-12-07T00:41:09+00:00","dateModified":"2025-09-23T21:49:24+00:00","description":"B\u00e9n\u00e9ficiez d'une s\u00e9curit\u00e9 et d'une conformit\u00e9 avanc\u00e9es des donn\u00e9es avec Cohesity DataHawk, un outil qui vous prot\u00e8ge contre les ransomwares, d\u00e9tecte les menaces et offre une classification des donn\u00e9es aliment\u00e9e par le machine learning (ML). S\u00e9curisez vos donn\u00e9es en toute confiance.","breadcrumb":{"@id":"https:\/\/www.cohesity.com\/fr\/products\/datahawk\/#breadcrumb"},"inLanguage":"fr-FR","potentialAction":[{"@type":"ReadAction","target":["https:\/\/www.cohesity.com\/fr\/products\/datahawk\/"]}]},{"@type":"ImageObject","inLanguage":"fr-FR","@id":"https:\/\/www.cohesity.com\/fr\/products\/datahawk\/#primaryimage","url":"https:\/\/www.cohesity.com\/wp-content\/new_media\/2022\/11\/datahawk-product-icon.svg","contentUrl":"https:\/\/www.cohesity.com\/wp-content\/new_media\/2022\/11\/datahawk-product-icon.svg","caption":"Ic\u00f4ne du produit DataHawk"},{"@type":"BreadcrumbList","@id":"https:\/\/www.cohesity.com\/fr\/products\/datahawk\/#breadcrumb","itemListElement":[{"@type":"ListItem","position":1,"name":"Home","item":"https:\/\/www.cohesity.com\/fr\/"},{"@type":"ListItem","position":2,"name":"Products Overview","item":"https:\/\/www.cohesity.com\/fr\/products\/"},{"@type":"ListItem","position":3,"name":"DataHawk"}]},{"@type":"WebSite","@id":"https:\/\/www.cohesity.com\/fr\/#website","url":"https:\/\/www.cohesity.com\/fr\/","name":"Cohesity","description":"Eliminate mass data fragmentation with Cohesity\u2019s modern approach to data management, beginning with backup. Gain instant recovery.","publisher":{"@id":"https:\/\/www.cohesity.com\/fr\/#organization"},"potentialAction":[{"@type":"SearchAction","target":{"@type":"EntryPoint","urlTemplate":"https:\/\/www.cohesity.com\/fr\/?s={search_term_string}"},"query-input":{"@type":"PropertyValueSpecification","valueRequired":true,"valueName":"search_term_string"}}],"inLanguage":"fr-FR"},{"@type":"Organization","@id":"https:\/\/www.cohesity.com\/fr\/#organization","name":"Cohesity","url":"https:\/\/www.cohesity.com\/fr\/","logo":{"@type":"ImageObject","inLanguage":"fr-FR","@id":"https:\/\/www.cohesity.com\/fr\/#\/schema\/logo\/image\/","url":"https:\/\/www.cohesity.com\/wp-content\/new_media\/2020\/10\/cohesity_logo.svg","contentUrl":"https:\/\/www.cohesity.com\/wp-content\/new_media\/2020\/10\/cohesity_logo.svg","width":143,"height":20,"caption":"Cohesity"},"image":{"@id":"https:\/\/www.cohesity.com\/fr\/#\/schema\/logo\/image\/"},"sameAs":["https:\/\/www.facebook.com\/cohesity","https:\/\/x.com\/cohesity"]}]}},"_links":{"self":[{"href":"https:\/\/www.cohesity.com\/fr\/wp-json\/wp\/v2\/pages\/169821","targetHints":{"allow":["GET"]}}],"collection":[{"href":"https:\/\/www.cohesity.com\/fr\/wp-json\/wp\/v2\/pages"}],"about":[{"href":"https:\/\/www.cohesity.com\/fr\/wp-json\/wp\/v2\/types\/page"}],"author":[{"embeddable":true,"href":"https:\/\/www.cohesity.com\/fr\/wp-json\/wp\/v2\/users\/7"}],"replies":[{"embeddable":true,"href":"https:\/\/www.cohesity.com\/fr\/wp-json\/wp\/v2\/comments?post=169821"}],"version-history":[{"count":6,"href":"https:\/\/www.cohesity.com\/fr\/wp-json\/wp\/v2\/pages\/169821\/revisions"}],"predecessor-version":[{"id":290071,"href":"https:\/\/www.cohesity.com\/fr\/wp-json\/wp\/v2\/pages\/169821\/revisions\/290071"}],"up":[{"embeddable":true,"href":"https:\/\/www.cohesity.com\/fr\/wp-json\/wp\/v2\/pages\/42833"}],"wp:featuredmedia":[{"embeddable":true,"href":"https:\/\/www.cohesity.com\/fr\/wp-json\/wp\/v2\/media\/166076"}],"wp:attachment":[{"href":"https:\/\/www.cohesity.com\/fr\/wp-json\/wp\/v2\/media?parent=169821"}],"curies":[{"name":"wp","href":"https:\/\/api.w.org\/{rel}","templated":true}]}}