{"id":175335,"date":"2023-01-11T14:09:16","date_gmt":"2023-01-11T22:09:16","guid":{"rendered":"https:\/\/www.cohesity.com\/products\/services-cloud-cohesity\/"},"modified":"2024-08-09T00:07:44","modified_gmt":"2024-08-09T07:07:44","slug":"cloud-services","status":"publish","type":"page","link":"https:\/\/www.cohesity.com\/fr\/products\/cloud-services\/","title":{"rendered":"Cohesity Cloud Services"},"content":{"rendered":"","protected":false},"excerpt":{"rendered":"","protected":false},"author":7,"featured_media":169114,"parent":42833,"menu_order":0,"comment_status":"closed","ping_status":"closed","template":"template-products-redesign.php","meta":{"_acf_changed":false,"_oasis_is_in_workflow":0,"_oasis_original":0,"_oasis_task_priority":"","inline_featured_image":false,"footnotes":""},"class_list":["post-175335","page","type-page","status-publish","has-post-thumbnail","hentry"],"acf":[],"yoast_head":"<!-- This site is optimized with the Yoast SEO Premium plugin v23.2 (Yoast SEO v24.5) - https:\/\/yoast.com\/wordpress\/plugins\/seo\/ -->\n<title>Services de donn\u00e9es dans le cloud | Services cloud Cohesity<\/title>\n<meta name=\"description\" content=\"\u00c9liminez les silos de donn\u00e9es gr\u00e2ce \u00e0 nos offres de services de donn\u00e9es dans le cloud. Les services cloud Cohesity comprennent le BaaS, l\u2019isolation des donn\u00e9es, le DRaas et la d\u00e9fense contre les menaces.\" \/>\n<meta name=\"robots\" content=\"index, follow, max-snippet:-1, max-image-preview:large, max-video-preview:-1\" \/>\n<link rel=\"canonical\" href=\"https:\/\/www.cohesity.com\/fr\/products\/cloud-services\/\" \/>\n<meta property=\"og:locale\" content=\"fr_FR\" \/>\n<meta property=\"og:type\" content=\"article\" \/>\n<meta property=\"og:title\" content=\"Services de s\u00e9curit\u00e9 et de gestion des donn\u00e9es enti\u00e8rement g\u00e9r\u00e9s.\" \/>\n<meta property=\"og:description\" content=\"Services de s\u00e9curit\u00e9 et de gestion des donn\u00e9es g\u00e9r\u00e9s par Cohesity (BaaS, isolation des donn\u00e9es, d\u00e9fense contre les menaces et DRaaS).\" \/>\n<meta property=\"og:url\" content=\"https:\/\/www.cohesity.com\/fr\/products\/cloud-services\/\" \/>\n<meta property=\"og:site_name\" content=\"Cohesity\" \/>\n<meta property=\"article:publisher\" content=\"https:\/\/www.facebook.com\/cohesity\" \/>\n<meta property=\"article:modified_time\" content=\"2024-08-09T07:07:44+00:00\" \/>\n<meta property=\"og:image\" content=\"https:\/\/www.cohesity.com\/wp-content\/new_media\/2023\/07\/cohesity-cloud-services-OG-800x400-1.png\" \/>\n<meta name=\"twitter:card\" content=\"summary_large_image\" \/>\n<meta name=\"twitter:title\" content=\"Une gestion simplifi\u00e9e des donn\u00e9es gr\u00e2ce aux services cloud Cohesity\" \/>\n<meta name=\"twitter:description\" content=\"Services de s\u00e9curit\u00e9 et de gestion des donn\u00e9es g\u00e9r\u00e9s par Cohesity. BaaS, DRaaS, isolation des donn\u00e9es, renseignement sur les menaces et classification des donn\u00e9es \u00e0 la demande.\" \/>\n<meta name=\"twitter:image\" content=\"https:\/\/www.cohesity.com\/wp-content\/new_media\/2023\/07\/cohesity-cloud-services-OG-800x400-1.png\" \/>\n<meta name=\"twitter:site\" content=\"@cohesity\" \/>\n<meta name=\"twitter:label1\" content=\"Est. reading time\" \/>\n\t<meta name=\"twitter:data1\" content=\"1 minute\" \/>\n<script type=\"application\/ld+json\" class=\"yoast-schema-graph\">{\"@context\":\"https:\/\/schema.org\",\"@graph\":[{\"@type\":\"WebPage\",\"@id\":\"https:\/\/www.cohesity.com\/fr\/products\/cloud-services\/\",\"url\":\"https:\/\/www.cohesity.com\/fr\/products\/cloud-services\/\",\"name\":\"Services de donn\u00e9es dans le cloud | Services cloud Cohesity\",\"isPartOf\":{\"@id\":\"https:\/\/www.cohesity.com\/fr\/#website\"},\"primaryImageOfPage\":{\"@id\":\"https:\/\/www.cohesity.com\/fr\/products\/cloud-services\/#primaryimage\"},\"image\":{\"@id\":\"https:\/\/www.cohesity.com\/fr\/products\/cloud-services\/#primaryimage\"},\"thumbnailUrl\":\"https:\/\/www.cohesity.com\/wp-content\/new_media\/2022\/11\/cloud-services-product-icon.svg\",\"datePublished\":\"2023-01-11T22:09:16+00:00\",\"dateModified\":\"2024-08-09T07:07:44+00:00\",\"description\":\"\u00c9liminez les silos de donn\u00e9es gr\u00e2ce \u00e0 nos offres de services de donn\u00e9es dans le cloud. Les services cloud Cohesity comprennent le BaaS, l\u2019isolation des donn\u00e9es, le DRaas et la d\u00e9fense contre les menaces.\",\"breadcrumb\":{\"@id\":\"https:\/\/www.cohesity.com\/fr\/products\/cloud-services\/#breadcrumb\"},\"inLanguage\":\"fr-FR\",\"potentialAction\":[{\"@type\":\"ReadAction\",\"target\":[\"https:\/\/www.cohesity.com\/fr\/products\/cloud-services\/\"]}]},{\"@type\":\"ImageObject\",\"inLanguage\":\"fr-FR\",\"@id\":\"https:\/\/www.cohesity.com\/fr\/products\/cloud-services\/#primaryimage\",\"url\":\"https:\/\/www.cohesity.com\/wp-content\/new_media\/2022\/11\/cloud-services-product-icon.svg\",\"contentUrl\":\"https:\/\/www.cohesity.com\/wp-content\/new_media\/2022\/11\/cloud-services-product-icon.svg\",\"caption\":\"Cohesity Cloud Services Icon\"},{\"@type\":\"BreadcrumbList\",\"@id\":\"https:\/\/www.cohesity.com\/fr\/products\/cloud-services\/#breadcrumb\",\"itemListElement\":[{\"@type\":\"ListItem\",\"position\":1,\"name\":\"Home\",\"item\":\"https:\/\/www.cohesity.com\/fr\/\"},{\"@type\":\"ListItem\",\"position\":2,\"name\":\"Products Overview\",\"item\":\"https:\/\/www.cohesity.com\/fr\/products\/\"},{\"@type\":\"ListItem\",\"position\":3,\"name\":\"Cohesity Cloud Services\"}]},{\"@type\":\"WebSite\",\"@id\":\"https:\/\/www.cohesity.com\/fr\/#website\",\"url\":\"https:\/\/www.cohesity.com\/fr\/\",\"name\":\"Cohesity\",\"description\":\"Eliminate mass data fragmentation with Cohesity\u2019s modern approach to data management, beginning with backup. Gain instant recovery.\",\"publisher\":{\"@id\":\"https:\/\/www.cohesity.com\/fr\/#organization\"},\"potentialAction\":[{\"@type\":\"SearchAction\",\"target\":{\"@type\":\"EntryPoint\",\"urlTemplate\":\"https:\/\/www.cohesity.com\/fr\/?s={search_term_string}\"},\"query-input\":{\"@type\":\"PropertyValueSpecification\",\"valueRequired\":true,\"valueName\":\"search_term_string\"}}],\"inLanguage\":\"fr-FR\"},{\"@type\":\"Organization\",\"@id\":\"https:\/\/www.cohesity.com\/fr\/#organization\",\"name\":\"Cohesity\",\"url\":\"https:\/\/www.cohesity.com\/fr\/\",\"logo\":{\"@type\":\"ImageObject\",\"inLanguage\":\"fr-FR\",\"@id\":\"https:\/\/www.cohesity.com\/fr\/#\/schema\/logo\/image\/\",\"url\":\"https:\/\/www.cohesity.com\/wp-content\/new_media\/2020\/10\/cohesity_logo.svg\",\"contentUrl\":\"https:\/\/www.cohesity.com\/wp-content\/new_media\/2020\/10\/cohesity_logo.svg\",\"width\":143,\"height\":20,\"caption\":\"Cohesity\"},\"image\":{\"@id\":\"https:\/\/www.cohesity.com\/fr\/#\/schema\/logo\/image\/\"},\"sameAs\":[\"https:\/\/www.facebook.com\/cohesity\",\"https:\/\/x.com\/cohesity\"]}]}<\/script>\n<!-- \/ Yoast SEO Premium plugin. -->","yoast_head_json":{"title":"Services de donn\u00e9es dans le cloud | Services cloud Cohesity","description":"\u00c9liminez les silos de donn\u00e9es gr\u00e2ce \u00e0 nos offres de services de donn\u00e9es dans le cloud. Les services cloud Cohesity comprennent le BaaS, l\u2019isolation des donn\u00e9es, le DRaas et la d\u00e9fense contre les menaces.","robots":{"index":"index","follow":"follow","max-snippet":"max-snippet:-1","max-image-preview":"max-image-preview:large","max-video-preview":"max-video-preview:-1"},"canonical":"https:\/\/www.cohesity.com\/fr\/products\/cloud-services\/","og_locale":"fr_FR","og_type":"article","og_title":"Services de s\u00e9curit\u00e9 et de gestion des donn\u00e9es enti\u00e8rement g\u00e9r\u00e9s.","og_description":"Services de s\u00e9curit\u00e9 et de gestion des donn\u00e9es g\u00e9r\u00e9s par Cohesity (BaaS, isolation des donn\u00e9es, d\u00e9fense contre les menaces et DRaaS).","og_url":"https:\/\/www.cohesity.com\/fr\/products\/cloud-services\/","og_site_name":"Cohesity","article_publisher":"https:\/\/www.facebook.com\/cohesity","article_modified_time":"2024-08-09T07:07:44+00:00","og_image":[{"url":"https:\/\/www.cohesity.com\/wp-content\/new_media\/2023\/07\/cohesity-cloud-services-OG-800x400-1.png","type":"","width":"","height":""}],"twitter_card":"summary_large_image","twitter_title":"Une gestion simplifi\u00e9e des donn\u00e9es gr\u00e2ce aux services cloud Cohesity","twitter_description":"Services de s\u00e9curit\u00e9 et de gestion des donn\u00e9es g\u00e9r\u00e9s par Cohesity. BaaS, DRaaS, isolation des donn\u00e9es, renseignement sur les menaces et classification des donn\u00e9es \u00e0 la demande.","twitter_image":"https:\/\/www.cohesity.com\/wp-content\/new_media\/2023\/07\/cohesity-cloud-services-OG-800x400-1.png","twitter_site":"@cohesity","twitter_misc":{"Est. reading time":"1 minute"},"schema":{"@context":"https:\/\/schema.org","@graph":[{"@type":"WebPage","@id":"https:\/\/www.cohesity.com\/fr\/products\/cloud-services\/","url":"https:\/\/www.cohesity.com\/fr\/products\/cloud-services\/","name":"Services de donn\u00e9es dans le cloud | Services cloud Cohesity","isPartOf":{"@id":"https:\/\/www.cohesity.com\/fr\/#website"},"primaryImageOfPage":{"@id":"https:\/\/www.cohesity.com\/fr\/products\/cloud-services\/#primaryimage"},"image":{"@id":"https:\/\/www.cohesity.com\/fr\/products\/cloud-services\/#primaryimage"},"thumbnailUrl":"https:\/\/www.cohesity.com\/wp-content\/new_media\/2022\/11\/cloud-services-product-icon.svg","datePublished":"2023-01-11T22:09:16+00:00","dateModified":"2024-08-09T07:07:44+00:00","description":"\u00c9liminez les silos de donn\u00e9es gr\u00e2ce \u00e0 nos offres de services de donn\u00e9es dans le cloud. Les services cloud Cohesity comprennent le BaaS, l\u2019isolation des donn\u00e9es, le DRaas et la d\u00e9fense contre les menaces.","breadcrumb":{"@id":"https:\/\/www.cohesity.com\/fr\/products\/cloud-services\/#breadcrumb"},"inLanguage":"fr-FR","potentialAction":[{"@type":"ReadAction","target":["https:\/\/www.cohesity.com\/fr\/products\/cloud-services\/"]}]},{"@type":"ImageObject","inLanguage":"fr-FR","@id":"https:\/\/www.cohesity.com\/fr\/products\/cloud-services\/#primaryimage","url":"https:\/\/www.cohesity.com\/wp-content\/new_media\/2022\/11\/cloud-services-product-icon.svg","contentUrl":"https:\/\/www.cohesity.com\/wp-content\/new_media\/2022\/11\/cloud-services-product-icon.svg","caption":"Cohesity Cloud Services Icon"},{"@type":"BreadcrumbList","@id":"https:\/\/www.cohesity.com\/fr\/products\/cloud-services\/#breadcrumb","itemListElement":[{"@type":"ListItem","position":1,"name":"Home","item":"https:\/\/www.cohesity.com\/fr\/"},{"@type":"ListItem","position":2,"name":"Products Overview","item":"https:\/\/www.cohesity.com\/fr\/products\/"},{"@type":"ListItem","position":3,"name":"Cohesity Cloud Services"}]},{"@type":"WebSite","@id":"https:\/\/www.cohesity.com\/fr\/#website","url":"https:\/\/www.cohesity.com\/fr\/","name":"Cohesity","description":"Eliminate mass data fragmentation with Cohesity\u2019s modern approach to data management, beginning with backup. Gain instant recovery.","publisher":{"@id":"https:\/\/www.cohesity.com\/fr\/#organization"},"potentialAction":[{"@type":"SearchAction","target":{"@type":"EntryPoint","urlTemplate":"https:\/\/www.cohesity.com\/fr\/?s={search_term_string}"},"query-input":{"@type":"PropertyValueSpecification","valueRequired":true,"valueName":"search_term_string"}}],"inLanguage":"fr-FR"},{"@type":"Organization","@id":"https:\/\/www.cohesity.com\/fr\/#organization","name":"Cohesity","url":"https:\/\/www.cohesity.com\/fr\/","logo":{"@type":"ImageObject","inLanguage":"fr-FR","@id":"https:\/\/www.cohesity.com\/fr\/#\/schema\/logo\/image\/","url":"https:\/\/www.cohesity.com\/wp-content\/new_media\/2020\/10\/cohesity_logo.svg","contentUrl":"https:\/\/www.cohesity.com\/wp-content\/new_media\/2020\/10\/cohesity_logo.svg","width":143,"height":20,"caption":"Cohesity"},"image":{"@id":"https:\/\/www.cohesity.com\/fr\/#\/schema\/logo\/image\/"},"sameAs":["https:\/\/www.facebook.com\/cohesity","https:\/\/x.com\/cohesity"]}]}},"_links":{"self":[{"href":"https:\/\/www.cohesity.com\/fr\/wp-json\/wp\/v2\/pages\/175335","targetHints":{"allow":["GET"]}}],"collection":[{"href":"https:\/\/www.cohesity.com\/fr\/wp-json\/wp\/v2\/pages"}],"about":[{"href":"https:\/\/www.cohesity.com\/fr\/wp-json\/wp\/v2\/types\/page"}],"author":[{"embeddable":true,"href":"https:\/\/www.cohesity.com\/fr\/wp-json\/wp\/v2\/users\/7"}],"replies":[{"embeddable":true,"href":"https:\/\/www.cohesity.com\/fr\/wp-json\/wp\/v2\/comments?post=175335"}],"version-history":[{"count":0,"href":"https:\/\/www.cohesity.com\/fr\/wp-json\/wp\/v2\/pages\/175335\/revisions"}],"up":[{"embeddable":true,"href":"https:\/\/www.cohesity.com\/fr\/wp-json\/wp\/v2\/pages\/42833"}],"wp:featuredmedia":[{"embeddable":true,"href":"https:\/\/www.cohesity.com\/fr\/wp-json\/wp\/v2\/media\/169114"}],"wp:attachment":[{"href":"https:\/\/www.cohesity.com\/fr\/wp-json\/wp\/v2\/media?parent=175335"}],"curies":[{"name":"wp","href":"https:\/\/api.w.org\/{rel}","templated":true}]}}