{"id":184550,"date":"2023-03-21T14:04:15","date_gmt":"2023-03-21T21:04:15","guid":{"rendered":"https:\/\/www.cohesity.com\/dm\/essai-gratuit-de-la-sauvegarde-a-la-demande-dans-le-cloud\/"},"modified":"2023-04-05T07:39:15","modified_gmt":"2023-04-05T14:39:15","slug":"cloud-backup-as-a-service-free-trial","status":"publish","type":"page","link":"https:\/\/www.cohesity.com\/fr\/dm\/cloud-backup-as-a-service-free-trial\/","title":{"rendered":"Essai gratuit de la sauvegarde \u00e0 la demande dans le cloud"},"content":{"rendered":"","protected":false},"excerpt":{"rendered":"","protected":false},"author":6,"featured_media":0,"parent":56522,"menu_order":0,"comment_status":"closed","ping_status":"closed","template":"template-generic.php","meta":{"_acf_changed":false,"_oasis_is_in_workflow":0,"_oasis_original":0,"_oasis_task_priority":"","inline_featured_image":false,"footnotes":""},"class_list":["post-184550","page","type-page","status-publish","hentry"],"acf":[],"yoast_head":"<!-- This site is optimized with the Yoast SEO Premium plugin v23.2 (Yoast SEO v24.5) - https:\/\/yoast.com\/wordpress\/plugins\/seo\/ -->\n<title>Essai gratuit de la sauvegarde \u00e0 la demande de Cohesity pendant 30\u00a0jours<\/title>\n<meta name=\"description\" content=\"Commencez vos 30\u00a0jours d\u2019essai gratuit de la solution de pointe de sauvegarde \u00e0 la demande. D\u00e9couvrez un service vraiment simple, gagnez en s\u00e9r\u00e9nit\u00e9 et r\u00e9cup\u00e9rez rapidement vos donn\u00e9es gr\u00e2ce \u00e0 une sauvegarde s\u00e9curis\u00e9e.\" \/>\n<meta name=\"robots\" content=\"index, follow, max-snippet:-1, max-image-preview:large, max-video-preview:-1\" \/>\n<link rel=\"canonical\" href=\"https:\/\/www.cohesity.com\/fr\/dm\/cloud-backup-as-a-service-free-trial\/\" \/>\n<meta property=\"og:locale\" content=\"fr_FR\" \/>\n<meta property=\"og:type\" content=\"article\" \/>\n<meta property=\"og:title\" content=\"Essai gratuit de la sauvegarde \u00e0 la demande de Cohesity pendant 30\u00a0jours\" \/>\n<meta property=\"og:description\" content=\"Commencez vos 30\u00a0jours d\u2019essai gratuit de la solution de pointe de sauvegarde \u00e0 la demande. D\u00e9couvrez un service vraiment simple, gagnez en s\u00e9r\u00e9nit\u00e9 et r\u00e9cup\u00e9rez rapidement vos donn\u00e9es gr\u00e2ce \u00e0 une sauvegarde s\u00e9curis\u00e9e.\" \/>\n<meta property=\"og:url\" content=\"https:\/\/www.cohesity.com\/fr\/dm\/cloud-backup-as-a-service-free-trial\/\" \/>\n<meta property=\"og:site_name\" content=\"Cohesity\" \/>\n<meta property=\"article:publisher\" content=\"https:\/\/www.facebook.com\/cohesity\" \/>\n<meta property=\"article:modified_time\" content=\"2023-04-05T14:39:15+00:00\" \/>\n<meta property=\"og:image\" content=\"https:\/\/www.cohesity.com\/wp-content\/new_media\/2020\/10\/cohesity-logo-new.jpg\" \/>\n\t<meta property=\"og:image:width\" content=\"800\" \/>\n\t<meta property=\"og:image:height\" content=\"401\" \/>\n\t<meta property=\"og:image:type\" content=\"image\/jpeg\" \/>\n<meta name=\"twitter:card\" content=\"summary_large_image\" \/>\n<meta name=\"twitter:title\" content=\"Essai gratuit de la sauvegarde \u00e0 la demande de Cohesity pendant 30\u00a0jours\" \/>\n<meta name=\"twitter:description\" content=\"Commencez vos 30\u00a0jours d\u2019essai gratuit de la solution de pointe de sauvegarde \u00e0 la demande. D\u00e9couvrez un service vraiment simple, gagnez en s\u00e9r\u00e9nit\u00e9 et r\u00e9cup\u00e9rez rapidement vos donn\u00e9es gr\u00e2ce \u00e0 une sauvegarde s\u00e9curis\u00e9e.\" \/>\n<meta name=\"twitter:site\" content=\"@cohesity\" \/>\n<script type=\"application\/ld+json\" class=\"yoast-schema-graph\">{\"@context\":\"https:\/\/schema.org\",\"@graph\":[{\"@type\":\"WebPage\",\"@id\":\"https:\/\/www.cohesity.com\/fr\/dm\/cloud-backup-as-a-service-free-trial\/\",\"url\":\"https:\/\/www.cohesity.com\/fr\/dm\/cloud-backup-as-a-service-free-trial\/\",\"name\":\"Essai gratuit de la sauvegarde \u00e0 la demande de Cohesity pendant 30\u00a0jours\",\"isPartOf\":{\"@id\":\"https:\/\/www.cohesity.com\/fr\/#website\"},\"datePublished\":\"2023-03-21T21:04:15+00:00\",\"dateModified\":\"2023-04-05T14:39:15+00:00\",\"description\":\"Commencez vos 30\u00a0jours d\u2019essai gratuit de la solution de pointe de sauvegarde \u00e0 la demande. D\u00e9couvrez un service vraiment simple, gagnez en s\u00e9r\u00e9nit\u00e9 et r\u00e9cup\u00e9rez rapidement vos donn\u00e9es gr\u00e2ce \u00e0 une sauvegarde s\u00e9curis\u00e9e.\",\"breadcrumb\":{\"@id\":\"https:\/\/www.cohesity.com\/fr\/dm\/cloud-backup-as-a-service-free-trial\/#breadcrumb\"},\"inLanguage\":\"fr-FR\",\"potentialAction\":[{\"@type\":\"ReadAction\",\"target\":[\"https:\/\/www.cohesity.com\/fr\/dm\/cloud-backup-as-a-service-free-trial\/\"]}]},{\"@type\":\"BreadcrumbList\",\"@id\":\"https:\/\/www.cohesity.com\/fr\/dm\/cloud-backup-as-a-service-free-trial\/#breadcrumb\",\"itemListElement\":[{\"@type\":\"ListItem\",\"position\":1,\"name\":\"Home\",\"item\":\"https:\/\/www.cohesity.com\/fr\/\"},{\"@type\":\"ListItem\",\"position\":2,\"name\":\"DM\",\"item\":\"https:\/\/www.cohesity.com\/fr\/dm\/\"},{\"@type\":\"ListItem\",\"position\":3,\"name\":\"Essai gratuit de la sauvegarde \u00e0 la demande dans le cloud\"}]},{\"@type\":\"WebSite\",\"@id\":\"https:\/\/www.cohesity.com\/fr\/#website\",\"url\":\"https:\/\/www.cohesity.com\/fr\/\",\"name\":\"Cohesity\",\"description\":\"Eliminate mass data fragmentation with Cohesity\u2019s modern approach to data management, beginning with backup. Gain instant recovery.\",\"publisher\":{\"@id\":\"https:\/\/www.cohesity.com\/fr\/#organization\"},\"potentialAction\":[{\"@type\":\"SearchAction\",\"target\":{\"@type\":\"EntryPoint\",\"urlTemplate\":\"https:\/\/www.cohesity.com\/fr\/?s={search_term_string}\"},\"query-input\":{\"@type\":\"PropertyValueSpecification\",\"valueRequired\":true,\"valueName\":\"search_term_string\"}}],\"inLanguage\":\"fr-FR\"},{\"@type\":\"Organization\",\"@id\":\"https:\/\/www.cohesity.com\/fr\/#organization\",\"name\":\"Cohesity\",\"url\":\"https:\/\/www.cohesity.com\/fr\/\",\"logo\":{\"@type\":\"ImageObject\",\"inLanguage\":\"fr-FR\",\"@id\":\"https:\/\/www.cohesity.com\/fr\/#\/schema\/logo\/image\/\",\"url\":\"https:\/\/www.cohesity.com\/wp-content\/new_media\/2020\/10\/cohesity_logo.svg\",\"contentUrl\":\"https:\/\/www.cohesity.com\/wp-content\/new_media\/2020\/10\/cohesity_logo.svg\",\"width\":143,\"height\":20,\"caption\":\"Cohesity\"},\"image\":{\"@id\":\"https:\/\/www.cohesity.com\/fr\/#\/schema\/logo\/image\/\"},\"sameAs\":[\"https:\/\/www.facebook.com\/cohesity\",\"https:\/\/x.com\/cohesity\"]}]}<\/script>\n<!-- \/ Yoast SEO Premium plugin. -->","yoast_head_json":{"title":"Essai gratuit de la sauvegarde \u00e0 la demande de Cohesity pendant 30\u00a0jours","description":"Commencez vos 30\u00a0jours d\u2019essai gratuit de la solution de pointe de sauvegarde \u00e0 la demande. D\u00e9couvrez un service vraiment simple, gagnez en s\u00e9r\u00e9nit\u00e9 et r\u00e9cup\u00e9rez rapidement vos donn\u00e9es gr\u00e2ce \u00e0 une sauvegarde s\u00e9curis\u00e9e.","robots":{"index":"index","follow":"follow","max-snippet":"max-snippet:-1","max-image-preview":"max-image-preview:large","max-video-preview":"max-video-preview:-1"},"canonical":"https:\/\/www.cohesity.com\/fr\/dm\/cloud-backup-as-a-service-free-trial\/","og_locale":"fr_FR","og_type":"article","og_title":"Essai gratuit de la sauvegarde \u00e0 la demande de Cohesity pendant 30\u00a0jours","og_description":"Commencez vos 30\u00a0jours d\u2019essai gratuit de la solution de pointe de sauvegarde \u00e0 la demande. D\u00e9couvrez un service vraiment simple, gagnez en s\u00e9r\u00e9nit\u00e9 et r\u00e9cup\u00e9rez rapidement vos donn\u00e9es gr\u00e2ce \u00e0 une sauvegarde s\u00e9curis\u00e9e.","og_url":"https:\/\/www.cohesity.com\/fr\/dm\/cloud-backup-as-a-service-free-trial\/","og_site_name":"Cohesity","article_publisher":"https:\/\/www.facebook.com\/cohesity","article_modified_time":"2023-04-05T14:39:15+00:00","og_image":[{"width":800,"height":401,"url":"https:\/\/www.cohesity.com\/wp-content\/new_media\/2020\/10\/cohesity-logo-new.jpg","type":"image\/jpeg"}],"twitter_card":"summary_large_image","twitter_title":"Essai gratuit de la sauvegarde \u00e0 la demande de Cohesity pendant 30\u00a0jours","twitter_description":"Commencez vos 30\u00a0jours d\u2019essai gratuit de la solution de pointe de sauvegarde \u00e0 la demande. D\u00e9couvrez un service vraiment simple, gagnez en s\u00e9r\u00e9nit\u00e9 et r\u00e9cup\u00e9rez rapidement vos donn\u00e9es gr\u00e2ce \u00e0 une sauvegarde s\u00e9curis\u00e9e.","twitter_site":"@cohesity","schema":{"@context":"https:\/\/schema.org","@graph":[{"@type":"WebPage","@id":"https:\/\/www.cohesity.com\/fr\/dm\/cloud-backup-as-a-service-free-trial\/","url":"https:\/\/www.cohesity.com\/fr\/dm\/cloud-backup-as-a-service-free-trial\/","name":"Essai gratuit de la sauvegarde \u00e0 la demande de Cohesity pendant 30\u00a0jours","isPartOf":{"@id":"https:\/\/www.cohesity.com\/fr\/#website"},"datePublished":"2023-03-21T21:04:15+00:00","dateModified":"2023-04-05T14:39:15+00:00","description":"Commencez vos 30\u00a0jours d\u2019essai gratuit de la solution de pointe de sauvegarde \u00e0 la demande. D\u00e9couvrez un service vraiment simple, gagnez en s\u00e9r\u00e9nit\u00e9 et r\u00e9cup\u00e9rez rapidement vos donn\u00e9es gr\u00e2ce \u00e0 une sauvegarde s\u00e9curis\u00e9e.","breadcrumb":{"@id":"https:\/\/www.cohesity.com\/fr\/dm\/cloud-backup-as-a-service-free-trial\/#breadcrumb"},"inLanguage":"fr-FR","potentialAction":[{"@type":"ReadAction","target":["https:\/\/www.cohesity.com\/fr\/dm\/cloud-backup-as-a-service-free-trial\/"]}]},{"@type":"BreadcrumbList","@id":"https:\/\/www.cohesity.com\/fr\/dm\/cloud-backup-as-a-service-free-trial\/#breadcrumb","itemListElement":[{"@type":"ListItem","position":1,"name":"Home","item":"https:\/\/www.cohesity.com\/fr\/"},{"@type":"ListItem","position":2,"name":"DM","item":"https:\/\/www.cohesity.com\/fr\/dm\/"},{"@type":"ListItem","position":3,"name":"Essai gratuit de la sauvegarde \u00e0 la demande dans le cloud"}]},{"@type":"WebSite","@id":"https:\/\/www.cohesity.com\/fr\/#website","url":"https:\/\/www.cohesity.com\/fr\/","name":"Cohesity","description":"Eliminate mass data fragmentation with Cohesity\u2019s modern approach to data management, beginning with backup. Gain instant recovery.","publisher":{"@id":"https:\/\/www.cohesity.com\/fr\/#organization"},"potentialAction":[{"@type":"SearchAction","target":{"@type":"EntryPoint","urlTemplate":"https:\/\/www.cohesity.com\/fr\/?s={search_term_string}"},"query-input":{"@type":"PropertyValueSpecification","valueRequired":true,"valueName":"search_term_string"}}],"inLanguage":"fr-FR"},{"@type":"Organization","@id":"https:\/\/www.cohesity.com\/fr\/#organization","name":"Cohesity","url":"https:\/\/www.cohesity.com\/fr\/","logo":{"@type":"ImageObject","inLanguage":"fr-FR","@id":"https:\/\/www.cohesity.com\/fr\/#\/schema\/logo\/image\/","url":"https:\/\/www.cohesity.com\/wp-content\/new_media\/2020\/10\/cohesity_logo.svg","contentUrl":"https:\/\/www.cohesity.com\/wp-content\/new_media\/2020\/10\/cohesity_logo.svg","width":143,"height":20,"caption":"Cohesity"},"image":{"@id":"https:\/\/www.cohesity.com\/fr\/#\/schema\/logo\/image\/"},"sameAs":["https:\/\/www.facebook.com\/cohesity","https:\/\/x.com\/cohesity"]}]}},"_links":{"self":[{"href":"https:\/\/www.cohesity.com\/fr\/wp-json\/wp\/v2\/pages\/184550","targetHints":{"allow":["GET"]}}],"collection":[{"href":"https:\/\/www.cohesity.com\/fr\/wp-json\/wp\/v2\/pages"}],"about":[{"href":"https:\/\/www.cohesity.com\/fr\/wp-json\/wp\/v2\/types\/page"}],"author":[{"embeddable":true,"href":"https:\/\/www.cohesity.com\/fr\/wp-json\/wp\/v2\/users\/6"}],"replies":[{"embeddable":true,"href":"https:\/\/www.cohesity.com\/fr\/wp-json\/wp\/v2\/comments?post=184550"}],"version-history":[{"count":0,"href":"https:\/\/www.cohesity.com\/fr\/wp-json\/wp\/v2\/pages\/184550\/revisions"}],"up":[{"embeddable":true,"href":"https:\/\/www.cohesity.com\/fr\/wp-json\/wp\/v2\/pages\/56522"}],"wp:attachment":[{"href":"https:\/\/www.cohesity.com\/fr\/wp-json\/wp\/v2\/media?parent=184550"}],"curies":[{"name":"wp","href":"https:\/\/api.w.org\/{rel}","templated":true}]}}