{"id":190411,"date":"2023-05-01T09:43:52","date_gmt":"2023-05-01T16:43:52","guid":{"rendered":"https:\/\/www.cohesity.com\/products\/protection-contre-les-menaces\/"},"modified":"2025-02-17T00:58:33","modified_gmt":"2025-02-17T08:58:33","slug":"threat-protection","status":"publish","type":"page","link":"https:\/\/www.cohesity.com\/fr\/products\/threat-protection\/","title":{"rendered":"Protection contre les menaces"},"content":{"rendered":"","protected":false},"excerpt":{"rendered":"","protected":false},"author":7,"featured_media":166076,"parent":42833,"menu_order":0,"comment_status":"closed","ping_status":"closed","template":"template-products-redesign.php","meta":{"_acf_changed":false,"_oasis_is_in_workflow":0,"_oasis_original":0,"_oasis_task_priority":"","inline_featured_image":false,"footnotes":""},"class_list":["post-190411","page","type-page","status-publish","has-post-thumbnail","hentry"],"acf":[],"yoast_head":"<!-- This site is optimized with the Yoast SEO Premium plugin v23.2 (Yoast SEO v24.5) - https:\/\/yoast.com\/wordpress\/plugins\/seo\/ -->\n<title>Logiciel de protection et de d\u00e9tection des menaces | La protection contre les menaces de Cohesity<\/title>\n<meta name=\"description\" content=\"R\u00e9duisez les risques et assurez un restauration rapide apr\u00e8s une cyberattaque. Assurez-vous que vos donn\u00e9es de sauvegarde ne contiennent pas de logiciels malveillants gr\u00e2ce \u00e0 une protection contre les menaces bas\u00e9e sur des renseignements sur les menaces.\" \/>\n<meta name=\"robots\" content=\"index, follow, max-snippet:-1, max-image-preview:large, max-video-preview:-1\" \/>\n<link rel=\"canonical\" href=\"https:\/\/www.cohesity.com\/fr\/products\/threat-protection\/\" \/>\n<meta property=\"og:locale\" content=\"fr_FR\" \/>\n<meta property=\"og:type\" content=\"article\" \/>\n<meta property=\"og:title\" content=\"Logiciel de protection et de d\u00e9tection des menaces | La protection contre les menaces de Cohesity\" \/>\n<meta property=\"og:description\" content=\"Am\u00e9liorez votre capacit\u00e9 \u00e0 d\u00e9tecter les ransomwares et autres attaques. Assurez-vous que vos donn\u00e9es de sauvegarde ne contiennent pas de logiciels malveillants gr\u00e2ce \u00e0 une protection contre les menaces bas\u00e9e sur des renseignements sur les menaces.\" \/>\n<meta property=\"og:url\" content=\"https:\/\/www.cohesity.com\/fr\/products\/threat-protection\/\" \/>\n<meta property=\"og:site_name\" content=\"Cohesity\" \/>\n<meta property=\"article:publisher\" content=\"https:\/\/www.facebook.com\/cohesity\" \/>\n<meta property=\"article:modified_time\" content=\"2025-02-17T08:58:33+00:00\" \/>\n<meta property=\"og:image\" content=\"https:\/\/www.cohesity.com\/wp-content\/new_media\/2024\/05\/cohesity-threat-protection-og-image.jpeg\" \/>\n<meta name=\"twitter:card\" content=\"summary_large_image\" \/>\n<meta name=\"twitter:title\" content=\"Logiciel de protection et de d\u00e9tection des menaces | La protection contre les menaces de Cohesity\" \/>\n<meta name=\"twitter:description\" content=\"Am\u00e9liorez votre capacit\u00e9 \u00e0 d\u00e9tecter les ransomwares et autres attaques. Assurez-vous que vos donn\u00e9es de sauvegarde ne contiennent pas de logiciels malveillants gr\u00e2ce \u00e0 une protection contre les menaces bas\u00e9e sur des renseignements sur les menaces.\" \/>\n<meta name=\"twitter:image\" content=\"https:\/\/www.cohesity.com\/wp-content\/new_media\/2024\/05\/cohesity-threat-protection-og-image.jpeg\" \/>\n<meta name=\"twitter:site\" content=\"@cohesity\" \/>\n<meta name=\"twitter:label1\" content=\"Est. reading time\" \/>\n\t<meta name=\"twitter:data1\" content=\"1 minute\" \/>\n<script type=\"application\/ld+json\" class=\"yoast-schema-graph\">{\"@context\":\"https:\/\/schema.org\",\"@graph\":[{\"@type\":\"WebPage\",\"@id\":\"https:\/\/www.cohesity.com\/fr\/products\/threat-protection\/\",\"url\":\"https:\/\/www.cohesity.com\/fr\/products\/threat-protection\/\",\"name\":\"Logiciel de protection et de d\u00e9tection des menaces | La protection contre les menaces de Cohesity\",\"isPartOf\":{\"@id\":\"https:\/\/www.cohesity.com\/fr\/#website\"},\"primaryImageOfPage\":{\"@id\":\"https:\/\/www.cohesity.com\/fr\/products\/threat-protection\/#primaryimage\"},\"image\":{\"@id\":\"https:\/\/www.cohesity.com\/fr\/products\/threat-protection\/#primaryimage\"},\"thumbnailUrl\":\"https:\/\/www.cohesity.com\/wp-content\/new_media\/2022\/11\/datahawk-product-icon.svg\",\"datePublished\":\"2023-05-01T16:43:52+00:00\",\"dateModified\":\"2025-02-17T08:58:33+00:00\",\"description\":\"R\u00e9duisez les risques et assurez un restauration rapide apr\u00e8s une cyberattaque. Assurez-vous que vos donn\u00e9es de sauvegarde ne contiennent pas de logiciels malveillants gr\u00e2ce \u00e0 une protection contre les menaces bas\u00e9e sur des renseignements sur les menaces.\",\"breadcrumb\":{\"@id\":\"https:\/\/www.cohesity.com\/fr\/products\/threat-protection\/#breadcrumb\"},\"inLanguage\":\"fr-FR\",\"potentialAction\":[{\"@type\":\"ReadAction\",\"target\":[\"https:\/\/www.cohesity.com\/fr\/products\/threat-protection\/\"]}]},{\"@type\":\"ImageObject\",\"inLanguage\":\"fr-FR\",\"@id\":\"https:\/\/www.cohesity.com\/fr\/products\/threat-protection\/#primaryimage\",\"url\":\"https:\/\/www.cohesity.com\/wp-content\/new_media\/2022\/11\/datahawk-product-icon.svg\",\"contentUrl\":\"https:\/\/www.cohesity.com\/wp-content\/new_media\/2022\/11\/datahawk-product-icon.svg\",\"caption\":\"Ic\u00f4ne du produit DataHawk\"},{\"@type\":\"BreadcrumbList\",\"@id\":\"https:\/\/www.cohesity.com\/fr\/products\/threat-protection\/#breadcrumb\",\"itemListElement\":[{\"@type\":\"ListItem\",\"position\":1,\"name\":\"Home\",\"item\":\"https:\/\/www.cohesity.com\/fr\/\"},{\"@type\":\"ListItem\",\"position\":2,\"name\":\"Products Overview\",\"item\":\"https:\/\/www.cohesity.com\/fr\/products\/\"},{\"@type\":\"ListItem\",\"position\":3,\"name\":\"Protection contre les menaces\"}]},{\"@type\":\"WebSite\",\"@id\":\"https:\/\/www.cohesity.com\/fr\/#website\",\"url\":\"https:\/\/www.cohesity.com\/fr\/\",\"name\":\"Cohesity\",\"description\":\"Eliminate mass data fragmentation with Cohesity\u2019s modern approach to data management, beginning with backup. Gain instant recovery.\",\"publisher\":{\"@id\":\"https:\/\/www.cohesity.com\/fr\/#organization\"},\"potentialAction\":[{\"@type\":\"SearchAction\",\"target\":{\"@type\":\"EntryPoint\",\"urlTemplate\":\"https:\/\/www.cohesity.com\/fr\/?s={search_term_string}\"},\"query-input\":{\"@type\":\"PropertyValueSpecification\",\"valueRequired\":true,\"valueName\":\"search_term_string\"}}],\"inLanguage\":\"fr-FR\"},{\"@type\":\"Organization\",\"@id\":\"https:\/\/www.cohesity.com\/fr\/#organization\",\"name\":\"Cohesity\",\"url\":\"https:\/\/www.cohesity.com\/fr\/\",\"logo\":{\"@type\":\"ImageObject\",\"inLanguage\":\"fr-FR\",\"@id\":\"https:\/\/www.cohesity.com\/fr\/#\/schema\/logo\/image\/\",\"url\":\"https:\/\/www.cohesity.com\/wp-content\/new_media\/2020\/10\/cohesity_logo.svg\",\"contentUrl\":\"https:\/\/www.cohesity.com\/wp-content\/new_media\/2020\/10\/cohesity_logo.svg\",\"width\":143,\"height\":20,\"caption\":\"Cohesity\"},\"image\":{\"@id\":\"https:\/\/www.cohesity.com\/fr\/#\/schema\/logo\/image\/\"},\"sameAs\":[\"https:\/\/www.facebook.com\/cohesity\",\"https:\/\/x.com\/cohesity\"]}]}<\/script>\n<!-- \/ Yoast SEO Premium plugin. -->","yoast_head_json":{"title":"Logiciel de protection et de d\u00e9tection des menaces | La protection contre les menaces de Cohesity","description":"R\u00e9duisez les risques et assurez un restauration rapide apr\u00e8s une cyberattaque. Assurez-vous que vos donn\u00e9es de sauvegarde ne contiennent pas de logiciels malveillants gr\u00e2ce \u00e0 une protection contre les menaces bas\u00e9e sur des renseignements sur les menaces.","robots":{"index":"index","follow":"follow","max-snippet":"max-snippet:-1","max-image-preview":"max-image-preview:large","max-video-preview":"max-video-preview:-1"},"canonical":"https:\/\/www.cohesity.com\/fr\/products\/threat-protection\/","og_locale":"fr_FR","og_type":"article","og_title":"Logiciel de protection et de d\u00e9tection des menaces | La protection contre les menaces de Cohesity","og_description":"Am\u00e9liorez votre capacit\u00e9 \u00e0 d\u00e9tecter les ransomwares et autres attaques. Assurez-vous que vos donn\u00e9es de sauvegarde ne contiennent pas de logiciels malveillants gr\u00e2ce \u00e0 une protection contre les menaces bas\u00e9e sur des renseignements sur les menaces.","og_url":"https:\/\/www.cohesity.com\/fr\/products\/threat-protection\/","og_site_name":"Cohesity","article_publisher":"https:\/\/www.facebook.com\/cohesity","article_modified_time":"2025-02-17T08:58:33+00:00","og_image":[{"url":"https:\/\/www.cohesity.com\/wp-content\/new_media\/2024\/05\/cohesity-threat-protection-og-image.jpeg","type":"","width":"","height":""}],"twitter_card":"summary_large_image","twitter_title":"Logiciel de protection et de d\u00e9tection des menaces | La protection contre les menaces de Cohesity","twitter_description":"Am\u00e9liorez votre capacit\u00e9 \u00e0 d\u00e9tecter les ransomwares et autres attaques. Assurez-vous que vos donn\u00e9es de sauvegarde ne contiennent pas de logiciels malveillants gr\u00e2ce \u00e0 une protection contre les menaces bas\u00e9e sur des renseignements sur les menaces.","twitter_image":"https:\/\/www.cohesity.com\/wp-content\/new_media\/2024\/05\/cohesity-threat-protection-og-image.jpeg","twitter_site":"@cohesity","twitter_misc":{"Est. reading time":"1 minute"},"schema":{"@context":"https:\/\/schema.org","@graph":[{"@type":"WebPage","@id":"https:\/\/www.cohesity.com\/fr\/products\/threat-protection\/","url":"https:\/\/www.cohesity.com\/fr\/products\/threat-protection\/","name":"Logiciel de protection et de d\u00e9tection des menaces | La protection contre les menaces de Cohesity","isPartOf":{"@id":"https:\/\/www.cohesity.com\/fr\/#website"},"primaryImageOfPage":{"@id":"https:\/\/www.cohesity.com\/fr\/products\/threat-protection\/#primaryimage"},"image":{"@id":"https:\/\/www.cohesity.com\/fr\/products\/threat-protection\/#primaryimage"},"thumbnailUrl":"https:\/\/www.cohesity.com\/wp-content\/new_media\/2022\/11\/datahawk-product-icon.svg","datePublished":"2023-05-01T16:43:52+00:00","dateModified":"2025-02-17T08:58:33+00:00","description":"R\u00e9duisez les risques et assurez un restauration rapide apr\u00e8s une cyberattaque. Assurez-vous que vos donn\u00e9es de sauvegarde ne contiennent pas de logiciels malveillants gr\u00e2ce \u00e0 une protection contre les menaces bas\u00e9e sur des renseignements sur les menaces.","breadcrumb":{"@id":"https:\/\/www.cohesity.com\/fr\/products\/threat-protection\/#breadcrumb"},"inLanguage":"fr-FR","potentialAction":[{"@type":"ReadAction","target":["https:\/\/www.cohesity.com\/fr\/products\/threat-protection\/"]}]},{"@type":"ImageObject","inLanguage":"fr-FR","@id":"https:\/\/www.cohesity.com\/fr\/products\/threat-protection\/#primaryimage","url":"https:\/\/www.cohesity.com\/wp-content\/new_media\/2022\/11\/datahawk-product-icon.svg","contentUrl":"https:\/\/www.cohesity.com\/wp-content\/new_media\/2022\/11\/datahawk-product-icon.svg","caption":"Ic\u00f4ne du produit DataHawk"},{"@type":"BreadcrumbList","@id":"https:\/\/www.cohesity.com\/fr\/products\/threat-protection\/#breadcrumb","itemListElement":[{"@type":"ListItem","position":1,"name":"Home","item":"https:\/\/www.cohesity.com\/fr\/"},{"@type":"ListItem","position":2,"name":"Products Overview","item":"https:\/\/www.cohesity.com\/fr\/products\/"},{"@type":"ListItem","position":3,"name":"Protection contre les menaces"}]},{"@type":"WebSite","@id":"https:\/\/www.cohesity.com\/fr\/#website","url":"https:\/\/www.cohesity.com\/fr\/","name":"Cohesity","description":"Eliminate mass data fragmentation with Cohesity\u2019s modern approach to data management, beginning with backup. Gain instant recovery.","publisher":{"@id":"https:\/\/www.cohesity.com\/fr\/#organization"},"potentialAction":[{"@type":"SearchAction","target":{"@type":"EntryPoint","urlTemplate":"https:\/\/www.cohesity.com\/fr\/?s={search_term_string}"},"query-input":{"@type":"PropertyValueSpecification","valueRequired":true,"valueName":"search_term_string"}}],"inLanguage":"fr-FR"},{"@type":"Organization","@id":"https:\/\/www.cohesity.com\/fr\/#organization","name":"Cohesity","url":"https:\/\/www.cohesity.com\/fr\/","logo":{"@type":"ImageObject","inLanguage":"fr-FR","@id":"https:\/\/www.cohesity.com\/fr\/#\/schema\/logo\/image\/","url":"https:\/\/www.cohesity.com\/wp-content\/new_media\/2020\/10\/cohesity_logo.svg","contentUrl":"https:\/\/www.cohesity.com\/wp-content\/new_media\/2020\/10\/cohesity_logo.svg","width":143,"height":20,"caption":"Cohesity"},"image":{"@id":"https:\/\/www.cohesity.com\/fr\/#\/schema\/logo\/image\/"},"sameAs":["https:\/\/www.facebook.com\/cohesity","https:\/\/x.com\/cohesity"]}]}},"_links":{"self":[{"href":"https:\/\/www.cohesity.com\/fr\/wp-json\/wp\/v2\/pages\/190411","targetHints":{"allow":["GET"]}}],"collection":[{"href":"https:\/\/www.cohesity.com\/fr\/wp-json\/wp\/v2\/pages"}],"about":[{"href":"https:\/\/www.cohesity.com\/fr\/wp-json\/wp\/v2\/types\/page"}],"author":[{"embeddable":true,"href":"https:\/\/www.cohesity.com\/fr\/wp-json\/wp\/v2\/users\/7"}],"replies":[{"embeddable":true,"href":"https:\/\/www.cohesity.com\/fr\/wp-json\/wp\/v2\/comments?post=190411"}],"version-history":[{"count":3,"href":"https:\/\/www.cohesity.com\/fr\/wp-json\/wp\/v2\/pages\/190411\/revisions"}],"predecessor-version":[{"id":274947,"href":"https:\/\/www.cohesity.com\/fr\/wp-json\/wp\/v2\/pages\/190411\/revisions\/274947"}],"up":[{"embeddable":true,"href":"https:\/\/www.cohesity.com\/fr\/wp-json\/wp\/v2\/pages\/42833"}],"wp:featuredmedia":[{"embeddable":true,"href":"https:\/\/www.cohesity.com\/fr\/wp-json\/wp\/v2\/media\/166076"}],"wp:attachment":[{"href":"https:\/\/www.cohesity.com\/fr\/wp-json\/wp\/v2\/media?parent=190411"}],"curies":[{"name":"wp","href":"https:\/\/api.w.org\/{rel}","templated":true}]}}