{"id":202468,"date":"2023-07-03T01:54:23","date_gmt":"2023-07-03T08:54:23","guid":{"rendered":"https:\/\/www.cohesity.com\/solutions\/restauration-massive-instantanee\/"},"modified":"2024-10-14T05:22:39","modified_gmt":"2024-10-14T12:22:39","slug":"instant-mass-restore","status":"publish","type":"page","link":"https:\/\/www.cohesity.com\/fr\/solutions\/instant-mass-restore\/","title":{"rendered":"Restauration massive instantan\u00e9e"},"content":{"rendered":"","protected":false},"excerpt":{"rendered":"","protected":false},"author":137,"featured_media":196267,"parent":53831,"menu_order":0,"comment_status":"closed","ping_status":"closed","template":"template-solutions-redesign.php","meta":{"_acf_changed":false,"_oasis_is_in_workflow":0,"_oasis_original":0,"_oasis_task_priority":"","inline_featured_image":false,"footnotes":""},"class_list":["post-202468","page","type-page","status-publish","has-post-thumbnail","hentry"],"acf":[],"yoast_head":"<!-- This site is optimized with the Yoast SEO Premium plugin v23.2 (Yoast SEO v24.5) - https:\/\/yoast.com\/wordpress\/plugins\/seo\/ -->\n<title>Restauration instantan\u00e9e et rapide | Restauration massive instantan\u00e9e de Cohesity<\/title>\n<meta name=\"description\" content=\"La restauration massive instantan\u00e9e de Cohesity vous permet de restaurer rapidement et efficacement vos fichiers, vos machines virtuelles (VM) et vos bases de donn\u00e9es en cas de pannes ou d&#039;attaques par ransomware.\" \/>\n<meta name=\"robots\" content=\"index, follow, max-snippet:-1, max-image-preview:large, max-video-preview:-1\" \/>\n<link rel=\"canonical\" href=\"https:\/\/www.cohesity.com\/fr\/solutions\/instant-mass-restore\/\" \/>\n<meta property=\"og:locale\" content=\"fr_FR\" \/>\n<meta property=\"og:type\" content=\"article\" \/>\n<meta property=\"og:title\" content=\"Restauration rapide | Restauration massive instantan\u00e9e de Cohesity\" \/>\n<meta property=\"og:description\" content=\"La restauration massive instantan\u00e9e de Cohesity vous permet de restaurer rapidement et efficacement vos fichiers, vos machines virtuelles (VM) et vos bases de donn\u00e9es en cas de pannes ou d&#039;attaques par ransomware.\" \/>\n<meta property=\"og:url\" content=\"https:\/\/www.cohesity.com\/fr\/solutions\/instant-mass-restore\/\" \/>\n<meta property=\"og:site_name\" content=\"Cohesity\" \/>\n<meta property=\"article:publisher\" content=\"https:\/\/www.facebook.com\/cohesity\" \/>\n<meta property=\"article:modified_time\" content=\"2024-10-14T12:22:39+00:00\" \/>\n<meta property=\"og:image\" content=\"https:\/\/www.cohesity.com\/wp-content\/new_media\/2023\/12\/instant-mass-restore-og.png\" \/>\n<meta name=\"twitter:card\" content=\"summary_large_image\" \/>\n<meta name=\"twitter:title\" content=\"Restauration rapide | Restauration massive instantan\u00e9e de Cohesity\" \/>\n<meta name=\"twitter:description\" content=\"La restauration massive instantan\u00e9e de Cohesity vous permet de restaurer rapidement et efficacement vos fichiers, vos machines virtuelles (VM) et vos bases de donn\u00e9es en cas de pannes ou d&#039;attaques par ransomware.\" \/>\n<meta name=\"twitter:image\" content=\"https:\/\/www.cohesity.com\/wp-content\/new_media\/2023\/12\/instant-mass-restore-og.png\" \/>\n<meta name=\"twitter:site\" content=\"@cohesity\" \/>\n<meta name=\"twitter:label1\" content=\"Est. reading time\" \/>\n\t<meta name=\"twitter:data1\" content=\"1 minute\" \/>\n<script type=\"application\/ld+json\" class=\"yoast-schema-graph\">{\"@context\":\"https:\/\/schema.org\",\"@graph\":[{\"@type\":\"WebPage\",\"@id\":\"https:\/\/www.cohesity.com\/fr\/solutions\/instant-mass-restore\/\",\"url\":\"https:\/\/www.cohesity.com\/fr\/solutions\/instant-mass-restore\/\",\"name\":\"Restauration instantan\u00e9e et rapide | Restauration massive instantan\u00e9e de Cohesity\",\"isPartOf\":{\"@id\":\"https:\/\/www.cohesity.com\/fr\/#website\"},\"primaryImageOfPage\":{\"@id\":\"https:\/\/www.cohesity.com\/fr\/solutions\/instant-mass-restore\/#primaryimage\"},\"image\":{\"@id\":\"https:\/\/www.cohesity.com\/fr\/solutions\/instant-mass-restore\/#primaryimage\"},\"thumbnailUrl\":\"https:\/\/www.cohesity.com\/wp-content\/new_media\/2023\/05\/instant-mass-restore-all-solutions-icon.svg\",\"datePublished\":\"2023-07-03T08:54:23+00:00\",\"dateModified\":\"2024-10-14T12:22:39+00:00\",\"description\":\"La restauration massive instantan\u00e9e de Cohesity vous permet de restaurer rapidement et efficacement vos fichiers, vos machines virtuelles (VM) et vos bases de donn\u00e9es en cas de pannes ou d'attaques par ransomware.\",\"breadcrumb\":{\"@id\":\"https:\/\/www.cohesity.com\/fr\/solutions\/instant-mass-restore\/#breadcrumb\"},\"inLanguage\":\"fr-FR\",\"potentialAction\":[{\"@type\":\"ReadAction\",\"target\":[\"https:\/\/www.cohesity.com\/fr\/solutions\/instant-mass-restore\/\"]}]},{\"@type\":\"ImageObject\",\"inLanguage\":\"fr-FR\",\"@id\":\"https:\/\/www.cohesity.com\/fr\/solutions\/instant-mass-restore\/#primaryimage\",\"url\":\"https:\/\/www.cohesity.com\/wp-content\/new_media\/2023\/05\/instant-mass-restore-all-solutions-icon.svg\",\"contentUrl\":\"https:\/\/www.cohesity.com\/wp-content\/new_media\/2023\/05\/instant-mass-restore-all-solutions-icon.svg\",\"width\":144,\"height\":144,\"caption\":\"Instant mass restore icon\"},{\"@type\":\"BreadcrumbList\",\"@id\":\"https:\/\/www.cohesity.com\/fr\/solutions\/instant-mass-restore\/#breadcrumb\",\"itemListElement\":[{\"@type\":\"ListItem\",\"position\":1,\"name\":\"Home\",\"item\":\"https:\/\/www.cohesity.com\/fr\/\"},{\"@type\":\"ListItem\",\"position\":2,\"name\":\"Pr\u00e9sentation des solutions\",\"item\":\"https:\/\/www.cohesity.com\/fr\/solutions\/\"},{\"@type\":\"ListItem\",\"position\":3,\"name\":\"Restauration massive instantan\u00e9e\"}]},{\"@type\":\"WebSite\",\"@id\":\"https:\/\/www.cohesity.com\/fr\/#website\",\"url\":\"https:\/\/www.cohesity.com\/fr\/\",\"name\":\"Cohesity\",\"description\":\"Eliminate mass data fragmentation with Cohesity\u2019s modern approach to data management, beginning with backup. Gain instant recovery.\",\"publisher\":{\"@id\":\"https:\/\/www.cohesity.com\/fr\/#organization\"},\"potentialAction\":[{\"@type\":\"SearchAction\",\"target\":{\"@type\":\"EntryPoint\",\"urlTemplate\":\"https:\/\/www.cohesity.com\/fr\/?s={search_term_string}\"},\"query-input\":{\"@type\":\"PropertyValueSpecification\",\"valueRequired\":true,\"valueName\":\"search_term_string\"}}],\"inLanguage\":\"fr-FR\"},{\"@type\":\"Organization\",\"@id\":\"https:\/\/www.cohesity.com\/fr\/#organization\",\"name\":\"Cohesity\",\"url\":\"https:\/\/www.cohesity.com\/fr\/\",\"logo\":{\"@type\":\"ImageObject\",\"inLanguage\":\"fr-FR\",\"@id\":\"https:\/\/www.cohesity.com\/fr\/#\/schema\/logo\/image\/\",\"url\":\"https:\/\/www.cohesity.com\/wp-content\/new_media\/2020\/10\/cohesity_logo.svg\",\"contentUrl\":\"https:\/\/www.cohesity.com\/wp-content\/new_media\/2020\/10\/cohesity_logo.svg\",\"width\":143,\"height\":20,\"caption\":\"Cohesity\"},\"image\":{\"@id\":\"https:\/\/www.cohesity.com\/fr\/#\/schema\/logo\/image\/\"},\"sameAs\":[\"https:\/\/www.facebook.com\/cohesity\",\"https:\/\/x.com\/cohesity\"]}]}<\/script>\n<!-- \/ Yoast SEO Premium plugin. -->","yoast_head_json":{"title":"Restauration instantan\u00e9e et rapide | Restauration massive instantan\u00e9e de Cohesity","description":"La restauration massive instantan\u00e9e de Cohesity vous permet de restaurer rapidement et efficacement vos fichiers, vos machines virtuelles (VM) et vos bases de donn\u00e9es en cas de pannes ou d'attaques par ransomware.","robots":{"index":"index","follow":"follow","max-snippet":"max-snippet:-1","max-image-preview":"max-image-preview:large","max-video-preview":"max-video-preview:-1"},"canonical":"https:\/\/www.cohesity.com\/fr\/solutions\/instant-mass-restore\/","og_locale":"fr_FR","og_type":"article","og_title":"Restauration rapide | Restauration massive instantan\u00e9e de Cohesity","og_description":"La restauration massive instantan\u00e9e de Cohesity vous permet de restaurer rapidement et efficacement vos fichiers, vos machines virtuelles (VM) et vos bases de donn\u00e9es en cas de pannes ou d'attaques par ransomware.","og_url":"https:\/\/www.cohesity.com\/fr\/solutions\/instant-mass-restore\/","og_site_name":"Cohesity","article_publisher":"https:\/\/www.facebook.com\/cohesity","article_modified_time":"2024-10-14T12:22:39+00:00","og_image":[{"url":"https:\/\/www.cohesity.com\/wp-content\/new_media\/2023\/12\/instant-mass-restore-og.png","type":"","width":"","height":""}],"twitter_card":"summary_large_image","twitter_title":"Restauration rapide | Restauration massive instantan\u00e9e de Cohesity","twitter_description":"La restauration massive instantan\u00e9e de Cohesity vous permet de restaurer rapidement et efficacement vos fichiers, vos machines virtuelles (VM) et vos bases de donn\u00e9es en cas de pannes ou d'attaques par ransomware.","twitter_image":"https:\/\/www.cohesity.com\/wp-content\/new_media\/2023\/12\/instant-mass-restore-og.png","twitter_site":"@cohesity","twitter_misc":{"Est. reading time":"1 minute"},"schema":{"@context":"https:\/\/schema.org","@graph":[{"@type":"WebPage","@id":"https:\/\/www.cohesity.com\/fr\/solutions\/instant-mass-restore\/","url":"https:\/\/www.cohesity.com\/fr\/solutions\/instant-mass-restore\/","name":"Restauration instantan\u00e9e et rapide | Restauration massive instantan\u00e9e de Cohesity","isPartOf":{"@id":"https:\/\/www.cohesity.com\/fr\/#website"},"primaryImageOfPage":{"@id":"https:\/\/www.cohesity.com\/fr\/solutions\/instant-mass-restore\/#primaryimage"},"image":{"@id":"https:\/\/www.cohesity.com\/fr\/solutions\/instant-mass-restore\/#primaryimage"},"thumbnailUrl":"https:\/\/www.cohesity.com\/wp-content\/new_media\/2023\/05\/instant-mass-restore-all-solutions-icon.svg","datePublished":"2023-07-03T08:54:23+00:00","dateModified":"2024-10-14T12:22:39+00:00","description":"La restauration massive instantan\u00e9e de Cohesity vous permet de restaurer rapidement et efficacement vos fichiers, vos machines virtuelles (VM) et vos bases de donn\u00e9es en cas de pannes ou d'attaques par ransomware.","breadcrumb":{"@id":"https:\/\/www.cohesity.com\/fr\/solutions\/instant-mass-restore\/#breadcrumb"},"inLanguage":"fr-FR","potentialAction":[{"@type":"ReadAction","target":["https:\/\/www.cohesity.com\/fr\/solutions\/instant-mass-restore\/"]}]},{"@type":"ImageObject","inLanguage":"fr-FR","@id":"https:\/\/www.cohesity.com\/fr\/solutions\/instant-mass-restore\/#primaryimage","url":"https:\/\/www.cohesity.com\/wp-content\/new_media\/2023\/05\/instant-mass-restore-all-solutions-icon.svg","contentUrl":"https:\/\/www.cohesity.com\/wp-content\/new_media\/2023\/05\/instant-mass-restore-all-solutions-icon.svg","width":144,"height":144,"caption":"Instant mass restore icon"},{"@type":"BreadcrumbList","@id":"https:\/\/www.cohesity.com\/fr\/solutions\/instant-mass-restore\/#breadcrumb","itemListElement":[{"@type":"ListItem","position":1,"name":"Home","item":"https:\/\/www.cohesity.com\/fr\/"},{"@type":"ListItem","position":2,"name":"Pr\u00e9sentation des solutions","item":"https:\/\/www.cohesity.com\/fr\/solutions\/"},{"@type":"ListItem","position":3,"name":"Restauration massive instantan\u00e9e"}]},{"@type":"WebSite","@id":"https:\/\/www.cohesity.com\/fr\/#website","url":"https:\/\/www.cohesity.com\/fr\/","name":"Cohesity","description":"Eliminate mass data fragmentation with Cohesity\u2019s modern approach to data management, beginning with backup. Gain instant recovery.","publisher":{"@id":"https:\/\/www.cohesity.com\/fr\/#organization"},"potentialAction":[{"@type":"SearchAction","target":{"@type":"EntryPoint","urlTemplate":"https:\/\/www.cohesity.com\/fr\/?s={search_term_string}"},"query-input":{"@type":"PropertyValueSpecification","valueRequired":true,"valueName":"search_term_string"}}],"inLanguage":"fr-FR"},{"@type":"Organization","@id":"https:\/\/www.cohesity.com\/fr\/#organization","name":"Cohesity","url":"https:\/\/www.cohesity.com\/fr\/","logo":{"@type":"ImageObject","inLanguage":"fr-FR","@id":"https:\/\/www.cohesity.com\/fr\/#\/schema\/logo\/image\/","url":"https:\/\/www.cohesity.com\/wp-content\/new_media\/2020\/10\/cohesity_logo.svg","contentUrl":"https:\/\/www.cohesity.com\/wp-content\/new_media\/2020\/10\/cohesity_logo.svg","width":143,"height":20,"caption":"Cohesity"},"image":{"@id":"https:\/\/www.cohesity.com\/fr\/#\/schema\/logo\/image\/"},"sameAs":["https:\/\/www.facebook.com\/cohesity","https:\/\/x.com\/cohesity"]}]}},"_links":{"self":[{"href":"https:\/\/www.cohesity.com\/fr\/wp-json\/wp\/v2\/pages\/202468","targetHints":{"allow":["GET"]}}],"collection":[{"href":"https:\/\/www.cohesity.com\/fr\/wp-json\/wp\/v2\/pages"}],"about":[{"href":"https:\/\/www.cohesity.com\/fr\/wp-json\/wp\/v2\/types\/page"}],"author":[{"embeddable":true,"href":"https:\/\/www.cohesity.com\/fr\/wp-json\/wp\/v2\/users\/137"}],"replies":[{"embeddable":true,"href":"https:\/\/www.cohesity.com\/fr\/wp-json\/wp\/v2\/comments?post=202468"}],"version-history":[{"count":4,"href":"https:\/\/www.cohesity.com\/fr\/wp-json\/wp\/v2\/pages\/202468\/revisions"}],"predecessor-version":[{"id":265654,"href":"https:\/\/www.cohesity.com\/fr\/wp-json\/wp\/v2\/pages\/202468\/revisions\/265654"}],"up":[{"embeddable":true,"href":"https:\/\/www.cohesity.com\/fr\/wp-json\/wp\/v2\/pages\/53831"}],"wp:featuredmedia":[{"embeddable":true,"href":"https:\/\/www.cohesity.com\/fr\/wp-json\/wp\/v2\/media\/196267"}],"wp:attachment":[{"href":"https:\/\/www.cohesity.com\/fr\/wp-json\/wp\/v2\/media?parent=202468"}],"curies":[{"name":"wp","href":"https:\/\/api.w.org\/{rel}","templated":true}]}}