{"id":202474,"date":"2023-07-03T02:27:25","date_gmt":"2023-07-03T09:27:25","guid":{"rendered":"https:\/\/www.cohesity.com\/solutions\/gestion-des-copies-de-donnees\/"},"modified":"2024-05-08T21:52:06","modified_gmt":"2024-05-09T04:52:06","slug":"copy-data-management","status":"publish","type":"page","link":"https:\/\/www.cohesity.com\/fr\/solutions\/copy-data-management\/","title":{"rendered":"Copy &#8211; Gestion des copies de donn\u00e9es"},"content":{"rendered":"","protected":false},"excerpt":{"rendered":"","protected":false},"author":7,"featured_media":193722,"parent":53831,"menu_order":0,"comment_status":"closed","ping_status":"closed","template":"template-solutions-redesign.php","meta":{"_acf_changed":false,"_oasis_is_in_workflow":0,"_oasis_original":0,"_oasis_task_priority":"","inline_featured_image":false,"footnotes":""},"class_list":["post-202474","page","type-page","status-publish","has-post-thumbnail","hentry"],"acf":[],"yoast_head":"<!-- This site is optimized with the Yoast SEO Premium plugin v23.2 (Yoast SEO v24.5) - https:\/\/yoast.com\/wordpress\/plugins\/seo\/ -->\n<title>Gestion des copies de donn\u00e9es | Cohesity<\/title>\n<meta name=\"description\" content=\"Cr\u00e9ez et g\u00e9rez les copies de donn\u00e9es, et s\u00e9curisez vos donn\u00e9es gr\u00e2ce \u00e0 la gestion des copies de donn\u00e9es.\" \/>\n<meta name=\"robots\" content=\"index, follow, max-snippet:-1, max-image-preview:large, max-video-preview:-1\" \/>\n<link rel=\"canonical\" href=\"https:\/\/www.cohesity.com\/fr\/solutions\/copy-data-management\/\" \/>\n<meta property=\"og:locale\" content=\"fr_FR\" \/>\n<meta property=\"og:type\" content=\"article\" \/>\n<meta property=\"og:title\" content=\"Gestion des copies de donn\u00e9es | Cohesity\" \/>\n<meta property=\"og:description\" content=\"Cr\u00e9ez et g\u00e9rez les copies de donn\u00e9es, et s\u00e9curisez vos donn\u00e9es gr\u00e2ce \u00e0 la gestion des copies de donn\u00e9es.\" \/>\n<meta property=\"og:url\" content=\"https:\/\/www.cohesity.com\/fr\/solutions\/copy-data-management\/\" \/>\n<meta property=\"og:site_name\" content=\"Cohesity\" \/>\n<meta property=\"article:publisher\" content=\"https:\/\/www.facebook.com\/cohesity\" \/>\n<meta property=\"article:modified_time\" content=\"2024-05-09T04:52:06+00:00\" \/>\n<meta property=\"og:image\" content=\"https:\/\/www.cohesity.com\/wp-content\/new_media\/2024\/01\/copy-data-management-og.jpg\" \/>\n<meta name=\"twitter:card\" content=\"summary_large_image\" \/>\n<meta name=\"twitter:title\" content=\"Gestion des copies de donn\u00e9es | Cohesity\" \/>\n<meta name=\"twitter:description\" content=\"Cr\u00e9ez et g\u00e9rez les copies de donn\u00e9es, et s\u00e9curisez vos donn\u00e9es gr\u00e2ce \u00e0 la gestion des copies de donn\u00e9es.\" \/>\n<meta name=\"twitter:image\" content=\"https:\/\/www.cohesity.com\/wp-content\/new_media\/2024\/01\/copy-data-management-og.jpg\" \/>\n<meta name=\"twitter:site\" content=\"@cohesity\" \/>\n<meta name=\"twitter:label1\" content=\"Est. reading time\" \/>\n\t<meta name=\"twitter:data1\" content=\"1 minute\" \/>\n<script type=\"application\/ld+json\" class=\"yoast-schema-graph\">{\"@context\":\"https:\/\/schema.org\",\"@graph\":[{\"@type\":\"WebPage\",\"@id\":\"https:\/\/www.cohesity.com\/fr\/solutions\/copy-data-management\/\",\"url\":\"https:\/\/www.cohesity.com\/fr\/solutions\/copy-data-management\/\",\"name\":\"Gestion des copies de donn\u00e9es | Cohesity\",\"isPartOf\":{\"@id\":\"https:\/\/www.cohesity.com\/fr\/#website\"},\"primaryImageOfPage\":{\"@id\":\"https:\/\/www.cohesity.com\/fr\/solutions\/copy-data-management\/#primaryimage\"},\"image\":{\"@id\":\"https:\/\/www.cohesity.com\/fr\/solutions\/copy-data-management\/#primaryimage\"},\"thumbnailUrl\":\"https:\/\/www.cohesity.com\/wp-content\/new_media\/2023\/05\/copy-data-icon-copy-data.svg\",\"datePublished\":\"2023-07-03T09:27:25+00:00\",\"dateModified\":\"2024-05-09T04:52:06+00:00\",\"description\":\"Cr\u00e9ez et g\u00e9rez les copies de donn\u00e9es, et s\u00e9curisez vos donn\u00e9es gr\u00e2ce \u00e0 la gestion des copies de donn\u00e9es.\",\"breadcrumb\":{\"@id\":\"https:\/\/www.cohesity.com\/fr\/solutions\/copy-data-management\/#breadcrumb\"},\"inLanguage\":\"fr-FR\",\"potentialAction\":[{\"@type\":\"ReadAction\",\"target\":[\"https:\/\/www.cohesity.com\/fr\/solutions\/copy-data-management\/\"]}]},{\"@type\":\"ImageObject\",\"inLanguage\":\"fr-FR\",\"@id\":\"https:\/\/www.cohesity.com\/fr\/solutions\/copy-data-management\/#primaryimage\",\"url\":\"https:\/\/www.cohesity.com\/wp-content\/new_media\/2023\/05\/copy-data-icon-copy-data.svg\",\"contentUrl\":\"https:\/\/www.cohesity.com\/wp-content\/new_media\/2023\/05\/copy-data-icon-copy-data.svg\",\"caption\":\"data copy icon\"},{\"@type\":\"BreadcrumbList\",\"@id\":\"https:\/\/www.cohesity.com\/fr\/solutions\/copy-data-management\/#breadcrumb\",\"itemListElement\":[{\"@type\":\"ListItem\",\"position\":1,\"name\":\"Home\",\"item\":\"https:\/\/www.cohesity.com\/fr\/\"},{\"@type\":\"ListItem\",\"position\":2,\"name\":\"Pr\u00e9sentation des solutions\",\"item\":\"https:\/\/www.cohesity.com\/fr\/solutions\/\"},{\"@type\":\"ListItem\",\"position\":3,\"name\":\"Copy &#8211; Gestion des copies de donn\u00e9es\"}]},{\"@type\":\"WebSite\",\"@id\":\"https:\/\/www.cohesity.com\/fr\/#website\",\"url\":\"https:\/\/www.cohesity.com\/fr\/\",\"name\":\"Cohesity\",\"description\":\"Eliminate mass data fragmentation with Cohesity\u2019s modern approach to data management, beginning with backup. Gain instant recovery.\",\"publisher\":{\"@id\":\"https:\/\/www.cohesity.com\/fr\/#organization\"},\"potentialAction\":[{\"@type\":\"SearchAction\",\"target\":{\"@type\":\"EntryPoint\",\"urlTemplate\":\"https:\/\/www.cohesity.com\/fr\/?s={search_term_string}\"},\"query-input\":{\"@type\":\"PropertyValueSpecification\",\"valueRequired\":true,\"valueName\":\"search_term_string\"}}],\"inLanguage\":\"fr-FR\"},{\"@type\":\"Organization\",\"@id\":\"https:\/\/www.cohesity.com\/fr\/#organization\",\"name\":\"Cohesity\",\"url\":\"https:\/\/www.cohesity.com\/fr\/\",\"logo\":{\"@type\":\"ImageObject\",\"inLanguage\":\"fr-FR\",\"@id\":\"https:\/\/www.cohesity.com\/fr\/#\/schema\/logo\/image\/\",\"url\":\"https:\/\/www.cohesity.com\/wp-content\/new_media\/2020\/10\/cohesity_logo.svg\",\"contentUrl\":\"https:\/\/www.cohesity.com\/wp-content\/new_media\/2020\/10\/cohesity_logo.svg\",\"width\":143,\"height\":20,\"caption\":\"Cohesity\"},\"image\":{\"@id\":\"https:\/\/www.cohesity.com\/fr\/#\/schema\/logo\/image\/\"},\"sameAs\":[\"https:\/\/www.facebook.com\/cohesity\",\"https:\/\/x.com\/cohesity\"]}]}<\/script>\n<!-- \/ Yoast SEO Premium plugin. -->","yoast_head_json":{"title":"Gestion des copies de donn\u00e9es | Cohesity","description":"Cr\u00e9ez et g\u00e9rez les copies de donn\u00e9es, et s\u00e9curisez vos donn\u00e9es gr\u00e2ce \u00e0 la gestion des copies de donn\u00e9es.","robots":{"index":"index","follow":"follow","max-snippet":"max-snippet:-1","max-image-preview":"max-image-preview:large","max-video-preview":"max-video-preview:-1"},"canonical":"https:\/\/www.cohesity.com\/fr\/solutions\/copy-data-management\/","og_locale":"fr_FR","og_type":"article","og_title":"Gestion des copies de donn\u00e9es | Cohesity","og_description":"Cr\u00e9ez et g\u00e9rez les copies de donn\u00e9es, et s\u00e9curisez vos donn\u00e9es gr\u00e2ce \u00e0 la gestion des copies de donn\u00e9es.","og_url":"https:\/\/www.cohesity.com\/fr\/solutions\/copy-data-management\/","og_site_name":"Cohesity","article_publisher":"https:\/\/www.facebook.com\/cohesity","article_modified_time":"2024-05-09T04:52:06+00:00","og_image":[{"url":"https:\/\/www.cohesity.com\/wp-content\/new_media\/2024\/01\/copy-data-management-og.jpg","type":"","width":"","height":""}],"twitter_card":"summary_large_image","twitter_title":"Gestion des copies de donn\u00e9es | Cohesity","twitter_description":"Cr\u00e9ez et g\u00e9rez les copies de donn\u00e9es, et s\u00e9curisez vos donn\u00e9es gr\u00e2ce \u00e0 la gestion des copies de donn\u00e9es.","twitter_image":"https:\/\/www.cohesity.com\/wp-content\/new_media\/2024\/01\/copy-data-management-og.jpg","twitter_site":"@cohesity","twitter_misc":{"Est. reading time":"1 minute"},"schema":{"@context":"https:\/\/schema.org","@graph":[{"@type":"WebPage","@id":"https:\/\/www.cohesity.com\/fr\/solutions\/copy-data-management\/","url":"https:\/\/www.cohesity.com\/fr\/solutions\/copy-data-management\/","name":"Gestion des copies de donn\u00e9es | Cohesity","isPartOf":{"@id":"https:\/\/www.cohesity.com\/fr\/#website"},"primaryImageOfPage":{"@id":"https:\/\/www.cohesity.com\/fr\/solutions\/copy-data-management\/#primaryimage"},"image":{"@id":"https:\/\/www.cohesity.com\/fr\/solutions\/copy-data-management\/#primaryimage"},"thumbnailUrl":"https:\/\/www.cohesity.com\/wp-content\/new_media\/2023\/05\/copy-data-icon-copy-data.svg","datePublished":"2023-07-03T09:27:25+00:00","dateModified":"2024-05-09T04:52:06+00:00","description":"Cr\u00e9ez et g\u00e9rez les copies de donn\u00e9es, et s\u00e9curisez vos donn\u00e9es gr\u00e2ce \u00e0 la gestion des copies de donn\u00e9es.","breadcrumb":{"@id":"https:\/\/www.cohesity.com\/fr\/solutions\/copy-data-management\/#breadcrumb"},"inLanguage":"fr-FR","potentialAction":[{"@type":"ReadAction","target":["https:\/\/www.cohesity.com\/fr\/solutions\/copy-data-management\/"]}]},{"@type":"ImageObject","inLanguage":"fr-FR","@id":"https:\/\/www.cohesity.com\/fr\/solutions\/copy-data-management\/#primaryimage","url":"https:\/\/www.cohesity.com\/wp-content\/new_media\/2023\/05\/copy-data-icon-copy-data.svg","contentUrl":"https:\/\/www.cohesity.com\/wp-content\/new_media\/2023\/05\/copy-data-icon-copy-data.svg","caption":"data copy icon"},{"@type":"BreadcrumbList","@id":"https:\/\/www.cohesity.com\/fr\/solutions\/copy-data-management\/#breadcrumb","itemListElement":[{"@type":"ListItem","position":1,"name":"Home","item":"https:\/\/www.cohesity.com\/fr\/"},{"@type":"ListItem","position":2,"name":"Pr\u00e9sentation des solutions","item":"https:\/\/www.cohesity.com\/fr\/solutions\/"},{"@type":"ListItem","position":3,"name":"Copy &#8211; Gestion des copies de donn\u00e9es"}]},{"@type":"WebSite","@id":"https:\/\/www.cohesity.com\/fr\/#website","url":"https:\/\/www.cohesity.com\/fr\/","name":"Cohesity","description":"Eliminate mass data fragmentation with Cohesity\u2019s modern approach to data management, beginning with backup. Gain instant recovery.","publisher":{"@id":"https:\/\/www.cohesity.com\/fr\/#organization"},"potentialAction":[{"@type":"SearchAction","target":{"@type":"EntryPoint","urlTemplate":"https:\/\/www.cohesity.com\/fr\/?s={search_term_string}"},"query-input":{"@type":"PropertyValueSpecification","valueRequired":true,"valueName":"search_term_string"}}],"inLanguage":"fr-FR"},{"@type":"Organization","@id":"https:\/\/www.cohesity.com\/fr\/#organization","name":"Cohesity","url":"https:\/\/www.cohesity.com\/fr\/","logo":{"@type":"ImageObject","inLanguage":"fr-FR","@id":"https:\/\/www.cohesity.com\/fr\/#\/schema\/logo\/image\/","url":"https:\/\/www.cohesity.com\/wp-content\/new_media\/2020\/10\/cohesity_logo.svg","contentUrl":"https:\/\/www.cohesity.com\/wp-content\/new_media\/2020\/10\/cohesity_logo.svg","width":143,"height":20,"caption":"Cohesity"},"image":{"@id":"https:\/\/www.cohesity.com\/fr\/#\/schema\/logo\/image\/"},"sameAs":["https:\/\/www.facebook.com\/cohesity","https:\/\/x.com\/cohesity"]}]}},"_links":{"self":[{"href":"https:\/\/www.cohesity.com\/fr\/wp-json\/wp\/v2\/pages\/202474","targetHints":{"allow":["GET"]}}],"collection":[{"href":"https:\/\/www.cohesity.com\/fr\/wp-json\/wp\/v2\/pages"}],"about":[{"href":"https:\/\/www.cohesity.com\/fr\/wp-json\/wp\/v2\/types\/page"}],"author":[{"embeddable":true,"href":"https:\/\/www.cohesity.com\/fr\/wp-json\/wp\/v2\/users\/7"}],"replies":[{"embeddable":true,"href":"https:\/\/www.cohesity.com\/fr\/wp-json\/wp\/v2\/comments?post=202474"}],"version-history":[{"count":0,"href":"https:\/\/www.cohesity.com\/fr\/wp-json\/wp\/v2\/pages\/202474\/revisions"}],"up":[{"embeddable":true,"href":"https:\/\/www.cohesity.com\/fr\/wp-json\/wp\/v2\/pages\/53831"}],"wp:featuredmedia":[{"embeddable":true,"href":"https:\/\/www.cohesity.com\/fr\/wp-json\/wp\/v2\/media\/193722"}],"wp:attachment":[{"href":"https:\/\/www.cohesity.com\/fr\/wp-json\/wp\/v2\/media?parent=202474"}],"curies":[{"name":"wp","href":"https:\/\/api.w.org\/{rel}","templated":true}]}}