{"id":202552,"date":"2023-07-04T01:52:09","date_gmt":"2023-07-04T08:52:09","guid":{"rendered":"https:\/\/www.cohesity.com\/solutions\/resilience-des-donnees\/"},"modified":"2024-08-05T05:38:20","modified_gmt":"2024-08-05T12:38:20","slug":"data-resilience","status":"publish","type":"page","link":"https:\/\/www.cohesity.com\/fr\/solutions\/data-resilience\/","title":{"rendered":"R\u00e9silience des donn\u00e9es"},"content":{"rendered":"","protected":false},"excerpt":{"rendered":"","protected":false},"author":7,"featured_media":193583,"parent":53831,"menu_order":0,"comment_status":"closed","ping_status":"closed","template":"template-solutions-redesign.php","meta":{"_acf_changed":false,"_oasis_is_in_workflow":0,"_oasis_original":0,"_oasis_task_priority":"","inline_featured_image":false,"footnotes":""},"class_list":["post-202552","page","type-page","status-publish","has-post-thumbnail","hentry"],"acf":[],"yoast_head":"<!-- This site is optimized with the Yoast SEO Premium plugin v23.2 (Yoast SEO v24.5) - https:\/\/yoast.com\/wordpress\/plugins\/seo\/ -->\n<title>Solutions de r\u00e9silience des donn\u00e9es | Cohesity<\/title>\n<meta name=\"description\" content=\"Am\u00e9liorez votre strat\u00e9gie de r\u00e9silience des donn\u00e9es, r\u00e9duisez les co\u00fbts li\u00e9s aux donn\u00e9es et atteignez des objectifs de d\u00e9lai de restauration et de point de restauration proches de z\u00e9ro gr\u00e2ce \u00e0 une sauvegarde et une restauration modernes.\" \/>\n<meta name=\"robots\" content=\"index, follow, max-snippet:-1, max-image-preview:large, max-video-preview:-1\" \/>\n<link rel=\"canonical\" href=\"https:\/\/www.cohesity.com\/fr\/solutions\/data-resilience\/\" \/>\n<meta property=\"og:locale\" content=\"fr_FR\" \/>\n<meta property=\"og:type\" content=\"article\" \/>\n<meta property=\"og:title\" content=\"Solutions de r\u00e9silience des donn\u00e9es | Cohesity\" \/>\n<meta property=\"og:description\" content=\"Renforcez votre strat\u00e9gie de r\u00e9silience des donn\u00e9es avec une solution moderne de sauvegarde et de restauration. Une restauration plus rapide. Des co\u00fbts r\u00e9duits. Une \u00e9volutivit\u00e9 illimit\u00e9e.\" \/>\n<meta property=\"og:url\" content=\"https:\/\/www.cohesity.com\/fr\/solutions\/data-resilience\/\" \/>\n<meta property=\"og:site_name\" content=\"Cohesity\" \/>\n<meta property=\"article:publisher\" content=\"https:\/\/www.facebook.com\/cohesity\" \/>\n<meta property=\"article:modified_time\" content=\"2024-08-05T12:38:20+00:00\" \/>\n<meta property=\"og:image\" content=\"https:\/\/www.cohesity.com\/wp-content\/new_media\/2024\/02\/data-resilience-og.jpg\" \/>\n<meta name=\"twitter:card\" content=\"summary_large_image\" \/>\n<meta name=\"twitter:title\" content=\"Solutions de r\u00e9silience des donn\u00e9es | Cohesity\" \/>\n<meta name=\"twitter:description\" content=\"Renforcez votre strat\u00e9gie de r\u00e9silience des donn\u00e9es avec une solution moderne de sauvegarde et de restauration. Une restauration plus rapide. Des co\u00fbts r\u00e9duits. Une \u00e9volutivit\u00e9 illimit\u00e9e.\" \/>\n<meta name=\"twitter:image\" content=\"https:\/\/www.cohesity.com\/wp-content\/new_media\/2024\/02\/data-resilience-og.jpg\" \/>\n<meta name=\"twitter:site\" content=\"@cohesity\" \/>\n<meta name=\"twitter:label1\" content=\"Est. reading time\" \/>\n\t<meta name=\"twitter:data1\" content=\"1 minute\" \/>\n<script type=\"application\/ld+json\" class=\"yoast-schema-graph\">{\"@context\":\"https:\/\/schema.org\",\"@graph\":[{\"@type\":\"WebPage\",\"@id\":\"https:\/\/www.cohesity.com\/fr\/solutions\/data-resilience\/\",\"url\":\"https:\/\/www.cohesity.com\/fr\/solutions\/data-resilience\/\",\"name\":\"Solutions de r\u00e9silience des donn\u00e9es | Cohesity\",\"isPartOf\":{\"@id\":\"https:\/\/www.cohesity.com\/fr\/#website\"},\"primaryImageOfPage\":{\"@id\":\"https:\/\/www.cohesity.com\/fr\/solutions\/data-resilience\/#primaryimage\"},\"image\":{\"@id\":\"https:\/\/www.cohesity.com\/fr\/solutions\/data-resilience\/#primaryimage\"},\"thumbnailUrl\":\"https:\/\/www.cohesity.com\/wp-content\/new_media\/2023\/05\/icon-data-resilicency.svg\",\"datePublished\":\"2023-07-04T08:52:09+00:00\",\"dateModified\":\"2024-08-05T12:38:20+00:00\",\"description\":\"Am\u00e9liorez votre strat\u00e9gie de r\u00e9silience des donn\u00e9es, r\u00e9duisez les co\u00fbts li\u00e9s aux donn\u00e9es et atteignez des objectifs de d\u00e9lai de restauration et de point de restauration proches de z\u00e9ro gr\u00e2ce \u00e0 une sauvegarde et une restauration modernes.\",\"breadcrumb\":{\"@id\":\"https:\/\/www.cohesity.com\/fr\/solutions\/data-resilience\/#breadcrumb\"},\"inLanguage\":\"fr-FR\",\"potentialAction\":[{\"@type\":\"ReadAction\",\"target\":[\"https:\/\/www.cohesity.com\/fr\/solutions\/data-resilience\/\"]}]},{\"@type\":\"ImageObject\",\"inLanguage\":\"fr-FR\",\"@id\":\"https:\/\/www.cohesity.com\/fr\/solutions\/data-resilience\/#primaryimage\",\"url\":\"https:\/\/www.cohesity.com\/wp-content\/new_media\/2023\/05\/icon-data-resilicency.svg\",\"contentUrl\":\"https:\/\/www.cohesity.com\/wp-content\/new_media\/2023\/05\/icon-data-resilicency.svg\",\"caption\":\"Data Resiliency icon\"},{\"@type\":\"BreadcrumbList\",\"@id\":\"https:\/\/www.cohesity.com\/fr\/solutions\/data-resilience\/#breadcrumb\",\"itemListElement\":[{\"@type\":\"ListItem\",\"position\":1,\"name\":\"Home\",\"item\":\"https:\/\/www.cohesity.com\/fr\/\"},{\"@type\":\"ListItem\",\"position\":2,\"name\":\"Pr\u00e9sentation des solutions\",\"item\":\"https:\/\/www.cohesity.com\/fr\/solutions\/\"},{\"@type\":\"ListItem\",\"position\":3,\"name\":\"R\u00e9silience des donn\u00e9es\"}]},{\"@type\":\"WebSite\",\"@id\":\"https:\/\/www.cohesity.com\/fr\/#website\",\"url\":\"https:\/\/www.cohesity.com\/fr\/\",\"name\":\"Cohesity\",\"description\":\"Eliminate mass data fragmentation with Cohesity\u2019s modern approach to data management, beginning with backup. Gain instant recovery.\",\"publisher\":{\"@id\":\"https:\/\/www.cohesity.com\/fr\/#organization\"},\"potentialAction\":[{\"@type\":\"SearchAction\",\"target\":{\"@type\":\"EntryPoint\",\"urlTemplate\":\"https:\/\/www.cohesity.com\/fr\/?s={search_term_string}\"},\"query-input\":{\"@type\":\"PropertyValueSpecification\",\"valueRequired\":true,\"valueName\":\"search_term_string\"}}],\"inLanguage\":\"fr-FR\"},{\"@type\":\"Organization\",\"@id\":\"https:\/\/www.cohesity.com\/fr\/#organization\",\"name\":\"Cohesity\",\"url\":\"https:\/\/www.cohesity.com\/fr\/\",\"logo\":{\"@type\":\"ImageObject\",\"inLanguage\":\"fr-FR\",\"@id\":\"https:\/\/www.cohesity.com\/fr\/#\/schema\/logo\/image\/\",\"url\":\"https:\/\/www.cohesity.com\/wp-content\/new_media\/2020\/10\/cohesity_logo.svg\",\"contentUrl\":\"https:\/\/www.cohesity.com\/wp-content\/new_media\/2020\/10\/cohesity_logo.svg\",\"width\":143,\"height\":20,\"caption\":\"Cohesity\"},\"image\":{\"@id\":\"https:\/\/www.cohesity.com\/fr\/#\/schema\/logo\/image\/\"},\"sameAs\":[\"https:\/\/www.facebook.com\/cohesity\",\"https:\/\/x.com\/cohesity\"]}]}<\/script>\n<!-- \/ Yoast SEO Premium plugin. -->","yoast_head_json":{"title":"Solutions de r\u00e9silience des donn\u00e9es | Cohesity","description":"Am\u00e9liorez votre strat\u00e9gie de r\u00e9silience des donn\u00e9es, r\u00e9duisez les co\u00fbts li\u00e9s aux donn\u00e9es et atteignez des objectifs de d\u00e9lai de restauration et de point de restauration proches de z\u00e9ro gr\u00e2ce \u00e0 une sauvegarde et une restauration modernes.","robots":{"index":"index","follow":"follow","max-snippet":"max-snippet:-1","max-image-preview":"max-image-preview:large","max-video-preview":"max-video-preview:-1"},"canonical":"https:\/\/www.cohesity.com\/fr\/solutions\/data-resilience\/","og_locale":"fr_FR","og_type":"article","og_title":"Solutions de r\u00e9silience des donn\u00e9es | Cohesity","og_description":"Renforcez votre strat\u00e9gie de r\u00e9silience des donn\u00e9es avec une solution moderne de sauvegarde et de restauration. Une restauration plus rapide. Des co\u00fbts r\u00e9duits. Une \u00e9volutivit\u00e9 illimit\u00e9e.","og_url":"https:\/\/www.cohesity.com\/fr\/solutions\/data-resilience\/","og_site_name":"Cohesity","article_publisher":"https:\/\/www.facebook.com\/cohesity","article_modified_time":"2024-08-05T12:38:20+00:00","og_image":[{"url":"https:\/\/www.cohesity.com\/wp-content\/new_media\/2024\/02\/data-resilience-og.jpg","type":"","width":"","height":""}],"twitter_card":"summary_large_image","twitter_title":"Solutions de r\u00e9silience des donn\u00e9es | Cohesity","twitter_description":"Renforcez votre strat\u00e9gie de r\u00e9silience des donn\u00e9es avec une solution moderne de sauvegarde et de restauration. Une restauration plus rapide. Des co\u00fbts r\u00e9duits. Une \u00e9volutivit\u00e9 illimit\u00e9e.","twitter_image":"https:\/\/www.cohesity.com\/wp-content\/new_media\/2024\/02\/data-resilience-og.jpg","twitter_site":"@cohesity","twitter_misc":{"Est. reading time":"1 minute"},"schema":{"@context":"https:\/\/schema.org","@graph":[{"@type":"WebPage","@id":"https:\/\/www.cohesity.com\/fr\/solutions\/data-resilience\/","url":"https:\/\/www.cohesity.com\/fr\/solutions\/data-resilience\/","name":"Solutions de r\u00e9silience des donn\u00e9es | Cohesity","isPartOf":{"@id":"https:\/\/www.cohesity.com\/fr\/#website"},"primaryImageOfPage":{"@id":"https:\/\/www.cohesity.com\/fr\/solutions\/data-resilience\/#primaryimage"},"image":{"@id":"https:\/\/www.cohesity.com\/fr\/solutions\/data-resilience\/#primaryimage"},"thumbnailUrl":"https:\/\/www.cohesity.com\/wp-content\/new_media\/2023\/05\/icon-data-resilicency.svg","datePublished":"2023-07-04T08:52:09+00:00","dateModified":"2024-08-05T12:38:20+00:00","description":"Am\u00e9liorez votre strat\u00e9gie de r\u00e9silience des donn\u00e9es, r\u00e9duisez les co\u00fbts li\u00e9s aux donn\u00e9es et atteignez des objectifs de d\u00e9lai de restauration et de point de restauration proches de z\u00e9ro gr\u00e2ce \u00e0 une sauvegarde et une restauration modernes.","breadcrumb":{"@id":"https:\/\/www.cohesity.com\/fr\/solutions\/data-resilience\/#breadcrumb"},"inLanguage":"fr-FR","potentialAction":[{"@type":"ReadAction","target":["https:\/\/www.cohesity.com\/fr\/solutions\/data-resilience\/"]}]},{"@type":"ImageObject","inLanguage":"fr-FR","@id":"https:\/\/www.cohesity.com\/fr\/solutions\/data-resilience\/#primaryimage","url":"https:\/\/www.cohesity.com\/wp-content\/new_media\/2023\/05\/icon-data-resilicency.svg","contentUrl":"https:\/\/www.cohesity.com\/wp-content\/new_media\/2023\/05\/icon-data-resilicency.svg","caption":"Data Resiliency icon"},{"@type":"BreadcrumbList","@id":"https:\/\/www.cohesity.com\/fr\/solutions\/data-resilience\/#breadcrumb","itemListElement":[{"@type":"ListItem","position":1,"name":"Home","item":"https:\/\/www.cohesity.com\/fr\/"},{"@type":"ListItem","position":2,"name":"Pr\u00e9sentation des solutions","item":"https:\/\/www.cohesity.com\/fr\/solutions\/"},{"@type":"ListItem","position":3,"name":"R\u00e9silience des donn\u00e9es"}]},{"@type":"WebSite","@id":"https:\/\/www.cohesity.com\/fr\/#website","url":"https:\/\/www.cohesity.com\/fr\/","name":"Cohesity","description":"Eliminate mass data fragmentation with Cohesity\u2019s modern approach to data management, beginning with backup. Gain instant recovery.","publisher":{"@id":"https:\/\/www.cohesity.com\/fr\/#organization"},"potentialAction":[{"@type":"SearchAction","target":{"@type":"EntryPoint","urlTemplate":"https:\/\/www.cohesity.com\/fr\/?s={search_term_string}"},"query-input":{"@type":"PropertyValueSpecification","valueRequired":true,"valueName":"search_term_string"}}],"inLanguage":"fr-FR"},{"@type":"Organization","@id":"https:\/\/www.cohesity.com\/fr\/#organization","name":"Cohesity","url":"https:\/\/www.cohesity.com\/fr\/","logo":{"@type":"ImageObject","inLanguage":"fr-FR","@id":"https:\/\/www.cohesity.com\/fr\/#\/schema\/logo\/image\/","url":"https:\/\/www.cohesity.com\/wp-content\/new_media\/2020\/10\/cohesity_logo.svg","contentUrl":"https:\/\/www.cohesity.com\/wp-content\/new_media\/2020\/10\/cohesity_logo.svg","width":143,"height":20,"caption":"Cohesity"},"image":{"@id":"https:\/\/www.cohesity.com\/fr\/#\/schema\/logo\/image\/"},"sameAs":["https:\/\/www.facebook.com\/cohesity","https:\/\/x.com\/cohesity"]}]}},"_links":{"self":[{"href":"https:\/\/www.cohesity.com\/fr\/wp-json\/wp\/v2\/pages\/202552","targetHints":{"allow":["GET"]}}],"collection":[{"href":"https:\/\/www.cohesity.com\/fr\/wp-json\/wp\/v2\/pages"}],"about":[{"href":"https:\/\/www.cohesity.com\/fr\/wp-json\/wp\/v2\/types\/page"}],"author":[{"embeddable":true,"href":"https:\/\/www.cohesity.com\/fr\/wp-json\/wp\/v2\/users\/7"}],"replies":[{"embeddable":true,"href":"https:\/\/www.cohesity.com\/fr\/wp-json\/wp\/v2\/comments?post=202552"}],"version-history":[{"count":0,"href":"https:\/\/www.cohesity.com\/fr\/wp-json\/wp\/v2\/pages\/202552\/revisions"}],"up":[{"embeddable":true,"href":"https:\/\/www.cohesity.com\/fr\/wp-json\/wp\/v2\/pages\/53831"}],"wp:featuredmedia":[{"embeddable":true,"href":"https:\/\/www.cohesity.com\/fr\/wp-json\/wp\/v2\/media\/193583"}],"wp:attachment":[{"href":"https:\/\/www.cohesity.com\/fr\/wp-json\/wp\/v2\/media?parent=202552"}],"curies":[{"name":"wp","href":"https:\/\/api.w.org\/{rel}","templated":true}]}}