{"id":210595,"date":"2023-09-20T11:42:26","date_gmt":"2023-09-20T18:42:26","guid":{"rendered":"https:\/\/www.cohesity.com\/?page_id=210595"},"modified":"2024-08-23T16:50:03","modified_gmt":"2024-08-23T23:50:03","slug":"can-you-defy-these-global-ransomware-trends","status":"publish","type":"page","link":"https:\/\/www.cohesity.com\/fr\/dm\/can-you-defy-these-global-ransomware-trends\/","title":{"rendered":"Pouvez-vous d\u00e9fier ces tendances mondiales en mati\u00e8re de ransomware\u00a0?"},"content":{"rendered":"","protected":false},"excerpt":{"rendered":"","protected":false},"author":7,"featured_media":0,"parent":56522,"menu_order":0,"comment_status":"closed","ping_status":"closed","template":"template-generic.php","meta":{"_acf_changed":false,"_oasis_is_in_workflow":0,"_oasis_original":204677,"_oasis_task_priority":"","inline_featured_image":false,"footnotes":""},"class_list":["post-210595","page","type-page","status-publish","hentry"],"acf":[],"yoast_head":"<!-- This site is optimized with the Yoast SEO Premium plugin v23.2 (Yoast SEO v24.5) - https:\/\/yoast.com\/wordpress\/plugins\/seo\/ -->\n<title>Rapport sur l\u2019\u00e9tat de la s\u00e9curit\u00e9 des donn\u00e9es - D\u00e9couvrez les tendances en mati\u00e8re de ransomware<\/title>\n<meta name=\"description\" content=\"Le deuxi\u00e8me rapport annuel sur l\u2019\u00e9tat de la s\u00e9curit\u00e9 et de la gestion des donn\u00e9es r\u00e9v\u00e8le les principaux r\u00e9sultats de l\u2019enqu\u00eate et donne des informations sur les tendances, les pr\u00e9occupations et les nouvelles solutions en mati\u00e8re de ransomware.\" \/>\n<meta name=\"robots\" content=\"index, follow, max-snippet:-1, max-image-preview:large, max-video-preview:-1\" \/>\n<link rel=\"canonical\" href=\"https:\/\/www.cohesity.com\/fr\/dm\/can-you-defy-these-global-ransomware-trends\/\" \/>\n<meta property=\"og:locale\" content=\"fr_FR\" \/>\n<meta property=\"og:type\" content=\"article\" \/>\n<meta property=\"og:title\" content=\"Rapport sur l\u2019\u00e9tat de la s\u00e9curit\u00e9 des donn\u00e9es - D\u00e9couvrez les tendances en mati\u00e8re de ransomware\" \/>\n<meta property=\"og:description\" content=\"Le deuxi\u00e8me rapport annuel sur l\u2019\u00e9tat de la s\u00e9curit\u00e9 et de la gestion des donn\u00e9es r\u00e9v\u00e8le les principaux r\u00e9sultats de l\u2019enqu\u00eate et donne des informations sur les tendances, les pr\u00e9occupations et les nouvelles solutions en mati\u00e8re de ransomware.\" \/>\n<meta property=\"og:url\" content=\"https:\/\/www.cohesity.com\/fr\/dm\/can-you-defy-these-global-ransomware-trends\/\" \/>\n<meta property=\"og:site_name\" content=\"Cohesity\" \/>\n<meta property=\"article:publisher\" content=\"https:\/\/www.facebook.com\/cohesity\" \/>\n<meta property=\"article:modified_time\" content=\"2024-08-23T23:50:03+00:00\" \/>\n<meta property=\"og:image\" content=\"https:\/\/www.cohesity.com\/wp-content\/new_media\/2020\/10\/cohesity-logo-new.jpg\" \/>\n\t<meta property=\"og:image:width\" content=\"800\" \/>\n\t<meta property=\"og:image:height\" content=\"401\" \/>\n\t<meta property=\"og:image:type\" content=\"image\/jpeg\" \/>\n<meta name=\"twitter:card\" content=\"summary_large_image\" \/>\n<meta name=\"twitter:title\" content=\"Rapport sur l\u2019\u00e9tat de la s\u00e9curit\u00e9 des donn\u00e9es - D\u00e9couvrez les tendances en mati\u00e8re de ransomware\" \/>\n<meta name=\"twitter:description\" content=\"Le deuxi\u00e8me rapport annuel sur l\u2019\u00e9tat de la s\u00e9curit\u00e9 et de la gestion des donn\u00e9es r\u00e9v\u00e8le les principaux r\u00e9sultats de l\u2019enqu\u00eate et donne des informations sur les tendances, les pr\u00e9occupations et les nouvelles solutions en mati\u00e8re de ransomware.\" \/>\n<meta name=\"twitter:site\" content=\"@cohesity\" \/>\n<script type=\"application\/ld+json\" class=\"yoast-schema-graph\">{\"@context\":\"https:\/\/schema.org\",\"@graph\":[{\"@type\":\"WebPage\",\"@id\":\"https:\/\/www.cohesity.com\/fr\/dm\/can-you-defy-these-global-ransomware-trends\/\",\"url\":\"https:\/\/www.cohesity.com\/fr\/dm\/can-you-defy-these-global-ransomware-trends\/\",\"name\":\"Rapport sur l\u2019\u00e9tat de la s\u00e9curit\u00e9 des donn\u00e9es - D\u00e9couvrez les tendances en mati\u00e8re de ransomware\",\"isPartOf\":{\"@id\":\"https:\/\/www.cohesity.com\/fr\/#website\"},\"datePublished\":\"2023-09-20T18:42:26+00:00\",\"dateModified\":\"2024-08-23T23:50:03+00:00\",\"description\":\"Le deuxi\u00e8me rapport annuel sur l\u2019\u00e9tat de la s\u00e9curit\u00e9 et de la gestion des donn\u00e9es r\u00e9v\u00e8le les principaux r\u00e9sultats de l\u2019enqu\u00eate et donne des informations sur les tendances, les pr\u00e9occupations et les nouvelles solutions en mati\u00e8re de ransomware.\",\"breadcrumb\":{\"@id\":\"https:\/\/www.cohesity.com\/fr\/dm\/can-you-defy-these-global-ransomware-trends\/#breadcrumb\"},\"inLanguage\":\"fr-FR\",\"potentialAction\":[{\"@type\":\"ReadAction\",\"target\":[\"https:\/\/www.cohesity.com\/fr\/dm\/can-you-defy-these-global-ransomware-trends\/\"]}]},{\"@type\":\"BreadcrumbList\",\"@id\":\"https:\/\/www.cohesity.com\/fr\/dm\/can-you-defy-these-global-ransomware-trends\/#breadcrumb\",\"itemListElement\":[{\"@type\":\"ListItem\",\"position\":1,\"name\":\"Home\",\"item\":\"https:\/\/www.cohesity.com\/fr\/\"},{\"@type\":\"ListItem\",\"position\":2,\"name\":\"DM\",\"item\":\"https:\/\/www.cohesity.com\/fr\/dm\/\"},{\"@type\":\"ListItem\",\"position\":3,\"name\":\"Pouvez-vous d\u00e9fier ces tendances mondiales en mati\u00e8re de ransomware\u00a0?\"}]},{\"@type\":\"WebSite\",\"@id\":\"https:\/\/www.cohesity.com\/fr\/#website\",\"url\":\"https:\/\/www.cohesity.com\/fr\/\",\"name\":\"Cohesity\",\"description\":\"Eliminate mass data fragmentation with Cohesity\u2019s modern approach to data management, beginning with backup. Gain instant recovery.\",\"publisher\":{\"@id\":\"https:\/\/www.cohesity.com\/fr\/#organization\"},\"potentialAction\":[{\"@type\":\"SearchAction\",\"target\":{\"@type\":\"EntryPoint\",\"urlTemplate\":\"https:\/\/www.cohesity.com\/fr\/?s={search_term_string}\"},\"query-input\":{\"@type\":\"PropertyValueSpecification\",\"valueRequired\":true,\"valueName\":\"search_term_string\"}}],\"inLanguage\":\"fr-FR\"},{\"@type\":\"Organization\",\"@id\":\"https:\/\/www.cohesity.com\/fr\/#organization\",\"name\":\"Cohesity\",\"url\":\"https:\/\/www.cohesity.com\/fr\/\",\"logo\":{\"@type\":\"ImageObject\",\"inLanguage\":\"fr-FR\",\"@id\":\"https:\/\/www.cohesity.com\/fr\/#\/schema\/logo\/image\/\",\"url\":\"https:\/\/www.cohesity.com\/wp-content\/new_media\/2020\/10\/cohesity_logo.svg\",\"contentUrl\":\"https:\/\/www.cohesity.com\/wp-content\/new_media\/2020\/10\/cohesity_logo.svg\",\"width\":143,\"height\":20,\"caption\":\"Cohesity\"},\"image\":{\"@id\":\"https:\/\/www.cohesity.com\/fr\/#\/schema\/logo\/image\/\"},\"sameAs\":[\"https:\/\/www.facebook.com\/cohesity\",\"https:\/\/x.com\/cohesity\"]}]}<\/script>\n<!-- \/ Yoast SEO Premium plugin. -->","yoast_head_json":{"title":"Rapport sur l\u2019\u00e9tat de la s\u00e9curit\u00e9 des donn\u00e9es - D\u00e9couvrez les tendances en mati\u00e8re de ransomware","description":"Le deuxi\u00e8me rapport annuel sur l\u2019\u00e9tat de la s\u00e9curit\u00e9 et de la gestion des donn\u00e9es r\u00e9v\u00e8le les principaux r\u00e9sultats de l\u2019enqu\u00eate et donne des informations sur les tendances, les pr\u00e9occupations et les nouvelles solutions en mati\u00e8re de ransomware.","robots":{"index":"index","follow":"follow","max-snippet":"max-snippet:-1","max-image-preview":"max-image-preview:large","max-video-preview":"max-video-preview:-1"},"canonical":"https:\/\/www.cohesity.com\/fr\/dm\/can-you-defy-these-global-ransomware-trends\/","og_locale":"fr_FR","og_type":"article","og_title":"Rapport sur l\u2019\u00e9tat de la s\u00e9curit\u00e9 des donn\u00e9es - D\u00e9couvrez les tendances en mati\u00e8re de ransomware","og_description":"Le deuxi\u00e8me rapport annuel sur l\u2019\u00e9tat de la s\u00e9curit\u00e9 et de la gestion des donn\u00e9es r\u00e9v\u00e8le les principaux r\u00e9sultats de l\u2019enqu\u00eate et donne des informations sur les tendances, les pr\u00e9occupations et les nouvelles solutions en mati\u00e8re de ransomware.","og_url":"https:\/\/www.cohesity.com\/fr\/dm\/can-you-defy-these-global-ransomware-trends\/","og_site_name":"Cohesity","article_publisher":"https:\/\/www.facebook.com\/cohesity","article_modified_time":"2024-08-23T23:50:03+00:00","og_image":[{"width":800,"height":401,"url":"https:\/\/www.cohesity.com\/wp-content\/new_media\/2020\/10\/cohesity-logo-new.jpg","type":"image\/jpeg"}],"twitter_card":"summary_large_image","twitter_title":"Rapport sur l\u2019\u00e9tat de la s\u00e9curit\u00e9 des donn\u00e9es - D\u00e9couvrez les tendances en mati\u00e8re de ransomware","twitter_description":"Le deuxi\u00e8me rapport annuel sur l\u2019\u00e9tat de la s\u00e9curit\u00e9 et de la gestion des donn\u00e9es r\u00e9v\u00e8le les principaux r\u00e9sultats de l\u2019enqu\u00eate et donne des informations sur les tendances, les pr\u00e9occupations et les nouvelles solutions en mati\u00e8re de ransomware.","twitter_site":"@cohesity","schema":{"@context":"https:\/\/schema.org","@graph":[{"@type":"WebPage","@id":"https:\/\/www.cohesity.com\/fr\/dm\/can-you-defy-these-global-ransomware-trends\/","url":"https:\/\/www.cohesity.com\/fr\/dm\/can-you-defy-these-global-ransomware-trends\/","name":"Rapport sur l\u2019\u00e9tat de la s\u00e9curit\u00e9 des donn\u00e9es - D\u00e9couvrez les tendances en mati\u00e8re de ransomware","isPartOf":{"@id":"https:\/\/www.cohesity.com\/fr\/#website"},"datePublished":"2023-09-20T18:42:26+00:00","dateModified":"2024-08-23T23:50:03+00:00","description":"Le deuxi\u00e8me rapport annuel sur l\u2019\u00e9tat de la s\u00e9curit\u00e9 et de la gestion des donn\u00e9es r\u00e9v\u00e8le les principaux r\u00e9sultats de l\u2019enqu\u00eate et donne des informations sur les tendances, les pr\u00e9occupations et les nouvelles solutions en mati\u00e8re de ransomware.","breadcrumb":{"@id":"https:\/\/www.cohesity.com\/fr\/dm\/can-you-defy-these-global-ransomware-trends\/#breadcrumb"},"inLanguage":"fr-FR","potentialAction":[{"@type":"ReadAction","target":["https:\/\/www.cohesity.com\/fr\/dm\/can-you-defy-these-global-ransomware-trends\/"]}]},{"@type":"BreadcrumbList","@id":"https:\/\/www.cohesity.com\/fr\/dm\/can-you-defy-these-global-ransomware-trends\/#breadcrumb","itemListElement":[{"@type":"ListItem","position":1,"name":"Home","item":"https:\/\/www.cohesity.com\/fr\/"},{"@type":"ListItem","position":2,"name":"DM","item":"https:\/\/www.cohesity.com\/fr\/dm\/"},{"@type":"ListItem","position":3,"name":"Pouvez-vous d\u00e9fier ces tendances mondiales en mati\u00e8re de ransomware\u00a0?"}]},{"@type":"WebSite","@id":"https:\/\/www.cohesity.com\/fr\/#website","url":"https:\/\/www.cohesity.com\/fr\/","name":"Cohesity","description":"Eliminate mass data fragmentation with Cohesity\u2019s modern approach to data management, beginning with backup. Gain instant recovery.","publisher":{"@id":"https:\/\/www.cohesity.com\/fr\/#organization"},"potentialAction":[{"@type":"SearchAction","target":{"@type":"EntryPoint","urlTemplate":"https:\/\/www.cohesity.com\/fr\/?s={search_term_string}"},"query-input":{"@type":"PropertyValueSpecification","valueRequired":true,"valueName":"search_term_string"}}],"inLanguage":"fr-FR"},{"@type":"Organization","@id":"https:\/\/www.cohesity.com\/fr\/#organization","name":"Cohesity","url":"https:\/\/www.cohesity.com\/fr\/","logo":{"@type":"ImageObject","inLanguage":"fr-FR","@id":"https:\/\/www.cohesity.com\/fr\/#\/schema\/logo\/image\/","url":"https:\/\/www.cohesity.com\/wp-content\/new_media\/2020\/10\/cohesity_logo.svg","contentUrl":"https:\/\/www.cohesity.com\/wp-content\/new_media\/2020\/10\/cohesity_logo.svg","width":143,"height":20,"caption":"Cohesity"},"image":{"@id":"https:\/\/www.cohesity.com\/fr\/#\/schema\/logo\/image\/"},"sameAs":["https:\/\/www.facebook.com\/cohesity","https:\/\/x.com\/cohesity"]}]}},"_links":{"self":[{"href":"https:\/\/www.cohesity.com\/fr\/wp-json\/wp\/v2\/pages\/210595","targetHints":{"allow":["GET"]}}],"collection":[{"href":"https:\/\/www.cohesity.com\/fr\/wp-json\/wp\/v2\/pages"}],"about":[{"href":"https:\/\/www.cohesity.com\/fr\/wp-json\/wp\/v2\/types\/page"}],"author":[{"embeddable":true,"href":"https:\/\/www.cohesity.com\/fr\/wp-json\/wp\/v2\/users\/7"}],"replies":[{"embeddable":true,"href":"https:\/\/www.cohesity.com\/fr\/wp-json\/wp\/v2\/comments?post=210595"}],"version-history":[{"count":2,"href":"https:\/\/www.cohesity.com\/fr\/wp-json\/wp\/v2\/pages\/210595\/revisions"}],"predecessor-version":[{"id":262318,"href":"https:\/\/www.cohesity.com\/fr\/wp-json\/wp\/v2\/pages\/210595\/revisions\/262318"}],"up":[{"embeddable":true,"href":"https:\/\/www.cohesity.com\/fr\/wp-json\/wp\/v2\/pages\/56522"}],"wp:attachment":[{"href":"https:\/\/www.cohesity.com\/fr\/wp-json\/wp\/v2\/media?parent=210595"}],"curies":[{"name":"wp","href":"https:\/\/api.w.org\/{rel}","templated":true}]}}