{"id":236700,"date":"2024-02-28T05:43:33","date_gmt":"2024-02-28T13:43:33","guid":{"rendered":"https:\/\/www.cohesity.com\/solutions\/ai-conversational-search\/"},"modified":"2024-04-25T01:59:16","modified_gmt":"2024-04-25T08:59:16","slug":"ai-conversational-search","status":"publish","type":"page","link":"https:\/\/www.cohesity.com\/fr\/solutions\/ai-conversational-search\/","title":{"rendered":"Recherche conversationnelle par l\u2019IA"},"content":{"rendered":"","protected":false},"excerpt":{"rendered":"","protected":false},"author":112,"featured_media":0,"parent":53831,"menu_order":0,"comment_status":"closed","ping_status":"closed","template":"template-solutions-redesign.php","meta":{"_acf_changed":false,"_oasis_is_in_workflow":0,"_oasis_original":0,"_oasis_task_priority":"","inline_featured_image":false,"footnotes":""},"class_list":["post-236700","page","type-page","status-publish","hentry"],"acf":[],"yoast_head":"<!-- This site is optimized with the Yoast SEO Premium plugin v23.2 (Yoast SEO v24.5) - https:\/\/yoast.com\/wordpress\/plugins\/seo\/ -->\n<title>Transformer les donn\u00e9es en informations avec la recherche conversationnelle | Cohesity Gaia<\/title>\n<meta name=\"description\" content=\"Cohesity Gaia apporte la puissance de l&#039;IA de g\u00e9n\u00e9ration augment\u00e9e de r\u00e9cup\u00e9ration (RAG, retrieval augmented generation) et des grands mod\u00e8les de langage (LLM, large language models) aux donn\u00e9es d&#039;entreprise de qualit\u00e9 qui se trouvent dans Cohesity, afin d\u2019en extraire des informations et de prendre plus rapidement des d\u00e9cisions commerciales plus intelligentes.\" \/>\n<meta name=\"robots\" content=\"index, follow, max-snippet:-1, max-image-preview:large, max-video-preview:-1\" \/>\n<link rel=\"canonical\" href=\"https:\/\/www.cohesity.com\/fr\/solutions\/ai-conversational-search\/\" \/>\n<meta property=\"og:locale\" content=\"fr_FR\" \/>\n<meta property=\"og:type\" content=\"article\" \/>\n<meta property=\"og:title\" content=\"Dialoguez avec vos donn\u00e9es.\" \/>\n<meta property=\"og:description\" content=\"D\u00e9couvrez la puissance de l&#039;IA RAG sur les donn\u00e9es d&#039;entreprise de qualit\u00e9 qui se trouvent dans Cohesity, et transformez la fa\u00e7on dont vous les utilisez pour prendre des d\u00e9cisions commerciales.\" \/>\n<meta property=\"og:url\" content=\"https:\/\/www.cohesity.com\/fr\/solutions\/ai-conversational-search\/\" \/>\n<meta property=\"og:site_name\" content=\"Cohesity\" \/>\n<meta property=\"article:publisher\" content=\"https:\/\/www.facebook.com\/cohesity\" \/>\n<meta property=\"article:modified_time\" content=\"2024-04-25T08:59:16+00:00\" \/>\n<meta property=\"og:image\" content=\"https:\/\/www.cohesity.com\/wp-content\/new_media\/2024\/02\/ai-powered-OG-800x400-1.png\" \/>\n<meta name=\"twitter:card\" content=\"summary_large_image\" \/>\n<meta name=\"twitter:title\" content=\"Dialoguez avec vos donn\u00e9es.\" \/>\n<meta name=\"twitter:description\" content=\"D\u00e9couvrez la puissance de l&#039;IA RAG sur les donn\u00e9es d&#039;entreprise de qualit\u00e9 qui se trouvent dans Cohesity, et transformez la fa\u00e7on dont vous les utilisez pour prendre des d\u00e9cisions commerciales.\" \/>\n<meta name=\"twitter:image\" content=\"https:\/\/www.cohesity.com\/wp-content\/new_media\/2024\/02\/ai-powered-OG-800x400-1.png\" \/>\n<meta name=\"twitter:site\" content=\"@cohesity\" \/>\n<script type=\"application\/ld+json\" class=\"yoast-schema-graph\">{\"@context\":\"https:\/\/schema.org\",\"@graph\":[{\"@type\":\"WebPage\",\"@id\":\"https:\/\/www.cohesity.com\/fr\/solutions\/ai-conversational-search\/\",\"url\":\"https:\/\/www.cohesity.com\/fr\/solutions\/ai-conversational-search\/\",\"name\":\"Transformer les donn\u00e9es en informations avec la recherche conversationnelle | Cohesity Gaia\",\"isPartOf\":{\"@id\":\"https:\/\/www.cohesity.com\/fr\/#website\"},\"datePublished\":\"2024-02-28T13:43:33+00:00\",\"dateModified\":\"2024-04-25T08:59:16+00:00\",\"description\":\"Cohesity Gaia apporte la puissance de l'IA de g\u00e9n\u00e9ration augment\u00e9e de r\u00e9cup\u00e9ration (RAG, retrieval augmented generation) et des grands mod\u00e8les de langage (LLM, large language models) aux donn\u00e9es d'entreprise de qualit\u00e9 qui se trouvent dans Cohesity, afin d\u2019en extraire des informations et de prendre plus rapidement des d\u00e9cisions commerciales plus intelligentes.\",\"breadcrumb\":{\"@id\":\"https:\/\/www.cohesity.com\/fr\/solutions\/ai-conversational-search\/#breadcrumb\"},\"inLanguage\":\"fr-FR\",\"potentialAction\":[{\"@type\":\"ReadAction\",\"target\":[\"https:\/\/www.cohesity.com\/fr\/solutions\/ai-conversational-search\/\"]}]},{\"@type\":\"BreadcrumbList\",\"@id\":\"https:\/\/www.cohesity.com\/fr\/solutions\/ai-conversational-search\/#breadcrumb\",\"itemListElement\":[{\"@type\":\"ListItem\",\"position\":1,\"name\":\"Home\",\"item\":\"https:\/\/www.cohesity.com\/fr\/\"},{\"@type\":\"ListItem\",\"position\":2,\"name\":\"Pr\u00e9sentation des solutions\",\"item\":\"https:\/\/www.cohesity.com\/fr\/solutions\/\"},{\"@type\":\"ListItem\",\"position\":3,\"name\":\"Recherche conversationnelle par l\u2019IA\"}]},{\"@type\":\"WebSite\",\"@id\":\"https:\/\/www.cohesity.com\/fr\/#website\",\"url\":\"https:\/\/www.cohesity.com\/fr\/\",\"name\":\"Cohesity\",\"description\":\"Eliminate mass data fragmentation with Cohesity\u2019s modern approach to data management, beginning with backup. Gain instant recovery.\",\"publisher\":{\"@id\":\"https:\/\/www.cohesity.com\/fr\/#organization\"},\"potentialAction\":[{\"@type\":\"SearchAction\",\"target\":{\"@type\":\"EntryPoint\",\"urlTemplate\":\"https:\/\/www.cohesity.com\/fr\/?s={search_term_string}\"},\"query-input\":{\"@type\":\"PropertyValueSpecification\",\"valueRequired\":true,\"valueName\":\"search_term_string\"}}],\"inLanguage\":\"fr-FR\"},{\"@type\":\"Organization\",\"@id\":\"https:\/\/www.cohesity.com\/fr\/#organization\",\"name\":\"Cohesity\",\"url\":\"https:\/\/www.cohesity.com\/fr\/\",\"logo\":{\"@type\":\"ImageObject\",\"inLanguage\":\"fr-FR\",\"@id\":\"https:\/\/www.cohesity.com\/fr\/#\/schema\/logo\/image\/\",\"url\":\"https:\/\/www.cohesity.com\/wp-content\/new_media\/2020\/10\/cohesity_logo.svg\",\"contentUrl\":\"https:\/\/www.cohesity.com\/wp-content\/new_media\/2020\/10\/cohesity_logo.svg\",\"width\":143,\"height\":20,\"caption\":\"Cohesity\"},\"image\":{\"@id\":\"https:\/\/www.cohesity.com\/fr\/#\/schema\/logo\/image\/\"},\"sameAs\":[\"https:\/\/www.facebook.com\/cohesity\",\"https:\/\/x.com\/cohesity\"]}]}<\/script>\n<!-- \/ Yoast SEO Premium plugin. -->","yoast_head_json":{"title":"Transformer les donn\u00e9es en informations avec la recherche conversationnelle | Cohesity Gaia","description":"Cohesity Gaia apporte la puissance de l'IA de g\u00e9n\u00e9ration augment\u00e9e de r\u00e9cup\u00e9ration (RAG, retrieval augmented generation) et des grands mod\u00e8les de langage (LLM, large language models) aux donn\u00e9es d'entreprise de qualit\u00e9 qui se trouvent dans Cohesity, afin d\u2019en extraire des informations et de prendre plus rapidement des d\u00e9cisions commerciales plus intelligentes.","robots":{"index":"index","follow":"follow","max-snippet":"max-snippet:-1","max-image-preview":"max-image-preview:large","max-video-preview":"max-video-preview:-1"},"canonical":"https:\/\/www.cohesity.com\/fr\/solutions\/ai-conversational-search\/","og_locale":"fr_FR","og_type":"article","og_title":"Dialoguez avec vos donn\u00e9es.","og_description":"D\u00e9couvrez la puissance de l'IA RAG sur les donn\u00e9es d'entreprise de qualit\u00e9 qui se trouvent dans Cohesity, et transformez la fa\u00e7on dont vous les utilisez pour prendre des d\u00e9cisions commerciales.","og_url":"https:\/\/www.cohesity.com\/fr\/solutions\/ai-conversational-search\/","og_site_name":"Cohesity","article_publisher":"https:\/\/www.facebook.com\/cohesity","article_modified_time":"2024-04-25T08:59:16+00:00","og_image":[{"url":"https:\/\/www.cohesity.com\/wp-content\/new_media\/2024\/02\/ai-powered-OG-800x400-1.png","type":"","width":"","height":""}],"twitter_card":"summary_large_image","twitter_title":"Dialoguez avec vos donn\u00e9es.","twitter_description":"D\u00e9couvrez la puissance de l'IA RAG sur les donn\u00e9es d'entreprise de qualit\u00e9 qui se trouvent dans Cohesity, et transformez la fa\u00e7on dont vous les utilisez pour prendre des d\u00e9cisions commerciales.","twitter_image":"https:\/\/www.cohesity.com\/wp-content\/new_media\/2024\/02\/ai-powered-OG-800x400-1.png","twitter_site":"@cohesity","schema":{"@context":"https:\/\/schema.org","@graph":[{"@type":"WebPage","@id":"https:\/\/www.cohesity.com\/fr\/solutions\/ai-conversational-search\/","url":"https:\/\/www.cohesity.com\/fr\/solutions\/ai-conversational-search\/","name":"Transformer les donn\u00e9es en informations avec la recherche conversationnelle | Cohesity Gaia","isPartOf":{"@id":"https:\/\/www.cohesity.com\/fr\/#website"},"datePublished":"2024-02-28T13:43:33+00:00","dateModified":"2024-04-25T08:59:16+00:00","description":"Cohesity Gaia apporte la puissance de l'IA de g\u00e9n\u00e9ration augment\u00e9e de r\u00e9cup\u00e9ration (RAG, retrieval augmented generation) et des grands mod\u00e8les de langage (LLM, large language models) aux donn\u00e9es d'entreprise de qualit\u00e9 qui se trouvent dans Cohesity, afin d\u2019en extraire des informations et de prendre plus rapidement des d\u00e9cisions commerciales plus intelligentes.","breadcrumb":{"@id":"https:\/\/www.cohesity.com\/fr\/solutions\/ai-conversational-search\/#breadcrumb"},"inLanguage":"fr-FR","potentialAction":[{"@type":"ReadAction","target":["https:\/\/www.cohesity.com\/fr\/solutions\/ai-conversational-search\/"]}]},{"@type":"BreadcrumbList","@id":"https:\/\/www.cohesity.com\/fr\/solutions\/ai-conversational-search\/#breadcrumb","itemListElement":[{"@type":"ListItem","position":1,"name":"Home","item":"https:\/\/www.cohesity.com\/fr\/"},{"@type":"ListItem","position":2,"name":"Pr\u00e9sentation des solutions","item":"https:\/\/www.cohesity.com\/fr\/solutions\/"},{"@type":"ListItem","position":3,"name":"Recherche conversationnelle par l\u2019IA"}]},{"@type":"WebSite","@id":"https:\/\/www.cohesity.com\/fr\/#website","url":"https:\/\/www.cohesity.com\/fr\/","name":"Cohesity","description":"Eliminate mass data fragmentation with Cohesity\u2019s modern approach to data management, beginning with backup. Gain instant recovery.","publisher":{"@id":"https:\/\/www.cohesity.com\/fr\/#organization"},"potentialAction":[{"@type":"SearchAction","target":{"@type":"EntryPoint","urlTemplate":"https:\/\/www.cohesity.com\/fr\/?s={search_term_string}"},"query-input":{"@type":"PropertyValueSpecification","valueRequired":true,"valueName":"search_term_string"}}],"inLanguage":"fr-FR"},{"@type":"Organization","@id":"https:\/\/www.cohesity.com\/fr\/#organization","name":"Cohesity","url":"https:\/\/www.cohesity.com\/fr\/","logo":{"@type":"ImageObject","inLanguage":"fr-FR","@id":"https:\/\/www.cohesity.com\/fr\/#\/schema\/logo\/image\/","url":"https:\/\/www.cohesity.com\/wp-content\/new_media\/2020\/10\/cohesity_logo.svg","contentUrl":"https:\/\/www.cohesity.com\/wp-content\/new_media\/2020\/10\/cohesity_logo.svg","width":143,"height":20,"caption":"Cohesity"},"image":{"@id":"https:\/\/www.cohesity.com\/fr\/#\/schema\/logo\/image\/"},"sameAs":["https:\/\/www.facebook.com\/cohesity","https:\/\/x.com\/cohesity"]}]}},"_links":{"self":[{"href":"https:\/\/www.cohesity.com\/fr\/wp-json\/wp\/v2\/pages\/236700","targetHints":{"allow":["GET"]}}],"collection":[{"href":"https:\/\/www.cohesity.com\/fr\/wp-json\/wp\/v2\/pages"}],"about":[{"href":"https:\/\/www.cohesity.com\/fr\/wp-json\/wp\/v2\/types\/page"}],"author":[{"embeddable":true,"href":"https:\/\/www.cohesity.com\/fr\/wp-json\/wp\/v2\/users\/112"}],"replies":[{"embeddable":true,"href":"https:\/\/www.cohesity.com\/fr\/wp-json\/wp\/v2\/comments?post=236700"}],"version-history":[{"count":0,"href":"https:\/\/www.cohesity.com\/fr\/wp-json\/wp\/v2\/pages\/236700\/revisions"}],"up":[{"embeddable":true,"href":"https:\/\/www.cohesity.com\/fr\/wp-json\/wp\/v2\/pages\/53831"}],"wp:attachment":[{"href":"https:\/\/www.cohesity.com\/fr\/wp-json\/wp\/v2\/media?parent=236700"}],"curies":[{"name":"wp","href":"https:\/\/api.w.org\/{rel}","templated":true}]}}