{"id":265828,"date":"2024-10-14T00:57:31","date_gmt":"2024-10-14T07:57:31","guid":{"rendered":"https:\/\/www.cohesity.com\/role-of-rto-rpo-in-disaster-recovery\/"},"modified":"2024-11-12T11:32:07","modified_gmt":"2024-11-12T19:32:07","slug":"role-of-rto-rpo-in-disaster-recovery","status":"publish","type":"page","link":"https:\/\/www.cohesity.com\/fr\/deep-dives\/role-of-rto-rpo-in-disaster-recovery\/","title":{"rendered":"R\u00f4le du RTO et du RPO dans la reprise apr\u00e8s sinistre"},"content":{"rendered":"","protected":false},"excerpt":{"rendered":"","protected":false},"author":175,"featured_media":0,"parent":267084,"menu_order":0,"comment_status":"closed","ping_status":"closed","template":"template-generic.php","meta":{"_acf_changed":false,"_oasis_is_in_workflow":0,"_oasis_original":0,"_oasis_task_priority":"","inline_featured_image":false,"footnotes":""},"class_list":["post-265828","page","type-page","status-publish","hentry"],"acf":[],"yoast_head":"<!-- This site is optimized with the Yoast SEO Premium plugin v23.2 (Yoast SEO v24.5) - https:\/\/yoast.com\/wordpress\/plugins\/seo\/ -->\n<title>Le r\u00f4le du RTO et du RPO dans la reprise apr\u00e8s sinistre | Explication des concepts de RTO et de RPO | Cohesity<\/title>\n<meta name=\"description\" content=\"Un objectif de d\u00e9lai de restauration (RTO) et un objectif de point de restauration (RPO) r\u00e9alistes font partie int\u00e9grante d&#039;un plan de reprise apr\u00e8s sinistre solide et contribuent \u00e0 garantir la continuit\u00e9 de l&#039;activit\u00e9. En savoir plus sur les concepts de RTO et de RPO.\" \/>\n<meta name=\"robots\" content=\"index, follow, max-snippet:-1, max-image-preview:large, max-video-preview:-1\" \/>\n<link rel=\"canonical\" href=\"https:\/\/www.cohesity.com\/fr\/deep-dives\/role-of-rto-rpo-in-disaster-recovery\/\" \/>\n<meta property=\"og:locale\" content=\"fr_FR\" \/>\n<meta property=\"og:type\" content=\"article\" \/>\n<meta property=\"og:title\" content=\"Le r\u00f4le du RTO et du RPO dans la reprise apr\u00e8s sinistre | Explication des concepts de RTO et de RPO | Cohesity\" \/>\n<meta property=\"og:description\" content=\"Un objectif de d\u00e9lai de restauration (RTO) et un objectif de point de restauration (RPO) r\u00e9alistes font partie int\u00e9grante d&#039;un plan de reprise apr\u00e8s sinistre solide et contribuent \u00e0 garantir la continuit\u00e9 de l&#039;activit\u00e9. En savoir plus sur les concepts de RTO et de RPO.\" \/>\n<meta property=\"og:url\" content=\"https:\/\/www.cohesity.com\/fr\/deep-dives\/role-of-rto-rpo-in-disaster-recovery\/\" \/>\n<meta property=\"og:site_name\" content=\"Cohesity\" \/>\n<meta property=\"article:publisher\" content=\"https:\/\/www.facebook.com\/cohesity\" \/>\n<meta property=\"article:modified_time\" content=\"2024-11-12T19:32:07+00:00\" \/>\n<meta property=\"og:image\" content=\"https:\/\/www.cohesity.com\/wp-content\/new_media\/2020\/10\/cohesity-logo-new.jpg\" \/>\n\t<meta property=\"og:image:width\" content=\"800\" \/>\n\t<meta property=\"og:image:height\" content=\"401\" \/>\n\t<meta property=\"og:image:type\" content=\"image\/jpeg\" \/>\n<meta name=\"twitter:card\" content=\"summary_large_image\" \/>\n<meta name=\"twitter:title\" content=\"Le r\u00f4le du RTO et du RPO dans la reprise apr\u00e8s sinistre | Explication des concepts de RTO et de RPO | Cohesity\" \/>\n<meta name=\"twitter:description\" content=\"Un objectif de d\u00e9lai de restauration (RTO) et un objectif de point de restauration (RPO) r\u00e9alistes font partie int\u00e9grante d&#039;un plan de reprise apr\u00e8s sinistre solide et contribuent \u00e0 garantir la continuit\u00e9 de l&#039;activit\u00e9. En savoir plus sur les concepts de RTO et de RPO.\" \/>\n<meta name=\"twitter:site\" content=\"@cohesity\" \/>\n<script type=\"application\/ld+json\" class=\"yoast-schema-graph\">{\"@context\":\"https:\/\/schema.org\",\"@graph\":[{\"@type\":\"WebPage\",\"@id\":\"https:\/\/www.cohesity.com\/fr\/deep-dives\/role-of-rto-rpo-in-disaster-recovery\/\",\"url\":\"https:\/\/www.cohesity.com\/fr\/deep-dives\/role-of-rto-rpo-in-disaster-recovery\/\",\"name\":\"Le r\u00f4le du RTO et du RPO dans la reprise apr\u00e8s sinistre | Explication des concepts de RTO et de RPO | Cohesity\",\"isPartOf\":{\"@id\":\"https:\/\/www.cohesity.com\/fr\/#website\"},\"datePublished\":\"2024-10-14T07:57:31+00:00\",\"dateModified\":\"2024-11-12T19:32:07+00:00\",\"description\":\"Un objectif de d\u00e9lai de restauration (RTO) et un objectif de point de restauration (RPO) r\u00e9alistes font partie int\u00e9grante d'un plan de reprise apr\u00e8s sinistre solide et contribuent \u00e0 garantir la continuit\u00e9 de l'activit\u00e9. En savoir plus sur les concepts de RTO et de RPO.\",\"breadcrumb\":{\"@id\":\"https:\/\/www.cohesity.com\/fr\/deep-dives\/role-of-rto-rpo-in-disaster-recovery\/#breadcrumb\"},\"inLanguage\":\"fr-FR\",\"potentialAction\":[{\"@type\":\"ReadAction\",\"target\":[\"https:\/\/www.cohesity.com\/fr\/deep-dives\/role-of-rto-rpo-in-disaster-recovery\/\"]}]},{\"@type\":\"BreadcrumbList\",\"@id\":\"https:\/\/www.cohesity.com\/fr\/deep-dives\/role-of-rto-rpo-in-disaster-recovery\/#breadcrumb\",\"itemListElement\":[{\"@type\":\"ListItem\",\"position\":1,\"name\":\"Home\",\"item\":\"https:\/\/www.cohesity.com\/fr\/\"},{\"@type\":\"ListItem\",\"position\":2,\"name\":\"Analyses approfondies\",\"item\":\"https:\/\/www.cohesity.com\/fr\/deep-dives\/\"},{\"@type\":\"ListItem\",\"position\":3,\"name\":\"R\u00f4le du RTO et du RPO dans la reprise apr\u00e8s sinistre\"}]},{\"@type\":\"WebSite\",\"@id\":\"https:\/\/www.cohesity.com\/fr\/#website\",\"url\":\"https:\/\/www.cohesity.com\/fr\/\",\"name\":\"Cohesity\",\"description\":\"Eliminate mass data fragmentation with Cohesity\u2019s modern approach to data management, beginning with backup. Gain instant recovery.\",\"publisher\":{\"@id\":\"https:\/\/www.cohesity.com\/fr\/#organization\"},\"potentialAction\":[{\"@type\":\"SearchAction\",\"target\":{\"@type\":\"EntryPoint\",\"urlTemplate\":\"https:\/\/www.cohesity.com\/fr\/?s={search_term_string}\"},\"query-input\":{\"@type\":\"PropertyValueSpecification\",\"valueRequired\":true,\"valueName\":\"search_term_string\"}}],\"inLanguage\":\"fr-FR\"},{\"@type\":\"Organization\",\"@id\":\"https:\/\/www.cohesity.com\/fr\/#organization\",\"name\":\"Cohesity\",\"url\":\"https:\/\/www.cohesity.com\/fr\/\",\"logo\":{\"@type\":\"ImageObject\",\"inLanguage\":\"fr-FR\",\"@id\":\"https:\/\/www.cohesity.com\/fr\/#\/schema\/logo\/image\/\",\"url\":\"https:\/\/www.cohesity.com\/wp-content\/new_media\/2020\/10\/cohesity_logo.svg\",\"contentUrl\":\"https:\/\/www.cohesity.com\/wp-content\/new_media\/2020\/10\/cohesity_logo.svg\",\"width\":143,\"height\":20,\"caption\":\"Cohesity\"},\"image\":{\"@id\":\"https:\/\/www.cohesity.com\/fr\/#\/schema\/logo\/image\/\"},\"sameAs\":[\"https:\/\/www.facebook.com\/cohesity\",\"https:\/\/x.com\/cohesity\"]}]}<\/script>\n<!-- \/ Yoast SEO Premium plugin. -->","yoast_head_json":{"title":"Le r\u00f4le du RTO et du RPO dans la reprise apr\u00e8s sinistre | Explication des concepts de RTO et de RPO | Cohesity","description":"Un objectif de d\u00e9lai de restauration (RTO) et un objectif de point de restauration (RPO) r\u00e9alistes font partie int\u00e9grante d'un plan de reprise apr\u00e8s sinistre solide et contribuent \u00e0 garantir la continuit\u00e9 de l'activit\u00e9. En savoir plus sur les concepts de RTO et de RPO.","robots":{"index":"index","follow":"follow","max-snippet":"max-snippet:-1","max-image-preview":"max-image-preview:large","max-video-preview":"max-video-preview:-1"},"canonical":"https:\/\/www.cohesity.com\/fr\/deep-dives\/role-of-rto-rpo-in-disaster-recovery\/","og_locale":"fr_FR","og_type":"article","og_title":"Le r\u00f4le du RTO et du RPO dans la reprise apr\u00e8s sinistre | Explication des concepts de RTO et de RPO | Cohesity","og_description":"Un objectif de d\u00e9lai de restauration (RTO) et un objectif de point de restauration (RPO) r\u00e9alistes font partie int\u00e9grante d'un plan de reprise apr\u00e8s sinistre solide et contribuent \u00e0 garantir la continuit\u00e9 de l'activit\u00e9. En savoir plus sur les concepts de RTO et de RPO.","og_url":"https:\/\/www.cohesity.com\/fr\/deep-dives\/role-of-rto-rpo-in-disaster-recovery\/","og_site_name":"Cohesity","article_publisher":"https:\/\/www.facebook.com\/cohesity","article_modified_time":"2024-11-12T19:32:07+00:00","og_image":[{"width":800,"height":401,"url":"https:\/\/www.cohesity.com\/wp-content\/new_media\/2020\/10\/cohesity-logo-new.jpg","type":"image\/jpeg"}],"twitter_card":"summary_large_image","twitter_title":"Le r\u00f4le du RTO et du RPO dans la reprise apr\u00e8s sinistre | Explication des concepts de RTO et de RPO | Cohesity","twitter_description":"Un objectif de d\u00e9lai de restauration (RTO) et un objectif de point de restauration (RPO) r\u00e9alistes font partie int\u00e9grante d'un plan de reprise apr\u00e8s sinistre solide et contribuent \u00e0 garantir la continuit\u00e9 de l'activit\u00e9. En savoir plus sur les concepts de RTO et de RPO.","twitter_site":"@cohesity","schema":{"@context":"https:\/\/schema.org","@graph":[{"@type":"WebPage","@id":"https:\/\/www.cohesity.com\/fr\/deep-dives\/role-of-rto-rpo-in-disaster-recovery\/","url":"https:\/\/www.cohesity.com\/fr\/deep-dives\/role-of-rto-rpo-in-disaster-recovery\/","name":"Le r\u00f4le du RTO et du RPO dans la reprise apr\u00e8s sinistre | Explication des concepts de RTO et de RPO | Cohesity","isPartOf":{"@id":"https:\/\/www.cohesity.com\/fr\/#website"},"datePublished":"2024-10-14T07:57:31+00:00","dateModified":"2024-11-12T19:32:07+00:00","description":"Un objectif de d\u00e9lai de restauration (RTO) et un objectif de point de restauration (RPO) r\u00e9alistes font partie int\u00e9grante d'un plan de reprise apr\u00e8s sinistre solide et contribuent \u00e0 garantir la continuit\u00e9 de l'activit\u00e9. En savoir plus sur les concepts de RTO et de RPO.","breadcrumb":{"@id":"https:\/\/www.cohesity.com\/fr\/deep-dives\/role-of-rto-rpo-in-disaster-recovery\/#breadcrumb"},"inLanguage":"fr-FR","potentialAction":[{"@type":"ReadAction","target":["https:\/\/www.cohesity.com\/fr\/deep-dives\/role-of-rto-rpo-in-disaster-recovery\/"]}]},{"@type":"BreadcrumbList","@id":"https:\/\/www.cohesity.com\/fr\/deep-dives\/role-of-rto-rpo-in-disaster-recovery\/#breadcrumb","itemListElement":[{"@type":"ListItem","position":1,"name":"Home","item":"https:\/\/www.cohesity.com\/fr\/"},{"@type":"ListItem","position":2,"name":"Analyses approfondies","item":"https:\/\/www.cohesity.com\/fr\/deep-dives\/"},{"@type":"ListItem","position":3,"name":"R\u00f4le du RTO et du RPO dans la reprise apr\u00e8s sinistre"}]},{"@type":"WebSite","@id":"https:\/\/www.cohesity.com\/fr\/#website","url":"https:\/\/www.cohesity.com\/fr\/","name":"Cohesity","description":"Eliminate mass data fragmentation with Cohesity\u2019s modern approach to data management, beginning with backup. Gain instant recovery.","publisher":{"@id":"https:\/\/www.cohesity.com\/fr\/#organization"},"potentialAction":[{"@type":"SearchAction","target":{"@type":"EntryPoint","urlTemplate":"https:\/\/www.cohesity.com\/fr\/?s={search_term_string}"},"query-input":{"@type":"PropertyValueSpecification","valueRequired":true,"valueName":"search_term_string"}}],"inLanguage":"fr-FR"},{"@type":"Organization","@id":"https:\/\/www.cohesity.com\/fr\/#organization","name":"Cohesity","url":"https:\/\/www.cohesity.com\/fr\/","logo":{"@type":"ImageObject","inLanguage":"fr-FR","@id":"https:\/\/www.cohesity.com\/fr\/#\/schema\/logo\/image\/","url":"https:\/\/www.cohesity.com\/wp-content\/new_media\/2020\/10\/cohesity_logo.svg","contentUrl":"https:\/\/www.cohesity.com\/wp-content\/new_media\/2020\/10\/cohesity_logo.svg","width":143,"height":20,"caption":"Cohesity"},"image":{"@id":"https:\/\/www.cohesity.com\/fr\/#\/schema\/logo\/image\/"},"sameAs":["https:\/\/www.facebook.com\/cohesity","https:\/\/x.com\/cohesity"]}]}},"_links":{"self":[{"href":"https:\/\/www.cohesity.com\/fr\/wp-json\/wp\/v2\/pages\/265828","targetHints":{"allow":["GET"]}}],"collection":[{"href":"https:\/\/www.cohesity.com\/fr\/wp-json\/wp\/v2\/pages"}],"about":[{"href":"https:\/\/www.cohesity.com\/fr\/wp-json\/wp\/v2\/types\/page"}],"author":[{"embeddable":true,"href":"https:\/\/www.cohesity.com\/fr\/wp-json\/wp\/v2\/users\/175"}],"replies":[{"embeddable":true,"href":"https:\/\/www.cohesity.com\/fr\/wp-json\/wp\/v2\/comments?post=265828"}],"version-history":[{"count":1,"href":"https:\/\/www.cohesity.com\/fr\/wp-json\/wp\/v2\/pages\/265828\/revisions"}],"predecessor-version":[{"id":268281,"href":"https:\/\/www.cohesity.com\/fr\/wp-json\/wp\/v2\/pages\/265828\/revisions\/268281"}],"up":[{"embeddable":true,"href":"https:\/\/www.cohesity.com\/fr\/wp-json\/wp\/v2\/pages\/267084"}],"wp:attachment":[{"href":"https:\/\/www.cohesity.com\/fr\/wp-json\/wp\/v2\/media?parent=265828"}],"curies":[{"name":"wp","href":"https:\/\/api.w.org\/{rel}","templated":true}]}}