{"id":272645,"date":"2025-01-09T01:54:55","date_gmt":"2025-01-09T09:54:55","guid":{"rendered":"https:\/\/www.cohesity.com\/cyber-events-response-team\/"},"modified":"2025-02-19T07:47:05","modified_gmt":"2025-02-19T15:47:05","slug":"cyber-events-response-team","status":"publish","type":"page","link":"https:\/\/www.cohesity.com\/fr\/cyber-events-response-team\/","title":{"rendered":"Cyber Events Response Team"},"content":{"rendered":"","protected":false},"excerpt":{"rendered":"","protected":false},"author":171,"featured_media":0,"parent":0,"menu_order":0,"comment_status":"closed","ping_status":"closed","template":"template-solutions-redesign.php","meta":{"_acf_changed":false,"_oasis_is_in_workflow":0,"_oasis_original":0,"_oasis_task_priority":"","inline_featured_image":false,"footnotes":""},"class_list":["post-272645","page","type-page","status-publish","hentry"],"acf":[],"yoast_head":"<!-- This site is optimized with the Yoast SEO Premium plugin v23.2 (Yoast SEO v24.5) - https:\/\/yoast.com\/wordpress\/plugins\/seo\/ -->\n<title>L\u2019\u00e9quipe CERT (Cyber Event Response Team) de Cohesity<\/title>\n<meta name=\"description\" content=\"L&#039;\u00e9quipe de r\u00e9ponse aux cyber-\u00e9v\u00e9nements (CERT, Cyber Event Response Team) de Cohesity vous accompagne pour veiller \u00e0 ce que votre entreprise soit capable de relever tous les d\u00e9fis et de restaurer son activit\u00e9 rapidement et en toute s\u00e9curit\u00e9.\" \/>\n<meta name=\"robots\" content=\"index, follow, max-snippet:-1, max-image-preview:large, max-video-preview:-1\" \/>\n<link rel=\"canonical\" href=\"https:\/\/www.cohesity.com\/fr\/cyber-events-response-team\/\" \/>\n<meta property=\"og:locale\" content=\"fr_FR\" \/>\n<meta property=\"og:type\" content=\"article\" \/>\n<meta property=\"og:title\" content=\"L\u2019\u00e9quipe CERT (Cyber Event Response Team) de Cohesity\" \/>\n<meta property=\"og:description\" content=\"L&#039;\u00e9quipe de r\u00e9ponse aux cyber-\u00e9v\u00e9nements (CERT, Cyber Event Response Team) de Cohesity vous accompagne pour veiller \u00e0 ce que votre entreprise soit capable de relever tous les d\u00e9fis et de restaurer son activit\u00e9 rapidement et en toute s\u00e9curit\u00e9.\" \/>\n<meta property=\"og:url\" content=\"https:\/\/www.cohesity.com\/fr\/cyber-events-response-team\/\" \/>\n<meta property=\"og:site_name\" content=\"Cohesity\" \/>\n<meta property=\"article:publisher\" content=\"https:\/\/www.facebook.com\/cohesity\" \/>\n<meta property=\"article:modified_time\" content=\"2025-02-19T15:47:05+00:00\" \/>\n<meta property=\"og:image\" content=\"https:\/\/www.cohesity.com\/wp-content\/new_media\/2024\/11\/cohesity-cert-og-image-en.png\" \/>\n<meta name=\"twitter:card\" content=\"summary_large_image\" \/>\n<meta name=\"twitter:title\" content=\"L\u2019\u00e9quipe CERT (Cyber Event Response Team) de Cohesity\" \/>\n<meta name=\"twitter:description\" content=\"L&#039;\u00e9quipe de r\u00e9ponse aux cyber-\u00e9v\u00e9nements (CERT, Cyber Event Response Team) de Cohesity vous accompagne pour veiller \u00e0 ce que votre entreprise soit capable de relever tous les d\u00e9fis et de restaurer son activit\u00e9 rapidement et en toute s\u00e9curit\u00e9.\" \/>\n<meta name=\"twitter:image\" content=\"https:\/\/www.cohesity.com\/wp-content\/new_media\/2024\/11\/cohesity-cert-og-image-en.png\" \/>\n<meta name=\"twitter:site\" content=\"@cohesity\" \/>\n<script type=\"application\/ld+json\" class=\"yoast-schema-graph\">{\"@context\":\"https:\/\/schema.org\",\"@graph\":[{\"@type\":\"WebPage\",\"@id\":\"https:\/\/www.cohesity.com\/fr\/cyber-events-response-team\/\",\"url\":\"https:\/\/www.cohesity.com\/fr\/cyber-events-response-team\/\",\"name\":\"L\u2019\u00e9quipe CERT (Cyber Event Response Team) de Cohesity\",\"isPartOf\":{\"@id\":\"https:\/\/www.cohesity.com\/fr\/#website\"},\"datePublished\":\"2025-01-09T09:54:55+00:00\",\"dateModified\":\"2025-02-19T15:47:05+00:00\",\"description\":\"L'\u00e9quipe de r\u00e9ponse aux cyber-\u00e9v\u00e9nements (CERT, Cyber Event Response Team) de Cohesity vous accompagne pour veiller \u00e0 ce que votre entreprise soit capable de relever tous les d\u00e9fis et de restaurer son activit\u00e9 rapidement et en toute s\u00e9curit\u00e9.\",\"breadcrumb\":{\"@id\":\"https:\/\/www.cohesity.com\/fr\/cyber-events-response-team\/#breadcrumb\"},\"inLanguage\":\"fr-FR\",\"potentialAction\":[{\"@type\":\"ReadAction\",\"target\":[\"https:\/\/www.cohesity.com\/fr\/cyber-events-response-team\/\"]}]},{\"@type\":\"BreadcrumbList\",\"@id\":\"https:\/\/www.cohesity.com\/fr\/cyber-events-response-team\/#breadcrumb\",\"itemListElement\":[{\"@type\":\"ListItem\",\"position\":1,\"name\":\"Home\",\"item\":\"https:\/\/www.cohesity.com\/fr\/\"},{\"@type\":\"ListItem\",\"position\":2,\"name\":\"Cyber Events Response Team\"}]},{\"@type\":\"WebSite\",\"@id\":\"https:\/\/www.cohesity.com\/fr\/#website\",\"url\":\"https:\/\/www.cohesity.com\/fr\/\",\"name\":\"Cohesity\",\"description\":\"Eliminate mass data fragmentation with Cohesity\u2019s modern approach to data management, beginning with backup. Gain instant recovery.\",\"publisher\":{\"@id\":\"https:\/\/www.cohesity.com\/fr\/#organization\"},\"potentialAction\":[{\"@type\":\"SearchAction\",\"target\":{\"@type\":\"EntryPoint\",\"urlTemplate\":\"https:\/\/www.cohesity.com\/fr\/?s={search_term_string}\"},\"query-input\":{\"@type\":\"PropertyValueSpecification\",\"valueRequired\":true,\"valueName\":\"search_term_string\"}}],\"inLanguage\":\"fr-FR\"},{\"@type\":\"Organization\",\"@id\":\"https:\/\/www.cohesity.com\/fr\/#organization\",\"name\":\"Cohesity\",\"url\":\"https:\/\/www.cohesity.com\/fr\/\",\"logo\":{\"@type\":\"ImageObject\",\"inLanguage\":\"fr-FR\",\"@id\":\"https:\/\/www.cohesity.com\/fr\/#\/schema\/logo\/image\/\",\"url\":\"https:\/\/www.cohesity.com\/wp-content\/new_media\/2020\/10\/cohesity_logo.svg\",\"contentUrl\":\"https:\/\/www.cohesity.com\/wp-content\/new_media\/2020\/10\/cohesity_logo.svg\",\"width\":143,\"height\":20,\"caption\":\"Cohesity\"},\"image\":{\"@id\":\"https:\/\/www.cohesity.com\/fr\/#\/schema\/logo\/image\/\"},\"sameAs\":[\"https:\/\/www.facebook.com\/cohesity\",\"https:\/\/x.com\/cohesity\"]}]}<\/script>\n<!-- \/ Yoast SEO Premium plugin. -->","yoast_head_json":{"title":"L\u2019\u00e9quipe CERT (Cyber Event Response Team) de Cohesity","description":"L'\u00e9quipe de r\u00e9ponse aux cyber-\u00e9v\u00e9nements (CERT, Cyber Event Response Team) de Cohesity vous accompagne pour veiller \u00e0 ce que votre entreprise soit capable de relever tous les d\u00e9fis et de restaurer son activit\u00e9 rapidement et en toute s\u00e9curit\u00e9.","robots":{"index":"index","follow":"follow","max-snippet":"max-snippet:-1","max-image-preview":"max-image-preview:large","max-video-preview":"max-video-preview:-1"},"canonical":"https:\/\/www.cohesity.com\/fr\/cyber-events-response-team\/","og_locale":"fr_FR","og_type":"article","og_title":"L\u2019\u00e9quipe CERT (Cyber Event Response Team) de Cohesity","og_description":"L'\u00e9quipe de r\u00e9ponse aux cyber-\u00e9v\u00e9nements (CERT, Cyber Event Response Team) de Cohesity vous accompagne pour veiller \u00e0 ce que votre entreprise soit capable de relever tous les d\u00e9fis et de restaurer son activit\u00e9 rapidement et en toute s\u00e9curit\u00e9.","og_url":"https:\/\/www.cohesity.com\/fr\/cyber-events-response-team\/","og_site_name":"Cohesity","article_publisher":"https:\/\/www.facebook.com\/cohesity","article_modified_time":"2025-02-19T15:47:05+00:00","og_image":[{"url":"https:\/\/www.cohesity.com\/wp-content\/new_media\/2024\/11\/cohesity-cert-og-image-en.png","type":"","width":"","height":""}],"twitter_card":"summary_large_image","twitter_title":"L\u2019\u00e9quipe CERT (Cyber Event Response Team) de Cohesity","twitter_description":"L'\u00e9quipe de r\u00e9ponse aux cyber-\u00e9v\u00e9nements (CERT, Cyber Event Response Team) de Cohesity vous accompagne pour veiller \u00e0 ce que votre entreprise soit capable de relever tous les d\u00e9fis et de restaurer son activit\u00e9 rapidement et en toute s\u00e9curit\u00e9.","twitter_image":"https:\/\/www.cohesity.com\/wp-content\/new_media\/2024\/11\/cohesity-cert-og-image-en.png","twitter_site":"@cohesity","schema":{"@context":"https:\/\/schema.org","@graph":[{"@type":"WebPage","@id":"https:\/\/www.cohesity.com\/fr\/cyber-events-response-team\/","url":"https:\/\/www.cohesity.com\/fr\/cyber-events-response-team\/","name":"L\u2019\u00e9quipe CERT (Cyber Event Response Team) de Cohesity","isPartOf":{"@id":"https:\/\/www.cohesity.com\/fr\/#website"},"datePublished":"2025-01-09T09:54:55+00:00","dateModified":"2025-02-19T15:47:05+00:00","description":"L'\u00e9quipe de r\u00e9ponse aux cyber-\u00e9v\u00e9nements (CERT, Cyber Event Response Team) de Cohesity vous accompagne pour veiller \u00e0 ce que votre entreprise soit capable de relever tous les d\u00e9fis et de restaurer son activit\u00e9 rapidement et en toute s\u00e9curit\u00e9.","breadcrumb":{"@id":"https:\/\/www.cohesity.com\/fr\/cyber-events-response-team\/#breadcrumb"},"inLanguage":"fr-FR","potentialAction":[{"@type":"ReadAction","target":["https:\/\/www.cohesity.com\/fr\/cyber-events-response-team\/"]}]},{"@type":"BreadcrumbList","@id":"https:\/\/www.cohesity.com\/fr\/cyber-events-response-team\/#breadcrumb","itemListElement":[{"@type":"ListItem","position":1,"name":"Home","item":"https:\/\/www.cohesity.com\/fr\/"},{"@type":"ListItem","position":2,"name":"Cyber Events Response Team"}]},{"@type":"WebSite","@id":"https:\/\/www.cohesity.com\/fr\/#website","url":"https:\/\/www.cohesity.com\/fr\/","name":"Cohesity","description":"Eliminate mass data fragmentation with Cohesity\u2019s modern approach to data management, beginning with backup. Gain instant recovery.","publisher":{"@id":"https:\/\/www.cohesity.com\/fr\/#organization"},"potentialAction":[{"@type":"SearchAction","target":{"@type":"EntryPoint","urlTemplate":"https:\/\/www.cohesity.com\/fr\/?s={search_term_string}"},"query-input":{"@type":"PropertyValueSpecification","valueRequired":true,"valueName":"search_term_string"}}],"inLanguage":"fr-FR"},{"@type":"Organization","@id":"https:\/\/www.cohesity.com\/fr\/#organization","name":"Cohesity","url":"https:\/\/www.cohesity.com\/fr\/","logo":{"@type":"ImageObject","inLanguage":"fr-FR","@id":"https:\/\/www.cohesity.com\/fr\/#\/schema\/logo\/image\/","url":"https:\/\/www.cohesity.com\/wp-content\/new_media\/2020\/10\/cohesity_logo.svg","contentUrl":"https:\/\/www.cohesity.com\/wp-content\/new_media\/2020\/10\/cohesity_logo.svg","width":143,"height":20,"caption":"Cohesity"},"image":{"@id":"https:\/\/www.cohesity.com\/fr\/#\/schema\/logo\/image\/"},"sameAs":["https:\/\/www.facebook.com\/cohesity","https:\/\/x.com\/cohesity"]}]}},"_links":{"self":[{"href":"https:\/\/www.cohesity.com\/fr\/wp-json\/wp\/v2\/pages\/272645","targetHints":{"allow":["GET"]}}],"collection":[{"href":"https:\/\/www.cohesity.com\/fr\/wp-json\/wp\/v2\/pages"}],"about":[{"href":"https:\/\/www.cohesity.com\/fr\/wp-json\/wp\/v2\/types\/page"}],"author":[{"embeddable":true,"href":"https:\/\/www.cohesity.com\/fr\/wp-json\/wp\/v2\/users\/171"}],"replies":[{"embeddable":true,"href":"https:\/\/www.cohesity.com\/fr\/wp-json\/wp\/v2\/comments?post=272645"}],"version-history":[{"count":1,"href":"https:\/\/www.cohesity.com\/fr\/wp-json\/wp\/v2\/pages\/272645\/revisions"}],"predecessor-version":[{"id":275380,"href":"https:\/\/www.cohesity.com\/fr\/wp-json\/wp\/v2\/pages\/272645\/revisions\/275380"}],"wp:attachment":[{"href":"https:\/\/www.cohesity.com\/fr\/wp-json\/wp\/v2\/media?parent=272645"}],"curies":[{"name":"wp","href":"https:\/\/api.w.org\/{rel}","templated":true}]}}