{"id":287585,"date":"2025-06-05T05:55:19","date_gmt":"2025-06-05T12:55:19","guid":{"rendered":"https:\/\/www.cohesity.com\/dm\/resilience-everywhere-security\/"},"modified":"2025-08-12T23:37:19","modified_gmt":"2025-08-13T06:37:19","slug":"resilience-everywhere-security","status":"publish","type":"page","link":"https:\/\/www.cohesity.com\/fr\/dm\/resilience-everywhere-security\/","title":{"rendered":"S\u00e9curit\u00e9 de la r\u00e9silience totale"},"content":{"rendered":"","protected":false},"excerpt":{"rendered":"","protected":false},"author":2,"featured_media":0,"parent":56522,"menu_order":0,"comment_status":"closed","ping_status":"closed","template":"template-generic-redesign.php","meta":{"_acf_changed":false,"_oasis_is_in_workflow":0,"_oasis_original":0,"_oasis_task_priority":"","inline_featured_image":false,"footnotes":""},"class_list":["post-287585","page","type-page","status-publish","hentry"],"acf":[],"yoast_head":"<!-- This site is optimized with the Yoast SEO Premium plugin v23.2 (Yoast SEO v24.5) - https:\/\/yoast.com\/wordpress\/plugins\/seo\/ -->\n<title>Sauvegardes s\u00e9curis\u00e9es\u00a0: isol\u00e9es, immuables et pr\u00eates \u00e0 \u00eatre restaur\u00e9es | Cohesity<\/title>\n<meta name=\"description\" content=\"Avoir une strat\u00e9gie de cyber-r\u00e9silience, c\u2019est d\u2019abord avoir des sauvegardes s\u00e9curis\u00e9es pour pouvoir restaurer, enqu\u00eater et vous d\u00e9fendre contre les cyberattaques.\" \/>\n<meta name=\"robots\" content=\"index, follow, max-snippet:-1, max-image-preview:large, max-video-preview:-1\" \/>\n<link rel=\"canonical\" href=\"https:\/\/www.cohesity.com\/fr\/dm\/resilience-everywhere-security\/\" \/>\n<meta property=\"og:locale\" content=\"fr_FR\" \/>\n<meta property=\"og:type\" content=\"article\" \/>\n<meta property=\"og:title\" content=\"Sauvegardes s\u00e9curis\u00e9es\u00a0: isol\u00e9es, immuables et pr\u00eates \u00e0 \u00eatre restaur\u00e9es | Cohesity\" \/>\n<meta property=\"og:description\" content=\"Avoir une strat\u00e9gie de cyber-r\u00e9silience, c\u2019est d\u2019abord avoir des sauvegardes s\u00e9curis\u00e9es pour pouvoir restaurer, enqu\u00eater et vous d\u00e9fendre contre les cyberattaques.\" \/>\n<meta property=\"og:url\" content=\"https:\/\/www.cohesity.com\/fr\/dm\/resilience-everywhere-security\/\" \/>\n<meta property=\"og:site_name\" content=\"Cohesity\" \/>\n<meta property=\"article:publisher\" content=\"https:\/\/www.facebook.com\/cohesity\" \/>\n<meta property=\"article:modified_time\" content=\"2025-08-13T06:37:19+00:00\" \/>\n<meta property=\"og:image\" content=\"https:\/\/www.cohesity.com\/wp-content\/new_media\/2025\/08\/security-awareness-fr-og-banner.png\" \/>\n\t<meta property=\"og:image:width\" content=\"800\" \/>\n\t<meta property=\"og:image:height\" content=\"400\" \/>\n\t<meta property=\"og:image:type\" content=\"image\/png\" \/>\n<meta name=\"twitter:card\" content=\"summary_large_image\" \/>\n<meta name=\"twitter:title\" content=\"Sauvegardes s\u00e9curis\u00e9es\u00a0: isol\u00e9es, immuables et pr\u00eates \u00e0 \u00eatre restaur\u00e9es | Cohesity\" \/>\n<meta name=\"twitter:description\" content=\"Avoir une strat\u00e9gie de cyber-r\u00e9silience, c\u2019est d\u2019abord avoir des sauvegardes s\u00e9curis\u00e9es pour pouvoir restaurer, enqu\u00eater et vous d\u00e9fendre contre les cyberattaques.\" \/>\n<meta name=\"twitter:image\" content=\"https:\/\/www.cohesity.com\/wp-content\/new_media\/2025\/08\/security-awareness-fr-og-banner.png\" \/>\n<meta name=\"twitter:site\" content=\"@cohesity\" \/>\n<script type=\"application\/ld+json\" class=\"yoast-schema-graph\">{\"@context\":\"https:\/\/schema.org\",\"@graph\":[{\"@type\":\"WebPage\",\"@id\":\"https:\/\/www.cohesity.com\/fr\/dm\/resilience-everywhere-security\/\",\"url\":\"https:\/\/www.cohesity.com\/fr\/dm\/resilience-everywhere-security\/\",\"name\":\"Sauvegardes s\u00e9curis\u00e9es\u00a0: isol\u00e9es, immuables et pr\u00eates \u00e0 \u00eatre restaur\u00e9es | Cohesity\",\"isPartOf\":{\"@id\":\"https:\/\/www.cohesity.com\/fr\/#website\"},\"datePublished\":\"2025-06-05T12:55:19+00:00\",\"dateModified\":\"2025-08-13T06:37:19+00:00\",\"description\":\"Avoir une strat\u00e9gie de cyber-r\u00e9silience, c\u2019est d\u2019abord avoir des sauvegardes s\u00e9curis\u00e9es pour pouvoir restaurer, enqu\u00eater et vous d\u00e9fendre contre les cyberattaques.\",\"breadcrumb\":{\"@id\":\"https:\/\/www.cohesity.com\/fr\/dm\/resilience-everywhere-security\/#breadcrumb\"},\"inLanguage\":\"fr-FR\",\"potentialAction\":[{\"@type\":\"ReadAction\",\"target\":[\"https:\/\/www.cohesity.com\/fr\/dm\/resilience-everywhere-security\/\"]}]},{\"@type\":\"BreadcrumbList\",\"@id\":\"https:\/\/www.cohesity.com\/fr\/dm\/resilience-everywhere-security\/#breadcrumb\",\"itemListElement\":[{\"@type\":\"ListItem\",\"position\":1,\"name\":\"Home\",\"item\":\"https:\/\/www.cohesity.com\/fr\/\"},{\"@type\":\"ListItem\",\"position\":2,\"name\":\"DM\",\"item\":\"https:\/\/www.cohesity.com\/fr\/dm\/\"},{\"@type\":\"ListItem\",\"position\":3,\"name\":\"S\u00e9curit\u00e9 de la r\u00e9silience totale\"}]},{\"@type\":\"WebSite\",\"@id\":\"https:\/\/www.cohesity.com\/fr\/#website\",\"url\":\"https:\/\/www.cohesity.com\/fr\/\",\"name\":\"Cohesity\",\"description\":\"Eliminate mass data fragmentation with Cohesity\u2019s modern approach to data management, beginning with backup. Gain instant recovery.\",\"publisher\":{\"@id\":\"https:\/\/www.cohesity.com\/fr\/#organization\"},\"potentialAction\":[{\"@type\":\"SearchAction\",\"target\":{\"@type\":\"EntryPoint\",\"urlTemplate\":\"https:\/\/www.cohesity.com\/fr\/?s={search_term_string}\"},\"query-input\":{\"@type\":\"PropertyValueSpecification\",\"valueRequired\":true,\"valueName\":\"search_term_string\"}}],\"inLanguage\":\"fr-FR\"},{\"@type\":\"Organization\",\"@id\":\"https:\/\/www.cohesity.com\/fr\/#organization\",\"name\":\"Cohesity\",\"url\":\"https:\/\/www.cohesity.com\/fr\/\",\"logo\":{\"@type\":\"ImageObject\",\"inLanguage\":\"fr-FR\",\"@id\":\"https:\/\/www.cohesity.com\/fr\/#\/schema\/logo\/image\/\",\"url\":\"https:\/\/www.cohesity.com\/wp-content\/new_media\/2020\/10\/cohesity_logo.svg\",\"contentUrl\":\"https:\/\/www.cohesity.com\/wp-content\/new_media\/2020\/10\/cohesity_logo.svg\",\"width\":143,\"height\":20,\"caption\":\"Cohesity\"},\"image\":{\"@id\":\"https:\/\/www.cohesity.com\/fr\/#\/schema\/logo\/image\/\"},\"sameAs\":[\"https:\/\/www.facebook.com\/cohesity\",\"https:\/\/x.com\/cohesity\"]}]}<\/script>\n<!-- \/ Yoast SEO Premium plugin. -->","yoast_head_json":{"title":"Sauvegardes s\u00e9curis\u00e9es\u00a0: isol\u00e9es, immuables et pr\u00eates \u00e0 \u00eatre restaur\u00e9es | Cohesity","description":"Avoir une strat\u00e9gie de cyber-r\u00e9silience, c\u2019est d\u2019abord avoir des sauvegardes s\u00e9curis\u00e9es pour pouvoir restaurer, enqu\u00eater et vous d\u00e9fendre contre les cyberattaques.","robots":{"index":"index","follow":"follow","max-snippet":"max-snippet:-1","max-image-preview":"max-image-preview:large","max-video-preview":"max-video-preview:-1"},"canonical":"https:\/\/www.cohesity.com\/fr\/dm\/resilience-everywhere-security\/","og_locale":"fr_FR","og_type":"article","og_title":"Sauvegardes s\u00e9curis\u00e9es\u00a0: isol\u00e9es, immuables et pr\u00eates \u00e0 \u00eatre restaur\u00e9es | Cohesity","og_description":"Avoir une strat\u00e9gie de cyber-r\u00e9silience, c\u2019est d\u2019abord avoir des sauvegardes s\u00e9curis\u00e9es pour pouvoir restaurer, enqu\u00eater et vous d\u00e9fendre contre les cyberattaques.","og_url":"https:\/\/www.cohesity.com\/fr\/dm\/resilience-everywhere-security\/","og_site_name":"Cohesity","article_publisher":"https:\/\/www.facebook.com\/cohesity","article_modified_time":"2025-08-13T06:37:19+00:00","og_image":[{"width":800,"height":400,"url":"https:\/\/www.cohesity.com\/wp-content\/new_media\/2025\/08\/security-awareness-fr-og-banner.png","type":"image\/png"}],"twitter_card":"summary_large_image","twitter_title":"Sauvegardes s\u00e9curis\u00e9es\u00a0: isol\u00e9es, immuables et pr\u00eates \u00e0 \u00eatre restaur\u00e9es | Cohesity","twitter_description":"Avoir une strat\u00e9gie de cyber-r\u00e9silience, c\u2019est d\u2019abord avoir des sauvegardes s\u00e9curis\u00e9es pour pouvoir restaurer, enqu\u00eater et vous d\u00e9fendre contre les cyberattaques.","twitter_image":"https:\/\/www.cohesity.com\/wp-content\/new_media\/2025\/08\/security-awareness-fr-og-banner.png","twitter_site":"@cohesity","schema":{"@context":"https:\/\/schema.org","@graph":[{"@type":"WebPage","@id":"https:\/\/www.cohesity.com\/fr\/dm\/resilience-everywhere-security\/","url":"https:\/\/www.cohesity.com\/fr\/dm\/resilience-everywhere-security\/","name":"Sauvegardes s\u00e9curis\u00e9es\u00a0: isol\u00e9es, immuables et pr\u00eates \u00e0 \u00eatre restaur\u00e9es | Cohesity","isPartOf":{"@id":"https:\/\/www.cohesity.com\/fr\/#website"},"datePublished":"2025-06-05T12:55:19+00:00","dateModified":"2025-08-13T06:37:19+00:00","description":"Avoir une strat\u00e9gie de cyber-r\u00e9silience, c\u2019est d\u2019abord avoir des sauvegardes s\u00e9curis\u00e9es pour pouvoir restaurer, enqu\u00eater et vous d\u00e9fendre contre les cyberattaques.","breadcrumb":{"@id":"https:\/\/www.cohesity.com\/fr\/dm\/resilience-everywhere-security\/#breadcrumb"},"inLanguage":"fr-FR","potentialAction":[{"@type":"ReadAction","target":["https:\/\/www.cohesity.com\/fr\/dm\/resilience-everywhere-security\/"]}]},{"@type":"BreadcrumbList","@id":"https:\/\/www.cohesity.com\/fr\/dm\/resilience-everywhere-security\/#breadcrumb","itemListElement":[{"@type":"ListItem","position":1,"name":"Home","item":"https:\/\/www.cohesity.com\/fr\/"},{"@type":"ListItem","position":2,"name":"DM","item":"https:\/\/www.cohesity.com\/fr\/dm\/"},{"@type":"ListItem","position":3,"name":"S\u00e9curit\u00e9 de la r\u00e9silience totale"}]},{"@type":"WebSite","@id":"https:\/\/www.cohesity.com\/fr\/#website","url":"https:\/\/www.cohesity.com\/fr\/","name":"Cohesity","description":"Eliminate mass data fragmentation with Cohesity\u2019s modern approach to data management, beginning with backup. Gain instant recovery.","publisher":{"@id":"https:\/\/www.cohesity.com\/fr\/#organization"},"potentialAction":[{"@type":"SearchAction","target":{"@type":"EntryPoint","urlTemplate":"https:\/\/www.cohesity.com\/fr\/?s={search_term_string}"},"query-input":{"@type":"PropertyValueSpecification","valueRequired":true,"valueName":"search_term_string"}}],"inLanguage":"fr-FR"},{"@type":"Organization","@id":"https:\/\/www.cohesity.com\/fr\/#organization","name":"Cohesity","url":"https:\/\/www.cohesity.com\/fr\/","logo":{"@type":"ImageObject","inLanguage":"fr-FR","@id":"https:\/\/www.cohesity.com\/fr\/#\/schema\/logo\/image\/","url":"https:\/\/www.cohesity.com\/wp-content\/new_media\/2020\/10\/cohesity_logo.svg","contentUrl":"https:\/\/www.cohesity.com\/wp-content\/new_media\/2020\/10\/cohesity_logo.svg","width":143,"height":20,"caption":"Cohesity"},"image":{"@id":"https:\/\/www.cohesity.com\/fr\/#\/schema\/logo\/image\/"},"sameAs":["https:\/\/www.facebook.com\/cohesity","https:\/\/x.com\/cohesity"]}]}},"_links":{"self":[{"href":"https:\/\/www.cohesity.com\/fr\/wp-json\/wp\/v2\/pages\/287585","targetHints":{"allow":["GET"]}}],"collection":[{"href":"https:\/\/www.cohesity.com\/fr\/wp-json\/wp\/v2\/pages"}],"about":[{"href":"https:\/\/www.cohesity.com\/fr\/wp-json\/wp\/v2\/types\/page"}],"author":[{"embeddable":true,"href":"https:\/\/www.cohesity.com\/fr\/wp-json\/wp\/v2\/users\/2"}],"replies":[{"embeddable":true,"href":"https:\/\/www.cohesity.com\/fr\/wp-json\/wp\/v2\/comments?post=287585"}],"version-history":[{"count":10,"href":"https:\/\/www.cohesity.com\/fr\/wp-json\/wp\/v2\/pages\/287585\/revisions"}],"predecessor-version":[{"id":291250,"href":"https:\/\/www.cohesity.com\/fr\/wp-json\/wp\/v2\/pages\/287585\/revisions\/291250"}],"up":[{"embeddable":true,"href":"https:\/\/www.cohesity.com\/fr\/wp-json\/wp\/v2\/pages\/56522"}],"wp:attachment":[{"href":"https:\/\/www.cohesity.com\/fr\/wp-json\/wp\/v2\/media?parent=287585"}],"curies":[{"name":"wp","href":"https:\/\/api.w.org\/{rel}","templated":true}]}}