{"id":52339,"date":"2020-12-11T09:52:27","date_gmt":"2020-12-11T17:52:27","guid":{"rendered":"https:\/\/www.cohesity.com\/conservation-et-archivage-a-long-terme\/"},"modified":"2024-04-23T07:09:43","modified_gmt":"2024-04-23T14:09:43","slug":"long-term-retention-and-archival","status":"publish","type":"page","link":"https:\/\/www.cohesity.com\/fr\/solutions\/long-term-retention-and-archival\/","title":{"rendered":"R\u00e9tention \u00e0 long terme et archivage"},"content":{"rendered":"","protected":false},"excerpt":{"rendered":"","protected":false},"author":8,"featured_media":4388,"parent":53831,"menu_order":0,"comment_status":"closed","ping_status":"closed","template":"template-solutions-redesign.php","meta":{"_acf_changed":false,"_oasis_is_in_workflow":0,"_oasis_original":0,"_oasis_task_priority":"","inline_featured_image":false,"footnotes":""},"class_list":["post-52339","page","type-page","status-publish","has-post-thumbnail","hentry"],"acf":[],"yoast_head":"<!-- This site is optimized with the Yoast SEO Premium plugin v23.2 (Yoast SEO v24.5) - https:\/\/yoast.com\/wordpress\/plugins\/seo\/ -->\n<title>Solution d\u2019archivage et de r\u00e9tention des donn\u00e9es | Cohesity<\/title>\n<meta name=\"description\" content=\"Cohesity permet aux entreprises de r\u00e9duire leurs d\u00e9penses et leur co\u00fbt total de possession (TCO) pour l&#039;archivage et la r\u00e9tention des donn\u00e9es \u00e0 long terme. En savoir plus sur nos solutions d&#039;archivage et de r\u00e9tention des donn\u00e9es.\" \/>\n<meta name=\"robots\" content=\"index, follow, max-snippet:-1, max-image-preview:large, max-video-preview:-1\" \/>\n<link rel=\"canonical\" href=\"https:\/\/www.cohesity.com\/fr\/solutions\/long-term-retention-and-archival\/\" \/>\n<meta property=\"og:locale\" content=\"fr_FR\" \/>\n<meta property=\"og:type\" content=\"article\" \/>\n<meta property=\"og:title\" content=\"Solution d\u2019archivage et de r\u00e9tention des donn\u00e9es | Cohesity\" \/>\n<meta property=\"og:description\" content=\"Cohesity permet aux entreprises de r\u00e9duire leurs d\u00e9penses et leur co\u00fbt total de possession (TCO) pour l&#039;archivage et la r\u00e9tention des donn\u00e9es \u00e0 long terme. En savoir plus sur nos solutions d&#039;archivage et de r\u00e9tention des donn\u00e9es.\" \/>\n<meta property=\"og:url\" content=\"https:\/\/www.cohesity.com\/fr\/solutions\/long-term-retention-and-archival\/\" \/>\n<meta property=\"og:site_name\" content=\"Cohesity\" \/>\n<meta property=\"article:publisher\" content=\"https:\/\/www.facebook.com\/cohesity\" \/>\n<meta property=\"article:modified_time\" content=\"2024-04-23T14:09:43+00:00\" \/>\n<meta property=\"og:image\" content=\"https:\/\/www.cohesity.com\/wp-content\/new_media\/2023\/07\/long-term-retention-og-800x200-1.png\" \/>\n<meta name=\"twitter:card\" content=\"summary_large_image\" \/>\n<meta name=\"twitter:title\" content=\"Solution d\u2019archivage et de r\u00e9tention des donn\u00e9es | Cohesity\" \/>\n<meta name=\"twitter:description\" content=\"Cohesity permet aux entreprises de r\u00e9duire leurs d\u00e9penses et leur co\u00fbt total de possession (TCO) pour l&#039;archivage et la r\u00e9tention des donn\u00e9es \u00e0 long terme. En savoir plus sur nos solutions d&#039;archivage et de r\u00e9tention des donn\u00e9es.\" \/>\n<meta name=\"twitter:image\" content=\"https:\/\/www.cohesity.com\/wp-content\/new_media\/2023\/07\/long-term-retention-og-800x200-1.png\" \/>\n<meta name=\"twitter:site\" content=\"@cohesity\" \/>\n<meta name=\"twitter:label1\" content=\"Est. reading time\" \/>\n\t<meta name=\"twitter:data1\" content=\"1 minute\" \/>\n<script type=\"application\/ld+json\" class=\"yoast-schema-graph\">{\"@context\":\"https:\/\/schema.org\",\"@graph\":[{\"@type\":\"WebPage\",\"@id\":\"https:\/\/www.cohesity.com\/fr\/solutions\/long-term-retention-and-archival\/\",\"url\":\"https:\/\/www.cohesity.com\/fr\/solutions\/long-term-retention-and-archival\/\",\"name\":\"Solution d\u2019archivage et de r\u00e9tention des donn\u00e9es | Cohesity\",\"isPartOf\":{\"@id\":\"https:\/\/www.cohesity.com\/fr\/#website\"},\"primaryImageOfPage\":{\"@id\":\"https:\/\/www.cohesity.com\/fr\/solutions\/long-term-retention-and-archival\/#primaryimage\"},\"image\":{\"@id\":\"https:\/\/www.cohesity.com\/fr\/solutions\/long-term-retention-and-archival\/#primaryimage\"},\"thumbnailUrl\":\"https:\/\/www.cohesity.com\/wp-content\/new_media\/2020\/08\/long-term-retention-icon.svg\",\"datePublished\":\"2020-12-11T17:52:27+00:00\",\"dateModified\":\"2024-04-23T14:09:43+00:00\",\"description\":\"Cohesity permet aux entreprises de r\u00e9duire leurs d\u00e9penses et leur co\u00fbt total de possession (TCO) pour l'archivage et la r\u00e9tention des donn\u00e9es \u00e0 long terme. En savoir plus sur nos solutions d'archivage et de r\u00e9tention des donn\u00e9es.\",\"breadcrumb\":{\"@id\":\"https:\/\/www.cohesity.com\/fr\/solutions\/long-term-retention-and-archival\/#breadcrumb\"},\"inLanguage\":\"fr-FR\",\"potentialAction\":[{\"@type\":\"ReadAction\",\"target\":[\"https:\/\/www.cohesity.com\/fr\/solutions\/long-term-retention-and-archival\/\"]}]},{\"@type\":\"ImageObject\",\"inLanguage\":\"fr-FR\",\"@id\":\"https:\/\/www.cohesity.com\/fr\/solutions\/long-term-retention-and-archival\/#primaryimage\",\"url\":\"https:\/\/www.cohesity.com\/wp-content\/new_media\/2020\/08\/long-term-retention-icon.svg\",\"contentUrl\":\"https:\/\/www.cohesity.com\/wp-content\/new_media\/2020\/08\/long-term-retention-icon.svg\",\"caption\":\"Ic\u00f4ne de conservation \u00e0 long terme\"},{\"@type\":\"BreadcrumbList\",\"@id\":\"https:\/\/www.cohesity.com\/fr\/solutions\/long-term-retention-and-archival\/#breadcrumb\",\"itemListElement\":[{\"@type\":\"ListItem\",\"position\":1,\"name\":\"Home\",\"item\":\"https:\/\/www.cohesity.com\/fr\/\"},{\"@type\":\"ListItem\",\"position\":2,\"name\":\"Pr\u00e9sentation des solutions\",\"item\":\"https:\/\/www.cohesity.com\/fr\/solutions\/\"},{\"@type\":\"ListItem\",\"position\":3,\"name\":\"R\u00e9tention \u00e0 long terme et archivage\"}]},{\"@type\":\"WebSite\",\"@id\":\"https:\/\/www.cohesity.com\/fr\/#website\",\"url\":\"https:\/\/www.cohesity.com\/fr\/\",\"name\":\"Cohesity\",\"description\":\"Eliminate mass data fragmentation with Cohesity\u2019s modern approach to data management, beginning with backup. Gain instant recovery.\",\"publisher\":{\"@id\":\"https:\/\/www.cohesity.com\/fr\/#organization\"},\"potentialAction\":[{\"@type\":\"SearchAction\",\"target\":{\"@type\":\"EntryPoint\",\"urlTemplate\":\"https:\/\/www.cohesity.com\/fr\/?s={search_term_string}\"},\"query-input\":{\"@type\":\"PropertyValueSpecification\",\"valueRequired\":true,\"valueName\":\"search_term_string\"}}],\"inLanguage\":\"fr-FR\"},{\"@type\":\"Organization\",\"@id\":\"https:\/\/www.cohesity.com\/fr\/#organization\",\"name\":\"Cohesity\",\"url\":\"https:\/\/www.cohesity.com\/fr\/\",\"logo\":{\"@type\":\"ImageObject\",\"inLanguage\":\"fr-FR\",\"@id\":\"https:\/\/www.cohesity.com\/fr\/#\/schema\/logo\/image\/\",\"url\":\"https:\/\/www.cohesity.com\/wp-content\/new_media\/2020\/10\/cohesity_logo.svg\",\"contentUrl\":\"https:\/\/www.cohesity.com\/wp-content\/new_media\/2020\/10\/cohesity_logo.svg\",\"width\":143,\"height\":20,\"caption\":\"Cohesity\"},\"image\":{\"@id\":\"https:\/\/www.cohesity.com\/fr\/#\/schema\/logo\/image\/\"},\"sameAs\":[\"https:\/\/www.facebook.com\/cohesity\",\"https:\/\/x.com\/cohesity\"]}]}<\/script>\n<!-- \/ Yoast SEO Premium plugin. -->","yoast_head_json":{"title":"Solution d\u2019archivage et de r\u00e9tention des donn\u00e9es | Cohesity","description":"Cohesity permet aux entreprises de r\u00e9duire leurs d\u00e9penses et leur co\u00fbt total de possession (TCO) pour l'archivage et la r\u00e9tention des donn\u00e9es \u00e0 long terme. En savoir plus sur nos solutions d'archivage et de r\u00e9tention des donn\u00e9es.","robots":{"index":"index","follow":"follow","max-snippet":"max-snippet:-1","max-image-preview":"max-image-preview:large","max-video-preview":"max-video-preview:-1"},"canonical":"https:\/\/www.cohesity.com\/fr\/solutions\/long-term-retention-and-archival\/","og_locale":"fr_FR","og_type":"article","og_title":"Solution d\u2019archivage et de r\u00e9tention des donn\u00e9es | Cohesity","og_description":"Cohesity permet aux entreprises de r\u00e9duire leurs d\u00e9penses et leur co\u00fbt total de possession (TCO) pour l'archivage et la r\u00e9tention des donn\u00e9es \u00e0 long terme. En savoir plus sur nos solutions d'archivage et de r\u00e9tention des donn\u00e9es.","og_url":"https:\/\/www.cohesity.com\/fr\/solutions\/long-term-retention-and-archival\/","og_site_name":"Cohesity","article_publisher":"https:\/\/www.facebook.com\/cohesity","article_modified_time":"2024-04-23T14:09:43+00:00","og_image":[{"url":"https:\/\/www.cohesity.com\/wp-content\/new_media\/2023\/07\/long-term-retention-og-800x200-1.png","type":"","width":"","height":""}],"twitter_card":"summary_large_image","twitter_title":"Solution d\u2019archivage et de r\u00e9tention des donn\u00e9es | Cohesity","twitter_description":"Cohesity permet aux entreprises de r\u00e9duire leurs d\u00e9penses et leur co\u00fbt total de possession (TCO) pour l'archivage et la r\u00e9tention des donn\u00e9es \u00e0 long terme. En savoir plus sur nos solutions d'archivage et de r\u00e9tention des donn\u00e9es.","twitter_image":"https:\/\/www.cohesity.com\/wp-content\/new_media\/2023\/07\/long-term-retention-og-800x200-1.png","twitter_site":"@cohesity","twitter_misc":{"Est. reading time":"1 minute"},"schema":{"@context":"https:\/\/schema.org","@graph":[{"@type":"WebPage","@id":"https:\/\/www.cohesity.com\/fr\/solutions\/long-term-retention-and-archival\/","url":"https:\/\/www.cohesity.com\/fr\/solutions\/long-term-retention-and-archival\/","name":"Solution d\u2019archivage et de r\u00e9tention des donn\u00e9es | Cohesity","isPartOf":{"@id":"https:\/\/www.cohesity.com\/fr\/#website"},"primaryImageOfPage":{"@id":"https:\/\/www.cohesity.com\/fr\/solutions\/long-term-retention-and-archival\/#primaryimage"},"image":{"@id":"https:\/\/www.cohesity.com\/fr\/solutions\/long-term-retention-and-archival\/#primaryimage"},"thumbnailUrl":"https:\/\/www.cohesity.com\/wp-content\/new_media\/2020\/08\/long-term-retention-icon.svg","datePublished":"2020-12-11T17:52:27+00:00","dateModified":"2024-04-23T14:09:43+00:00","description":"Cohesity permet aux entreprises de r\u00e9duire leurs d\u00e9penses et leur co\u00fbt total de possession (TCO) pour l'archivage et la r\u00e9tention des donn\u00e9es \u00e0 long terme. En savoir plus sur nos solutions d'archivage et de r\u00e9tention des donn\u00e9es.","breadcrumb":{"@id":"https:\/\/www.cohesity.com\/fr\/solutions\/long-term-retention-and-archival\/#breadcrumb"},"inLanguage":"fr-FR","potentialAction":[{"@type":"ReadAction","target":["https:\/\/www.cohesity.com\/fr\/solutions\/long-term-retention-and-archival\/"]}]},{"@type":"ImageObject","inLanguage":"fr-FR","@id":"https:\/\/www.cohesity.com\/fr\/solutions\/long-term-retention-and-archival\/#primaryimage","url":"https:\/\/www.cohesity.com\/wp-content\/new_media\/2020\/08\/long-term-retention-icon.svg","contentUrl":"https:\/\/www.cohesity.com\/wp-content\/new_media\/2020\/08\/long-term-retention-icon.svg","caption":"Ic\u00f4ne de conservation \u00e0 long terme"},{"@type":"BreadcrumbList","@id":"https:\/\/www.cohesity.com\/fr\/solutions\/long-term-retention-and-archival\/#breadcrumb","itemListElement":[{"@type":"ListItem","position":1,"name":"Home","item":"https:\/\/www.cohesity.com\/fr\/"},{"@type":"ListItem","position":2,"name":"Pr\u00e9sentation des solutions","item":"https:\/\/www.cohesity.com\/fr\/solutions\/"},{"@type":"ListItem","position":3,"name":"R\u00e9tention \u00e0 long terme et archivage"}]},{"@type":"WebSite","@id":"https:\/\/www.cohesity.com\/fr\/#website","url":"https:\/\/www.cohesity.com\/fr\/","name":"Cohesity","description":"Eliminate mass data fragmentation with Cohesity\u2019s modern approach to data management, beginning with backup. Gain instant recovery.","publisher":{"@id":"https:\/\/www.cohesity.com\/fr\/#organization"},"potentialAction":[{"@type":"SearchAction","target":{"@type":"EntryPoint","urlTemplate":"https:\/\/www.cohesity.com\/fr\/?s={search_term_string}"},"query-input":{"@type":"PropertyValueSpecification","valueRequired":true,"valueName":"search_term_string"}}],"inLanguage":"fr-FR"},{"@type":"Organization","@id":"https:\/\/www.cohesity.com\/fr\/#organization","name":"Cohesity","url":"https:\/\/www.cohesity.com\/fr\/","logo":{"@type":"ImageObject","inLanguage":"fr-FR","@id":"https:\/\/www.cohesity.com\/fr\/#\/schema\/logo\/image\/","url":"https:\/\/www.cohesity.com\/wp-content\/new_media\/2020\/10\/cohesity_logo.svg","contentUrl":"https:\/\/www.cohesity.com\/wp-content\/new_media\/2020\/10\/cohesity_logo.svg","width":143,"height":20,"caption":"Cohesity"},"image":{"@id":"https:\/\/www.cohesity.com\/fr\/#\/schema\/logo\/image\/"},"sameAs":["https:\/\/www.facebook.com\/cohesity","https:\/\/x.com\/cohesity"]}]}},"_links":{"self":[{"href":"https:\/\/www.cohesity.com\/fr\/wp-json\/wp\/v2\/pages\/52339","targetHints":{"allow":["GET"]}}],"collection":[{"href":"https:\/\/www.cohesity.com\/fr\/wp-json\/wp\/v2\/pages"}],"about":[{"href":"https:\/\/www.cohesity.com\/fr\/wp-json\/wp\/v2\/types\/page"}],"author":[{"embeddable":true,"href":"https:\/\/www.cohesity.com\/fr\/wp-json\/wp\/v2\/users\/8"}],"replies":[{"embeddable":true,"href":"https:\/\/www.cohesity.com\/fr\/wp-json\/wp\/v2\/comments?post=52339"}],"version-history":[{"count":0,"href":"https:\/\/www.cohesity.com\/fr\/wp-json\/wp\/v2\/pages\/52339\/revisions"}],"up":[{"embeddable":true,"href":"https:\/\/www.cohesity.com\/fr\/wp-json\/wp\/v2\/pages\/53831"}],"wp:featuredmedia":[{"embeddable":true,"href":"https:\/\/www.cohesity.com\/fr\/wp-json\/wp\/v2\/media\/4388"}],"wp:attachment":[{"href":"https:\/\/www.cohesity.com\/fr\/wp-json\/wp\/v2\/media?parent=52339"}],"curies":[{"name":"wp","href":"https:\/\/api.w.org\/{rel}","templated":true}]}}