{"id":52373,"date":"2020-12-11T09:58:14","date_gmt":"2020-12-11T17:58:14","guid":{"rendered":"https:\/\/www.cohesity.com\/hpe\/"},"modified":"2025-07-01T10:38:08","modified_gmt":"2025-07-01T17:38:08","slug":"hpe","status":"publish","type":"page","link":"https:\/\/www.cohesity.com\/fr\/partners\/hpe\/","title":{"rendered":"HPE"},"content":{"rendered":"","protected":false},"excerpt":{"rendered":"","protected":false},"author":7,"featured_media":5447,"parent":287992,"menu_order":0,"comment_status":"closed","ping_status":"closed","template":"template-solutions-redesign.php","meta":{"_acf_changed":false,"_oasis_is_in_workflow":0,"_oasis_original":0,"_oasis_task_priority":"","inline_featured_image":false,"footnotes":""},"class_list":["post-52373","page","type-page","status-publish","has-post-thumbnail","hentry"],"acf":[],"yoast_head":"<!-- This site is optimized with the Yoast SEO Premium plugin v23.2 (Yoast SEO v24.5) - https:\/\/yoast.com\/wordpress\/plugins\/seo\/ -->\n<title>Cohesity et HPE | Plateforme de gestion des donn\u00e9es<\/title>\n<meta name=\"description\" content=\"HPE et Cohesity proposent une solution de gestion et de s\u00e9curit\u00e9 des donn\u00e9es cyber-r\u00e9siliente pour vous permettre de prot\u00e9ger et de g\u00e9rer vos donn\u00e9es, de la puce au cloud.\" \/>\n<meta name=\"robots\" content=\"index, follow, max-snippet:-1, max-image-preview:large, max-video-preview:-1\" \/>\n<link rel=\"canonical\" href=\"https:\/\/www.cohesity.com\/fr\/partners\/hpe\/\" \/>\n<meta property=\"og:locale\" content=\"fr_FR\" \/>\n<meta property=\"og:type\" content=\"article\" \/>\n<meta property=\"og:title\" content=\"Le partenariat entre Cohesity et HPE\" \/>\n<meta property=\"og:description\" content=\"Cohesity et Hewlett Packard Enterprise (HPE) proposent une solution de s\u00e9curit\u00e9 et de gestion des donn\u00e9es de classe entreprise, qui int\u00e8gre des innovations de pointe en mati\u00e8re de s\u00e9curit\u00e9, de la puce au cloud.\" \/>\n<meta property=\"og:url\" content=\"https:\/\/www.cohesity.com\/fr\/partners\/hpe\/\" \/>\n<meta property=\"og:site_name\" content=\"Cohesity\" \/>\n<meta property=\"article:publisher\" content=\"https:\/\/www.facebook.com\/cohesity\" \/>\n<meta property=\"article:modified_time\" content=\"2025-07-01T17:38:08+00:00\" \/>\n<meta property=\"og:image\" content=\"https:\/\/www.cohesity.com\/wp-content\/new_media\/2023\/10\/hpe-og-banner.jpg\" \/>\n<meta name=\"twitter:card\" content=\"summary_large_image\" \/>\n<meta name=\"twitter:title\" content=\"Le partenariat entre Cohesity et HPE\" \/>\n<meta name=\"twitter:description\" content=\"Cohesity et Hewlett Packard Enterprise (HPE) proposent une solution de s\u00e9curit\u00e9 et de gestion des donn\u00e9es de classe entreprise, qui int\u00e8gre des innovations de pointe en mati\u00e8re de s\u00e9curit\u00e9, de la puce au cloud.\" \/>\n<meta name=\"twitter:image\" content=\"https:\/\/www.cohesity.com\/wp-content\/new_media\/2023\/10\/hpe-og-banner.jpg\" \/>\n<meta name=\"twitter:site\" content=\"@cohesity\" \/>\n<meta name=\"twitter:label1\" content=\"Est. reading time\" \/>\n\t<meta name=\"twitter:data1\" content=\"1 minute\" \/>\n<script type=\"application\/ld+json\" class=\"yoast-schema-graph\">{\"@context\":\"https:\/\/schema.org\",\"@graph\":[{\"@type\":\"WebPage\",\"@id\":\"https:\/\/www.cohesity.com\/fr\/partners\/hpe\/\",\"url\":\"https:\/\/www.cohesity.com\/fr\/partners\/hpe\/\",\"name\":\"Cohesity et HPE | Plateforme de gestion des donn\u00e9es\",\"isPartOf\":{\"@id\":\"https:\/\/www.cohesity.com\/fr\/#website\"},\"primaryImageOfPage\":{\"@id\":\"https:\/\/www.cohesity.com\/fr\/partners\/hpe\/#primaryimage\"},\"image\":{\"@id\":\"https:\/\/www.cohesity.com\/fr\/partners\/hpe\/#primaryimage\"},\"thumbnailUrl\":\"https:\/\/www.cohesity.com\/wp-content\/new_media\/2020\/08\/hpe-icon.svg\",\"datePublished\":\"2020-12-11T17:58:14+00:00\",\"dateModified\":\"2025-07-01T17:38:08+00:00\",\"description\":\"HPE et Cohesity proposent une solution de gestion et de s\u00e9curit\u00e9 des donn\u00e9es cyber-r\u00e9siliente pour vous permettre de prot\u00e9ger et de g\u00e9rer vos donn\u00e9es, de la puce au cloud.\",\"breadcrumb\":{\"@id\":\"https:\/\/www.cohesity.com\/fr\/partners\/hpe\/#breadcrumb\"},\"inLanguage\":\"fr-FR\",\"potentialAction\":[{\"@type\":\"ReadAction\",\"target\":[\"https:\/\/www.cohesity.com\/fr\/partners\/hpe\/\"]}]},{\"@type\":\"ImageObject\",\"inLanguage\":\"fr-FR\",\"@id\":\"https:\/\/www.cohesity.com\/fr\/partners\/hpe\/#primaryimage\",\"url\":\"https:\/\/www.cohesity.com\/wp-content\/new_media\/2020\/08\/hpe-icon.svg\",\"contentUrl\":\"https:\/\/www.cohesity.com\/wp-content\/new_media\/2020\/08\/hpe-icon.svg\",\"caption\":\"Ic\u00f4ne HPE\"},{\"@type\":\"BreadcrumbList\",\"@id\":\"https:\/\/www.cohesity.com\/fr\/partners\/hpe\/#breadcrumb\",\"itemListElement\":[{\"@type\":\"ListItem\",\"position\":1,\"name\":\"Home\",\"item\":\"https:\/\/www.cohesity.com\/fr\/\"},{\"@type\":\"ListItem\",\"position\":2,\"name\":\"Partners\",\"item\":\"https:\/\/www.cohesity.com\/fr\/partners\/\"},{\"@type\":\"ListItem\",\"position\":3,\"name\":\"HPE\"}]},{\"@type\":\"WebSite\",\"@id\":\"https:\/\/www.cohesity.com\/fr\/#website\",\"url\":\"https:\/\/www.cohesity.com\/fr\/\",\"name\":\"Cohesity\",\"description\":\"Eliminate mass data fragmentation with Cohesity\u2019s modern approach to data management, beginning with backup. Gain instant recovery.\",\"publisher\":{\"@id\":\"https:\/\/www.cohesity.com\/fr\/#organization\"},\"potentialAction\":[{\"@type\":\"SearchAction\",\"target\":{\"@type\":\"EntryPoint\",\"urlTemplate\":\"https:\/\/www.cohesity.com\/fr\/?s={search_term_string}\"},\"query-input\":{\"@type\":\"PropertyValueSpecification\",\"valueRequired\":true,\"valueName\":\"search_term_string\"}}],\"inLanguage\":\"fr-FR\"},{\"@type\":\"Organization\",\"@id\":\"https:\/\/www.cohesity.com\/fr\/#organization\",\"name\":\"Cohesity\",\"url\":\"https:\/\/www.cohesity.com\/fr\/\",\"logo\":{\"@type\":\"ImageObject\",\"inLanguage\":\"fr-FR\",\"@id\":\"https:\/\/www.cohesity.com\/fr\/#\/schema\/logo\/image\/\",\"url\":\"https:\/\/www.cohesity.com\/wp-content\/new_media\/2020\/10\/cohesity_logo.svg\",\"contentUrl\":\"https:\/\/www.cohesity.com\/wp-content\/new_media\/2020\/10\/cohesity_logo.svg\",\"width\":143,\"height\":20,\"caption\":\"Cohesity\"},\"image\":{\"@id\":\"https:\/\/www.cohesity.com\/fr\/#\/schema\/logo\/image\/\"},\"sameAs\":[\"https:\/\/www.facebook.com\/cohesity\",\"https:\/\/x.com\/cohesity\"]}]}<\/script>\n<!-- \/ Yoast SEO Premium plugin. -->","yoast_head_json":{"title":"Cohesity et HPE | Plateforme de gestion des donn\u00e9es","description":"HPE et Cohesity proposent une solution de gestion et de s\u00e9curit\u00e9 des donn\u00e9es cyber-r\u00e9siliente pour vous permettre de prot\u00e9ger et de g\u00e9rer vos donn\u00e9es, de la puce au cloud.","robots":{"index":"index","follow":"follow","max-snippet":"max-snippet:-1","max-image-preview":"max-image-preview:large","max-video-preview":"max-video-preview:-1"},"canonical":"https:\/\/www.cohesity.com\/fr\/partners\/hpe\/","og_locale":"fr_FR","og_type":"article","og_title":"Le partenariat entre Cohesity et HPE","og_description":"Cohesity et Hewlett Packard Enterprise (HPE) proposent une solution de s\u00e9curit\u00e9 et de gestion des donn\u00e9es de classe entreprise, qui int\u00e8gre des innovations de pointe en mati\u00e8re de s\u00e9curit\u00e9, de la puce au cloud.","og_url":"https:\/\/www.cohesity.com\/fr\/partners\/hpe\/","og_site_name":"Cohesity","article_publisher":"https:\/\/www.facebook.com\/cohesity","article_modified_time":"2025-07-01T17:38:08+00:00","og_image":[{"url":"https:\/\/www.cohesity.com\/wp-content\/new_media\/2023\/10\/hpe-og-banner.jpg","type":"","width":"","height":""}],"twitter_card":"summary_large_image","twitter_title":"Le partenariat entre Cohesity et HPE","twitter_description":"Cohesity et Hewlett Packard Enterprise (HPE) proposent une solution de s\u00e9curit\u00e9 et de gestion des donn\u00e9es de classe entreprise, qui int\u00e8gre des innovations de pointe en mati\u00e8re de s\u00e9curit\u00e9, de la puce au cloud.","twitter_image":"https:\/\/www.cohesity.com\/wp-content\/new_media\/2023\/10\/hpe-og-banner.jpg","twitter_site":"@cohesity","twitter_misc":{"Est. reading time":"1 minute"},"schema":{"@context":"https:\/\/schema.org","@graph":[{"@type":"WebPage","@id":"https:\/\/www.cohesity.com\/fr\/partners\/hpe\/","url":"https:\/\/www.cohesity.com\/fr\/partners\/hpe\/","name":"Cohesity et HPE | Plateforme de gestion des donn\u00e9es","isPartOf":{"@id":"https:\/\/www.cohesity.com\/fr\/#website"},"primaryImageOfPage":{"@id":"https:\/\/www.cohesity.com\/fr\/partners\/hpe\/#primaryimage"},"image":{"@id":"https:\/\/www.cohesity.com\/fr\/partners\/hpe\/#primaryimage"},"thumbnailUrl":"https:\/\/www.cohesity.com\/wp-content\/new_media\/2020\/08\/hpe-icon.svg","datePublished":"2020-12-11T17:58:14+00:00","dateModified":"2025-07-01T17:38:08+00:00","description":"HPE et Cohesity proposent une solution de gestion et de s\u00e9curit\u00e9 des donn\u00e9es cyber-r\u00e9siliente pour vous permettre de prot\u00e9ger et de g\u00e9rer vos donn\u00e9es, de la puce au cloud.","breadcrumb":{"@id":"https:\/\/www.cohesity.com\/fr\/partners\/hpe\/#breadcrumb"},"inLanguage":"fr-FR","potentialAction":[{"@type":"ReadAction","target":["https:\/\/www.cohesity.com\/fr\/partners\/hpe\/"]}]},{"@type":"ImageObject","inLanguage":"fr-FR","@id":"https:\/\/www.cohesity.com\/fr\/partners\/hpe\/#primaryimage","url":"https:\/\/www.cohesity.com\/wp-content\/new_media\/2020\/08\/hpe-icon.svg","contentUrl":"https:\/\/www.cohesity.com\/wp-content\/new_media\/2020\/08\/hpe-icon.svg","caption":"Ic\u00f4ne HPE"},{"@type":"BreadcrumbList","@id":"https:\/\/www.cohesity.com\/fr\/partners\/hpe\/#breadcrumb","itemListElement":[{"@type":"ListItem","position":1,"name":"Home","item":"https:\/\/www.cohesity.com\/fr\/"},{"@type":"ListItem","position":2,"name":"Partners","item":"https:\/\/www.cohesity.com\/fr\/partners\/"},{"@type":"ListItem","position":3,"name":"HPE"}]},{"@type":"WebSite","@id":"https:\/\/www.cohesity.com\/fr\/#website","url":"https:\/\/www.cohesity.com\/fr\/","name":"Cohesity","description":"Eliminate mass data fragmentation with Cohesity\u2019s modern approach to data management, beginning with backup. Gain instant recovery.","publisher":{"@id":"https:\/\/www.cohesity.com\/fr\/#organization"},"potentialAction":[{"@type":"SearchAction","target":{"@type":"EntryPoint","urlTemplate":"https:\/\/www.cohesity.com\/fr\/?s={search_term_string}"},"query-input":{"@type":"PropertyValueSpecification","valueRequired":true,"valueName":"search_term_string"}}],"inLanguage":"fr-FR"},{"@type":"Organization","@id":"https:\/\/www.cohesity.com\/fr\/#organization","name":"Cohesity","url":"https:\/\/www.cohesity.com\/fr\/","logo":{"@type":"ImageObject","inLanguage":"fr-FR","@id":"https:\/\/www.cohesity.com\/fr\/#\/schema\/logo\/image\/","url":"https:\/\/www.cohesity.com\/wp-content\/new_media\/2020\/10\/cohesity_logo.svg","contentUrl":"https:\/\/www.cohesity.com\/wp-content\/new_media\/2020\/10\/cohesity_logo.svg","width":143,"height":20,"caption":"Cohesity"},"image":{"@id":"https:\/\/www.cohesity.com\/fr\/#\/schema\/logo\/image\/"},"sameAs":["https:\/\/www.facebook.com\/cohesity","https:\/\/x.com\/cohesity"]}]}},"_links":{"self":[{"href":"https:\/\/www.cohesity.com\/fr\/wp-json\/wp\/v2\/pages\/52373","targetHints":{"allow":["GET"]}}],"collection":[{"href":"https:\/\/www.cohesity.com\/fr\/wp-json\/wp\/v2\/pages"}],"about":[{"href":"https:\/\/www.cohesity.com\/fr\/wp-json\/wp\/v2\/types\/page"}],"author":[{"embeddable":true,"href":"https:\/\/www.cohesity.com\/fr\/wp-json\/wp\/v2\/users\/7"}],"replies":[{"embeddable":true,"href":"https:\/\/www.cohesity.com\/fr\/wp-json\/wp\/v2\/comments?post=52373"}],"version-history":[{"count":1,"href":"https:\/\/www.cohesity.com\/fr\/wp-json\/wp\/v2\/pages\/52373\/revisions"}],"predecessor-version":[{"id":287997,"href":"https:\/\/www.cohesity.com\/fr\/wp-json\/wp\/v2\/pages\/52373\/revisions\/287997"}],"up":[{"embeddable":true,"href":"https:\/\/www.cohesity.com\/fr\/wp-json\/wp\/v2\/pages\/287992"}],"wp:featuredmedia":[{"embeddable":true,"href":"https:\/\/www.cohesity.com\/fr\/wp-json\/wp\/v2\/media\/5447"}],"wp:attachment":[{"href":"https:\/\/www.cohesity.com\/fr\/wp-json\/wp\/v2\/media?parent=52373"}],"curies":[{"name":"wp","href":"https:\/\/api.w.org\/{rel}","templated":true}]}}