{"id":52384,"date":"2020-10-06T05:07:13","date_gmt":"2020-10-06T05:07:13","guid":{"rendered":"https:\/\/www.cohesity.com\/cohesity-dataprotect-desormais-egalement-disponible-en-tant-que-service\/"},"modified":"2021-11-18T14:29:38","modified_gmt":"2021-11-18T22:29:38","slug":"cohesity-dataprotect-now-delivered-as-a-service","status":"publish","type":"page","link":"https:\/\/www.cohesity.com\/fr\/cohesity-dataprotect-now-delivered-as-a-service\/","title":{"rendered":"Cohesity DataProtect d\u00e9sormais \u00e9galement disponible \u00ab\u00a0as a Service\u00a0\u00bb"},"content":{"rendered":"","protected":false},"excerpt":{"rendered":"","protected":false},"author":5,"featured_media":0,"parent":0,"menu_order":0,"comment_status":"closed","ping_status":"closed","template":"template-generic.php","meta":{"_acf_changed":false,"_oasis_is_in_workflow":0,"_oasis_original":0,"_oasis_task_priority":"","inline_featured_image":false,"footnotes":""},"class_list":["post-52384","page","type-page","status-publish","hentry"],"acf":[],"yoast_head":"<!-- This site is optimized with the Yoast SEO Premium plugin v23.2 (Yoast SEO v24.5) - https:\/\/yoast.com\/wordpress\/plugins\/seo\/ -->\n<title>Cohesity DataProtect en mode as a Service - Commencez votre essai d\u00e8s aujourd\u2019hui<\/title>\n<meta name=\"description\" content=\"Profitez de la libert\u00e9 de la sauvegarde as a service avec DataProtect. Prot\u00e9gez les environnements sur site et dans le cloud D\u00e9ployer en quelques minutes.\" \/>\n<meta name=\"robots\" content=\"index, follow, max-snippet:-1, max-image-preview:large, max-video-preview:-1\" \/>\n<link rel=\"canonical\" href=\"https:\/\/www.cohesity.com\/fr\/cohesity-dataprotect-now-delivered-as-a-service\/\" \/>\n<meta property=\"og:locale\" content=\"fr_FR\" \/>\n<meta property=\"og:type\" content=\"article\" \/>\n<meta property=\"og:title\" content=\"Cohesity DataProtect d\u00e9sormais \u00e9galement disponible \u00ab\u00a0as a Service\u00a0\u00bb\" \/>\n<meta property=\"og:description\" content=\"Profitez de la libert\u00e9 de la sauvegarde as a service avec DataProtect. Prot\u00e9gez les environnements sur site et dans le cloud D\u00e9ployer en quelques minutes.\" \/>\n<meta property=\"og:url\" content=\"https:\/\/www.cohesity.com\/fr\/cohesity-dataprotect-now-delivered-as-a-service\/\" \/>\n<meta property=\"og:site_name\" content=\"Cohesity\" \/>\n<meta property=\"article:publisher\" content=\"https:\/\/www.facebook.com\/cohesity\" \/>\n<meta property=\"article:modified_time\" content=\"2021-11-18T22:29:38+00:00\" \/>\n<meta property=\"og:image\" content=\"https:\/\/www.cohesity.com\/wp-content\/new_media\/2020\/10\/cohesity-logo-new.jpg\" \/>\n\t<meta property=\"og:image:width\" content=\"800\" \/>\n\t<meta property=\"og:image:height\" content=\"401\" \/>\n\t<meta property=\"og:image:type\" content=\"image\/jpeg\" \/>\n<meta name=\"twitter:card\" content=\"summary_large_image\" \/>\n<meta name=\"twitter:site\" content=\"@cohesity\" \/>\n<script type=\"application\/ld+json\" class=\"yoast-schema-graph\">{\"@context\":\"https:\/\/schema.org\",\"@graph\":[{\"@type\":\"WebPage\",\"@id\":\"https:\/\/www.cohesity.com\/fr\/cohesity-dataprotect-now-delivered-as-a-service\/\",\"url\":\"https:\/\/www.cohesity.com\/fr\/cohesity-dataprotect-now-delivered-as-a-service\/\",\"name\":\"Cohesity DataProtect en mode as a Service - Commencez votre essai d\u00e8s aujourd\u2019hui\",\"isPartOf\":{\"@id\":\"https:\/\/www.cohesity.com\/fr\/#website\"},\"datePublished\":\"2020-10-06T05:07:13+00:00\",\"dateModified\":\"2021-11-18T22:29:38+00:00\",\"description\":\"Profitez de la libert\u00e9 de la sauvegarde as a service avec DataProtect. Prot\u00e9gez les environnements sur site et dans le cloud D\u00e9ployer en quelques minutes.\",\"breadcrumb\":{\"@id\":\"https:\/\/www.cohesity.com\/fr\/cohesity-dataprotect-now-delivered-as-a-service\/#breadcrumb\"},\"inLanguage\":\"fr-FR\",\"potentialAction\":[{\"@type\":\"ReadAction\",\"target\":[\"https:\/\/www.cohesity.com\/fr\/cohesity-dataprotect-now-delivered-as-a-service\/\"]}]},{\"@type\":\"BreadcrumbList\",\"@id\":\"https:\/\/www.cohesity.com\/fr\/cohesity-dataprotect-now-delivered-as-a-service\/#breadcrumb\",\"itemListElement\":[{\"@type\":\"ListItem\",\"position\":1,\"name\":\"Home\",\"item\":\"https:\/\/www.cohesity.com\/fr\/\"},{\"@type\":\"ListItem\",\"position\":2,\"name\":\"Cohesity DataProtect d\u00e9sormais \u00e9galement disponible \u00ab\u00a0as a Service\u00a0\u00bb\"}]},{\"@type\":\"WebSite\",\"@id\":\"https:\/\/www.cohesity.com\/fr\/#website\",\"url\":\"https:\/\/www.cohesity.com\/fr\/\",\"name\":\"Cohesity\",\"description\":\"Eliminate mass data fragmentation with Cohesity\u2019s modern approach to data management, beginning with backup. Gain instant recovery.\",\"publisher\":{\"@id\":\"https:\/\/www.cohesity.com\/fr\/#organization\"},\"potentialAction\":[{\"@type\":\"SearchAction\",\"target\":{\"@type\":\"EntryPoint\",\"urlTemplate\":\"https:\/\/www.cohesity.com\/fr\/?s={search_term_string}\"},\"query-input\":{\"@type\":\"PropertyValueSpecification\",\"valueRequired\":true,\"valueName\":\"search_term_string\"}}],\"inLanguage\":\"fr-FR\"},{\"@type\":\"Organization\",\"@id\":\"https:\/\/www.cohesity.com\/fr\/#organization\",\"name\":\"Cohesity\",\"url\":\"https:\/\/www.cohesity.com\/fr\/\",\"logo\":{\"@type\":\"ImageObject\",\"inLanguage\":\"fr-FR\",\"@id\":\"https:\/\/www.cohesity.com\/fr\/#\/schema\/logo\/image\/\",\"url\":\"https:\/\/www.cohesity.com\/wp-content\/new_media\/2020\/10\/cohesity_logo.svg\",\"contentUrl\":\"https:\/\/www.cohesity.com\/wp-content\/new_media\/2020\/10\/cohesity_logo.svg\",\"width\":143,\"height\":20,\"caption\":\"Cohesity\"},\"image\":{\"@id\":\"https:\/\/www.cohesity.com\/fr\/#\/schema\/logo\/image\/\"},\"sameAs\":[\"https:\/\/www.facebook.com\/cohesity\",\"https:\/\/x.com\/cohesity\"]}]}<\/script>\n<!-- \/ Yoast SEO Premium plugin. -->","yoast_head_json":{"title":"Cohesity DataProtect en mode as a Service - Commencez votre essai d\u00e8s aujourd\u2019hui","description":"Profitez de la libert\u00e9 de la sauvegarde as a service avec DataProtect. Prot\u00e9gez les environnements sur site et dans le cloud D\u00e9ployer en quelques minutes.","robots":{"index":"index","follow":"follow","max-snippet":"max-snippet:-1","max-image-preview":"max-image-preview:large","max-video-preview":"max-video-preview:-1"},"canonical":"https:\/\/www.cohesity.com\/fr\/cohesity-dataprotect-now-delivered-as-a-service\/","og_locale":"fr_FR","og_type":"article","og_title":"Cohesity DataProtect d\u00e9sormais \u00e9galement disponible \u00ab\u00a0as a Service\u00a0\u00bb","og_description":"Profitez de la libert\u00e9 de la sauvegarde as a service avec DataProtect. Prot\u00e9gez les environnements sur site et dans le cloud D\u00e9ployer en quelques minutes.","og_url":"https:\/\/www.cohesity.com\/fr\/cohesity-dataprotect-now-delivered-as-a-service\/","og_site_name":"Cohesity","article_publisher":"https:\/\/www.facebook.com\/cohesity","article_modified_time":"2021-11-18T22:29:38+00:00","og_image":[{"width":800,"height":401,"url":"https:\/\/www.cohesity.com\/wp-content\/new_media\/2020\/10\/cohesity-logo-new.jpg","type":"image\/jpeg"}],"twitter_card":"summary_large_image","twitter_site":"@cohesity","schema":{"@context":"https:\/\/schema.org","@graph":[{"@type":"WebPage","@id":"https:\/\/www.cohesity.com\/fr\/cohesity-dataprotect-now-delivered-as-a-service\/","url":"https:\/\/www.cohesity.com\/fr\/cohesity-dataprotect-now-delivered-as-a-service\/","name":"Cohesity DataProtect en mode as a Service - Commencez votre essai d\u00e8s aujourd\u2019hui","isPartOf":{"@id":"https:\/\/www.cohesity.com\/fr\/#website"},"datePublished":"2020-10-06T05:07:13+00:00","dateModified":"2021-11-18T22:29:38+00:00","description":"Profitez de la libert\u00e9 de la sauvegarde as a service avec DataProtect. Prot\u00e9gez les environnements sur site et dans le cloud D\u00e9ployer en quelques minutes.","breadcrumb":{"@id":"https:\/\/www.cohesity.com\/fr\/cohesity-dataprotect-now-delivered-as-a-service\/#breadcrumb"},"inLanguage":"fr-FR","potentialAction":[{"@type":"ReadAction","target":["https:\/\/www.cohesity.com\/fr\/cohesity-dataprotect-now-delivered-as-a-service\/"]}]},{"@type":"BreadcrumbList","@id":"https:\/\/www.cohesity.com\/fr\/cohesity-dataprotect-now-delivered-as-a-service\/#breadcrumb","itemListElement":[{"@type":"ListItem","position":1,"name":"Home","item":"https:\/\/www.cohesity.com\/fr\/"},{"@type":"ListItem","position":2,"name":"Cohesity DataProtect d\u00e9sormais \u00e9galement disponible \u00ab\u00a0as a Service\u00a0\u00bb"}]},{"@type":"WebSite","@id":"https:\/\/www.cohesity.com\/fr\/#website","url":"https:\/\/www.cohesity.com\/fr\/","name":"Cohesity","description":"Eliminate mass data fragmentation with Cohesity\u2019s modern approach to data management, beginning with backup. Gain instant recovery.","publisher":{"@id":"https:\/\/www.cohesity.com\/fr\/#organization"},"potentialAction":[{"@type":"SearchAction","target":{"@type":"EntryPoint","urlTemplate":"https:\/\/www.cohesity.com\/fr\/?s={search_term_string}"},"query-input":{"@type":"PropertyValueSpecification","valueRequired":true,"valueName":"search_term_string"}}],"inLanguage":"fr-FR"},{"@type":"Organization","@id":"https:\/\/www.cohesity.com\/fr\/#organization","name":"Cohesity","url":"https:\/\/www.cohesity.com\/fr\/","logo":{"@type":"ImageObject","inLanguage":"fr-FR","@id":"https:\/\/www.cohesity.com\/fr\/#\/schema\/logo\/image\/","url":"https:\/\/www.cohesity.com\/wp-content\/new_media\/2020\/10\/cohesity_logo.svg","contentUrl":"https:\/\/www.cohesity.com\/wp-content\/new_media\/2020\/10\/cohesity_logo.svg","width":143,"height":20,"caption":"Cohesity"},"image":{"@id":"https:\/\/www.cohesity.com\/fr\/#\/schema\/logo\/image\/"},"sameAs":["https:\/\/www.facebook.com\/cohesity","https:\/\/x.com\/cohesity"]}]}},"_links":{"self":[{"href":"https:\/\/www.cohesity.com\/fr\/wp-json\/wp\/v2\/pages\/52384","targetHints":{"allow":["GET"]}}],"collection":[{"href":"https:\/\/www.cohesity.com\/fr\/wp-json\/wp\/v2\/pages"}],"about":[{"href":"https:\/\/www.cohesity.com\/fr\/wp-json\/wp\/v2\/types\/page"}],"author":[{"embeddable":true,"href":"https:\/\/www.cohesity.com\/fr\/wp-json\/wp\/v2\/users\/5"}],"replies":[{"embeddable":true,"href":"https:\/\/www.cohesity.com\/fr\/wp-json\/wp\/v2\/comments?post=52384"}],"version-history":[{"count":0,"href":"https:\/\/www.cohesity.com\/fr\/wp-json\/wp\/v2\/pages\/52384\/revisions"}],"wp:attachment":[{"href":"https:\/\/www.cohesity.com\/fr\/wp-json\/wp\/v2\/media?parent=52384"}],"curies":[{"name":"wp","href":"https:\/\/api.w.org\/{rel}","templated":true}]}}