{"id":59208,"date":"2020-08-20T17:16:48","date_gmt":"2020-08-20T17:16:48","guid":{"rendered":"https:\/\/www.cohesity.com\/products\/smartfiles\/"},"modified":"2024-08-01T05:00:00","modified_gmt":"2024-08-01T12:00:00","slug":"smartfiles","status":"publish","type":"page","link":"https:\/\/www.cohesity.com\/fr\/products\/smartfiles\/","title":{"rendered":"SmartFiles"},"content":{"rendered":"","protected":false},"excerpt":{"rendered":"","protected":false},"author":8,"featured_media":40577,"parent":42833,"menu_order":0,"comment_status":"closed","ping_status":"closed","template":"template-products-redesign.php","meta":{"_acf_changed":false,"_oasis_is_in_workflow":0,"_oasis_original":0,"_oasis_task_priority":"","inline_featured_image":false,"footnotes":""},"class_list":["post-59208","page","type-page","status-publish","has-post-thumbnail","hentry"],"acf":[],"yoast_head":"<!-- This site is optimized with the Yoast SEO Premium plugin v23.2 (Yoast SEO v24.5) - https:\/\/yoast.com\/wordpress\/plugins\/seo\/ -->\n<title>Gestion de donn\u00e9es non structur\u00e9es | Cohesity SmartFiles<\/title>\n<meta name=\"description\" content=\"Services logiciels de fichiers et d\u2019objets offrant une intelligence, une \u00e9volutivit\u00e9 et une efficacit\u00e9 sup\u00e9rieures.\" \/>\n<meta name=\"robots\" content=\"index, follow, max-snippet:-1, max-image-preview:large, max-video-preview:-1\" \/>\n<link rel=\"canonical\" href=\"https:\/\/www.cohesity.com\/fr\/products\/smartfiles\/\" \/>\n<meta property=\"og:locale\" content=\"fr_FR\" \/>\n<meta property=\"og:type\" content=\"article\" \/>\n<meta property=\"og:title\" content=\"Services de stockage de fichiers et d\u2019objets | Cohesity\" \/>\n<meta property=\"og:description\" content=\"SmartFiles est la fa\u00e7on la plus intelligente d&#039;optimiser les co\u00fbts, l&#039;\u00e9volution et l&#039;efficacit\u00e9 de vos donn\u00e9es non structur\u00e9es. G\u00e9rez, s\u00e9curisez et exploitez davantage vos donn\u00e9es gr\u00e2ce \u00e0 des services logiciels de stockage de fichiers et d\u2019objets de niveau sup\u00e9rieur pour le cloud hybride.\" \/>\n<meta property=\"og:url\" content=\"https:\/\/www.cohesity.com\/fr\/products\/smartfiles\/\" \/>\n<meta property=\"og:site_name\" content=\"Cohesity\" \/>\n<meta property=\"article:publisher\" content=\"https:\/\/www.facebook.com\/cohesity\" \/>\n<meta property=\"article:modified_time\" content=\"2024-08-01T12:00:00+00:00\" \/>\n<meta property=\"og:image\" content=\"https:\/\/www.cohesity.com\/wp-content\/new_media\/2023\/07\/OG_800x400_CS-6365_SmartFiles.png\" \/>\n<meta name=\"twitter:card\" content=\"summary_large_image\" \/>\n<meta name=\"twitter:title\" content=\"Services de stockage de fichiers et d\u2019objets | Cohesity\" \/>\n<meta name=\"twitter:description\" content=\"SmartFiles est la fa\u00e7on la plus intelligente d&#039;optimiser les co\u00fbts, l&#039;\u00e9volution et l&#039;efficacit\u00e9 de vos donn\u00e9es non structur\u00e9es. G\u00e9rez, s\u00e9curisez et exploitez davantage vos donn\u00e9es gr\u00e2ce \u00e0 des services logiciels de stockage de fichiers et d&#039;objets de niveau sup\u00e9rieur pour le cloud hybride.\" \/>\n<meta name=\"twitter:image\" content=\"https:\/\/www.cohesity.com\/wp-content\/new_media\/2023\/07\/OG_800x400_CS-6365_SmartFiles.png\" \/>\n<meta name=\"twitter:site\" content=\"@cohesity\" \/>\n<meta name=\"twitter:label1\" content=\"Est. reading time\" \/>\n\t<meta name=\"twitter:data1\" content=\"1 minute\" \/>\n<script type=\"application\/ld+json\" class=\"yoast-schema-graph\">{\"@context\":\"https:\/\/schema.org\",\"@graph\":[{\"@type\":\"WebPage\",\"@id\":\"https:\/\/www.cohesity.com\/fr\/products\/smartfiles\/\",\"url\":\"https:\/\/www.cohesity.com\/fr\/products\/smartfiles\/\",\"name\":\"Gestion de donn\u00e9es non structur\u00e9es | Cohesity SmartFiles\",\"isPartOf\":{\"@id\":\"https:\/\/www.cohesity.com\/fr\/#website\"},\"primaryImageOfPage\":{\"@id\":\"https:\/\/www.cohesity.com\/fr\/products\/smartfiles\/#primaryimage\"},\"image\":{\"@id\":\"https:\/\/www.cohesity.com\/fr\/products\/smartfiles\/#primaryimage\"},\"thumbnailUrl\":\"https:\/\/www.cohesity.com\/wp-content\/new_media\/2020\/10\/smartfiles-blue-icon.svg\",\"datePublished\":\"2020-08-20T17:16:48+00:00\",\"dateModified\":\"2024-08-01T12:00:00+00:00\",\"description\":\"Services logiciels de fichiers et d\u2019objets offrant une intelligence, une \u00e9volutivit\u00e9 et une efficacit\u00e9 sup\u00e9rieures.\",\"breadcrumb\":{\"@id\":\"https:\/\/www.cohesity.com\/fr\/products\/smartfiles\/#breadcrumb\"},\"inLanguage\":\"fr-FR\",\"potentialAction\":[{\"@type\":\"ReadAction\",\"target\":[\"https:\/\/www.cohesity.com\/fr\/products\/smartfiles\/\"]}]},{\"@type\":\"ImageObject\",\"inLanguage\":\"fr-FR\",\"@id\":\"https:\/\/www.cohesity.com\/fr\/products\/smartfiles\/#primaryimage\",\"url\":\"https:\/\/www.cohesity.com\/wp-content\/new_media\/2020\/10\/smartfiles-blue-icon.svg\",\"contentUrl\":\"https:\/\/www.cohesity.com\/wp-content\/new_media\/2020\/10\/smartfiles-blue-icon.svg\",\"width\":90,\"height\":90,\"caption\":\"smartfiles-blue-icon\"},{\"@type\":\"BreadcrumbList\",\"@id\":\"https:\/\/www.cohesity.com\/fr\/products\/smartfiles\/#breadcrumb\",\"itemListElement\":[{\"@type\":\"ListItem\",\"position\":1,\"name\":\"Home\",\"item\":\"https:\/\/www.cohesity.com\/fr\/\"},{\"@type\":\"ListItem\",\"position\":2,\"name\":\"Products Overview\",\"item\":\"https:\/\/www.cohesity.com\/fr\/products\/\"},{\"@type\":\"ListItem\",\"position\":3,\"name\":\"SmartFiles\"}]},{\"@type\":\"WebSite\",\"@id\":\"https:\/\/www.cohesity.com\/fr\/#website\",\"url\":\"https:\/\/www.cohesity.com\/fr\/\",\"name\":\"Cohesity\",\"description\":\"Eliminate mass data fragmentation with Cohesity\u2019s modern approach to data management, beginning with backup. Gain instant recovery.\",\"publisher\":{\"@id\":\"https:\/\/www.cohesity.com\/fr\/#organization\"},\"potentialAction\":[{\"@type\":\"SearchAction\",\"target\":{\"@type\":\"EntryPoint\",\"urlTemplate\":\"https:\/\/www.cohesity.com\/fr\/?s={search_term_string}\"},\"query-input\":{\"@type\":\"PropertyValueSpecification\",\"valueRequired\":true,\"valueName\":\"search_term_string\"}}],\"inLanguage\":\"fr-FR\"},{\"@type\":\"Organization\",\"@id\":\"https:\/\/www.cohesity.com\/fr\/#organization\",\"name\":\"Cohesity\",\"url\":\"https:\/\/www.cohesity.com\/fr\/\",\"logo\":{\"@type\":\"ImageObject\",\"inLanguage\":\"fr-FR\",\"@id\":\"https:\/\/www.cohesity.com\/fr\/#\/schema\/logo\/image\/\",\"url\":\"https:\/\/www.cohesity.com\/wp-content\/new_media\/2020\/10\/cohesity_logo.svg\",\"contentUrl\":\"https:\/\/www.cohesity.com\/wp-content\/new_media\/2020\/10\/cohesity_logo.svg\",\"width\":143,\"height\":20,\"caption\":\"Cohesity\"},\"image\":{\"@id\":\"https:\/\/www.cohesity.com\/fr\/#\/schema\/logo\/image\/\"},\"sameAs\":[\"https:\/\/www.facebook.com\/cohesity\",\"https:\/\/x.com\/cohesity\"]}]}<\/script>\n<!-- \/ Yoast SEO Premium plugin. -->","yoast_head_json":{"title":"Gestion de donn\u00e9es non structur\u00e9es | Cohesity SmartFiles","description":"Services logiciels de fichiers et d\u2019objets offrant une intelligence, une \u00e9volutivit\u00e9 et une efficacit\u00e9 sup\u00e9rieures.","robots":{"index":"index","follow":"follow","max-snippet":"max-snippet:-1","max-image-preview":"max-image-preview:large","max-video-preview":"max-video-preview:-1"},"canonical":"https:\/\/www.cohesity.com\/fr\/products\/smartfiles\/","og_locale":"fr_FR","og_type":"article","og_title":"Services de stockage de fichiers et d\u2019objets | Cohesity","og_description":"SmartFiles est la fa\u00e7on la plus intelligente d'optimiser les co\u00fbts, l'\u00e9volution et l'efficacit\u00e9 de vos donn\u00e9es non structur\u00e9es. G\u00e9rez, s\u00e9curisez et exploitez davantage vos donn\u00e9es gr\u00e2ce \u00e0 des services logiciels de stockage de fichiers et d\u2019objets de niveau sup\u00e9rieur pour le cloud hybride.","og_url":"https:\/\/www.cohesity.com\/fr\/products\/smartfiles\/","og_site_name":"Cohesity","article_publisher":"https:\/\/www.facebook.com\/cohesity","article_modified_time":"2024-08-01T12:00:00+00:00","og_image":[{"url":"https:\/\/www.cohesity.com\/wp-content\/new_media\/2023\/07\/OG_800x400_CS-6365_SmartFiles.png","type":"","width":"","height":""}],"twitter_card":"summary_large_image","twitter_title":"Services de stockage de fichiers et d\u2019objets | Cohesity","twitter_description":"SmartFiles est la fa\u00e7on la plus intelligente d'optimiser les co\u00fbts, l'\u00e9volution et l'efficacit\u00e9 de vos donn\u00e9es non structur\u00e9es. G\u00e9rez, s\u00e9curisez et exploitez davantage vos donn\u00e9es gr\u00e2ce \u00e0 des services logiciels de stockage de fichiers et d'objets de niveau sup\u00e9rieur pour le cloud hybride.","twitter_image":"https:\/\/www.cohesity.com\/wp-content\/new_media\/2023\/07\/OG_800x400_CS-6365_SmartFiles.png","twitter_site":"@cohesity","twitter_misc":{"Est. reading time":"1 minute"},"schema":{"@context":"https:\/\/schema.org","@graph":[{"@type":"WebPage","@id":"https:\/\/www.cohesity.com\/fr\/products\/smartfiles\/","url":"https:\/\/www.cohesity.com\/fr\/products\/smartfiles\/","name":"Gestion de donn\u00e9es non structur\u00e9es | Cohesity SmartFiles","isPartOf":{"@id":"https:\/\/www.cohesity.com\/fr\/#website"},"primaryImageOfPage":{"@id":"https:\/\/www.cohesity.com\/fr\/products\/smartfiles\/#primaryimage"},"image":{"@id":"https:\/\/www.cohesity.com\/fr\/products\/smartfiles\/#primaryimage"},"thumbnailUrl":"https:\/\/www.cohesity.com\/wp-content\/new_media\/2020\/10\/smartfiles-blue-icon.svg","datePublished":"2020-08-20T17:16:48+00:00","dateModified":"2024-08-01T12:00:00+00:00","description":"Services logiciels de fichiers et d\u2019objets offrant une intelligence, une \u00e9volutivit\u00e9 et une efficacit\u00e9 sup\u00e9rieures.","breadcrumb":{"@id":"https:\/\/www.cohesity.com\/fr\/products\/smartfiles\/#breadcrumb"},"inLanguage":"fr-FR","potentialAction":[{"@type":"ReadAction","target":["https:\/\/www.cohesity.com\/fr\/products\/smartfiles\/"]}]},{"@type":"ImageObject","inLanguage":"fr-FR","@id":"https:\/\/www.cohesity.com\/fr\/products\/smartfiles\/#primaryimage","url":"https:\/\/www.cohesity.com\/wp-content\/new_media\/2020\/10\/smartfiles-blue-icon.svg","contentUrl":"https:\/\/www.cohesity.com\/wp-content\/new_media\/2020\/10\/smartfiles-blue-icon.svg","width":90,"height":90,"caption":"smartfiles-blue-icon"},{"@type":"BreadcrumbList","@id":"https:\/\/www.cohesity.com\/fr\/products\/smartfiles\/#breadcrumb","itemListElement":[{"@type":"ListItem","position":1,"name":"Home","item":"https:\/\/www.cohesity.com\/fr\/"},{"@type":"ListItem","position":2,"name":"Products Overview","item":"https:\/\/www.cohesity.com\/fr\/products\/"},{"@type":"ListItem","position":3,"name":"SmartFiles"}]},{"@type":"WebSite","@id":"https:\/\/www.cohesity.com\/fr\/#website","url":"https:\/\/www.cohesity.com\/fr\/","name":"Cohesity","description":"Eliminate mass data fragmentation with Cohesity\u2019s modern approach to data management, beginning with backup. Gain instant recovery.","publisher":{"@id":"https:\/\/www.cohesity.com\/fr\/#organization"},"potentialAction":[{"@type":"SearchAction","target":{"@type":"EntryPoint","urlTemplate":"https:\/\/www.cohesity.com\/fr\/?s={search_term_string}"},"query-input":{"@type":"PropertyValueSpecification","valueRequired":true,"valueName":"search_term_string"}}],"inLanguage":"fr-FR"},{"@type":"Organization","@id":"https:\/\/www.cohesity.com\/fr\/#organization","name":"Cohesity","url":"https:\/\/www.cohesity.com\/fr\/","logo":{"@type":"ImageObject","inLanguage":"fr-FR","@id":"https:\/\/www.cohesity.com\/fr\/#\/schema\/logo\/image\/","url":"https:\/\/www.cohesity.com\/wp-content\/new_media\/2020\/10\/cohesity_logo.svg","contentUrl":"https:\/\/www.cohesity.com\/wp-content\/new_media\/2020\/10\/cohesity_logo.svg","width":143,"height":20,"caption":"Cohesity"},"image":{"@id":"https:\/\/www.cohesity.com\/fr\/#\/schema\/logo\/image\/"},"sameAs":["https:\/\/www.facebook.com\/cohesity","https:\/\/x.com\/cohesity"]}]}},"_links":{"self":[{"href":"https:\/\/www.cohesity.com\/fr\/wp-json\/wp\/v2\/pages\/59208","targetHints":{"allow":["GET"]}}],"collection":[{"href":"https:\/\/www.cohesity.com\/fr\/wp-json\/wp\/v2\/pages"}],"about":[{"href":"https:\/\/www.cohesity.com\/fr\/wp-json\/wp\/v2\/types\/page"}],"author":[{"embeddable":true,"href":"https:\/\/www.cohesity.com\/fr\/wp-json\/wp\/v2\/users\/8"}],"replies":[{"embeddable":true,"href":"https:\/\/www.cohesity.com\/fr\/wp-json\/wp\/v2\/comments?post=59208"}],"version-history":[{"count":0,"href":"https:\/\/www.cohesity.com\/fr\/wp-json\/wp\/v2\/pages\/59208\/revisions"}],"up":[{"embeddable":true,"href":"https:\/\/www.cohesity.com\/fr\/wp-json\/wp\/v2\/pages\/42833"}],"wp:featuredmedia":[{"embeddable":true,"href":"https:\/\/www.cohesity.com\/fr\/wp-json\/wp\/v2\/media\/40577"}],"wp:attachment":[{"href":"https:\/\/www.cohesity.com\/fr\/wp-json\/wp\/v2\/media?parent=59208"}],"curies":[{"name":"wp","href":"https:\/\/api.w.org\/{rel}","templated":true}]}}