{"id":59292,"date":"2020-08-17T18:49:44","date_gmt":"2020-08-17T18:49:44","guid":{"rendered":"https:\/\/www.cohesity.com\/products\/dataprotect\/"},"modified":"2025-06-24T21:08:07","modified_gmt":"2025-06-25T04:08:07","slug":"dataprotect","status":"publish","type":"page","link":"https:\/\/www.cohesity.com\/fr\/products\/dataprotect\/","title":{"rendered":"DataProtect"},"content":{"rendered":"","protected":false},"excerpt":{"rendered":"","protected":false},"author":6,"featured_media":40581,"parent":42833,"menu_order":0,"comment_status":"closed","ping_status":"closed","template":"template-products-redesign.php","meta":{"_acf_changed":false,"_oasis_is_in_workflow":0,"_oasis_original":0,"_oasis_task_priority":"","inline_featured_image":false,"footnotes":""},"class_list":["post-59292","page","type-page","status-publish","has-post-thumbnail","hentry"],"acf":[],"yoast_head":"<!-- This site is optimized with the Yoast SEO Premium plugin v23.2 (Yoast SEO v24.5) - https:\/\/yoast.com\/wordpress\/plugins\/seo\/ -->\n<title>Logiciel et solution de protection des donn\u00e9es | Prot\u00e9ger avec Cohesity DataProtect<\/title>\n<meta name=\"description\" content=\"Simplifiez les op\u00e9rations, r\u00e9duisez les co\u00fbts et garantissez la r\u00e9silience dans tous les environnements, en local et dans le cloud, avec Cohesity DataProtect. En savoir plus sur le logiciel de protection des donn\u00e9es de classe entreprise.\" \/>\n<meta name=\"robots\" content=\"index, follow, max-snippet:-1, max-image-preview:large, max-video-preview:-1\" \/>\n<link rel=\"canonical\" href=\"https:\/\/www.cohesity.com\/fr\/products\/dataprotect\/\" \/>\n<meta property=\"og:locale\" content=\"fr_FR\" \/>\n<meta property=\"og:type\" content=\"article\" \/>\n<meta property=\"og:title\" content=\"Logiciel de protection des donn\u00e9es\u00a0: Cohesity DataProtect\" \/>\n<meta property=\"og:description\" content=\"La protection la plus compl\u00e8te pour vos sources de donn\u00e9es traditionnelles et modernes sur une plateforme de donn\u00e9es multi-cloud vous permet de restaurer instantan\u00e9ment \u00e0 grande \u00e9chelle, dans tous les environnements.\" \/>\n<meta property=\"og:url\" content=\"https:\/\/www.cohesity.com\/fr\/products\/dataprotect\/\" \/>\n<meta property=\"og:site_name\" content=\"Cohesity\" \/>\n<meta property=\"article:publisher\" content=\"https:\/\/www.facebook.com\/cohesity\" \/>\n<meta property=\"article:modified_time\" content=\"2025-06-25T04:08:07+00:00\" \/>\n<meta property=\"og:image\" content=\"https:\/\/www.cohesity.com\/wp-content\/new_media\/2023\/07\/DataProtect-OG.png\" \/>\n<meta name=\"twitter:card\" content=\"summary_large_image\" \/>\n<meta name=\"twitter:title\" content=\"Logiciel de protection des donn\u00e9es\u00a0: Cohesity DataProtect\" \/>\n<meta name=\"twitter:description\" content=\"La protection la plus compl\u00e8te pour vos sources de donn\u00e9es traditionnelles et modernes sur une plateforme de donn\u00e9es multi-cloud vous permet de restaurer instantan\u00e9ment \u00e0 grande \u00e9chelle, dans tous les environnements.\" \/>\n<meta name=\"twitter:image\" content=\"https:\/\/www.cohesity.com\/wp-content\/new_media\/2023\/07\/DataProtect-OG.png\" \/>\n<meta name=\"twitter:site\" content=\"@cohesity\" \/>\n<meta name=\"twitter:label1\" content=\"Est. reading time\" \/>\n\t<meta name=\"twitter:data1\" content=\"1 minute\" \/>\n<script type=\"application\/ld+json\" class=\"yoast-schema-graph\">{\"@context\":\"https:\/\/schema.org\",\"@graph\":[{\"@type\":\"WebPage\",\"@id\":\"https:\/\/www.cohesity.com\/fr\/products\/dataprotect\/\",\"url\":\"https:\/\/www.cohesity.com\/fr\/products\/dataprotect\/\",\"name\":\"Logiciel et solution de protection des donn\u00e9es | Prot\u00e9ger avec Cohesity DataProtect\",\"isPartOf\":{\"@id\":\"https:\/\/www.cohesity.com\/fr\/#website\"},\"primaryImageOfPage\":{\"@id\":\"https:\/\/www.cohesity.com\/fr\/products\/dataprotect\/#primaryimage\"},\"image\":{\"@id\":\"https:\/\/www.cohesity.com\/fr\/products\/dataprotect\/#primaryimage\"},\"thumbnailUrl\":\"https:\/\/www.cohesity.com\/wp-content\/new_media\/2020\/10\/dataprotect-green-icon.svg\",\"datePublished\":\"2020-08-17T18:49:44+00:00\",\"dateModified\":\"2025-06-25T04:08:07+00:00\",\"description\":\"Simplifiez les op\u00e9rations, r\u00e9duisez les co\u00fbts et garantissez la r\u00e9silience dans tous les environnements, en local et dans le cloud, avec Cohesity DataProtect. En savoir plus sur le logiciel de protection des donn\u00e9es de classe entreprise.\",\"breadcrumb\":{\"@id\":\"https:\/\/www.cohesity.com\/fr\/products\/dataprotect\/#breadcrumb\"},\"inLanguage\":\"fr-FR\",\"potentialAction\":[{\"@type\":\"ReadAction\",\"target\":[\"https:\/\/www.cohesity.com\/fr\/products\/dataprotect\/\"]}]},{\"@type\":\"ImageObject\",\"inLanguage\":\"fr-FR\",\"@id\":\"https:\/\/www.cohesity.com\/fr\/products\/dataprotect\/#primaryimage\",\"url\":\"https:\/\/www.cohesity.com\/wp-content\/new_media\/2020\/10\/dataprotect-green-icon.svg\",\"contentUrl\":\"https:\/\/www.cohesity.com\/wp-content\/new_media\/2020\/10\/dataprotect-green-icon.svg\",\"width\":90,\"height\":90,\"caption\":\"dataprotect-green-icon\"},{\"@type\":\"BreadcrumbList\",\"@id\":\"https:\/\/www.cohesity.com\/fr\/products\/dataprotect\/#breadcrumb\",\"itemListElement\":[{\"@type\":\"ListItem\",\"position\":1,\"name\":\"Home\",\"item\":\"https:\/\/www.cohesity.com\/fr\/\"},{\"@type\":\"ListItem\",\"position\":2,\"name\":\"Products Overview\",\"item\":\"https:\/\/www.cohesity.com\/fr\/products\/\"},{\"@type\":\"ListItem\",\"position\":3,\"name\":\"DataProtect\"}]},{\"@type\":\"WebSite\",\"@id\":\"https:\/\/www.cohesity.com\/fr\/#website\",\"url\":\"https:\/\/www.cohesity.com\/fr\/\",\"name\":\"Cohesity\",\"description\":\"Eliminate mass data fragmentation with Cohesity\u2019s modern approach to data management, beginning with backup. Gain instant recovery.\",\"publisher\":{\"@id\":\"https:\/\/www.cohesity.com\/fr\/#organization\"},\"potentialAction\":[{\"@type\":\"SearchAction\",\"target\":{\"@type\":\"EntryPoint\",\"urlTemplate\":\"https:\/\/www.cohesity.com\/fr\/?s={search_term_string}\"},\"query-input\":{\"@type\":\"PropertyValueSpecification\",\"valueRequired\":true,\"valueName\":\"search_term_string\"}}],\"inLanguage\":\"fr-FR\"},{\"@type\":\"Organization\",\"@id\":\"https:\/\/www.cohesity.com\/fr\/#organization\",\"name\":\"Cohesity\",\"url\":\"https:\/\/www.cohesity.com\/fr\/\",\"logo\":{\"@type\":\"ImageObject\",\"inLanguage\":\"fr-FR\",\"@id\":\"https:\/\/www.cohesity.com\/fr\/#\/schema\/logo\/image\/\",\"url\":\"https:\/\/www.cohesity.com\/wp-content\/new_media\/2020\/10\/cohesity_logo.svg\",\"contentUrl\":\"https:\/\/www.cohesity.com\/wp-content\/new_media\/2020\/10\/cohesity_logo.svg\",\"width\":143,\"height\":20,\"caption\":\"Cohesity\"},\"image\":{\"@id\":\"https:\/\/www.cohesity.com\/fr\/#\/schema\/logo\/image\/\"},\"sameAs\":[\"https:\/\/www.facebook.com\/cohesity\",\"https:\/\/x.com\/cohesity\"]}]}<\/script>\n<!-- \/ Yoast SEO Premium plugin. -->","yoast_head_json":{"title":"Logiciel et solution de protection des donn\u00e9es | Prot\u00e9ger avec Cohesity DataProtect","description":"Simplifiez les op\u00e9rations, r\u00e9duisez les co\u00fbts et garantissez la r\u00e9silience dans tous les environnements, en local et dans le cloud, avec Cohesity DataProtect. En savoir plus sur le logiciel de protection des donn\u00e9es de classe entreprise.","robots":{"index":"index","follow":"follow","max-snippet":"max-snippet:-1","max-image-preview":"max-image-preview:large","max-video-preview":"max-video-preview:-1"},"canonical":"https:\/\/www.cohesity.com\/fr\/products\/dataprotect\/","og_locale":"fr_FR","og_type":"article","og_title":"Logiciel de protection des donn\u00e9es\u00a0: Cohesity DataProtect","og_description":"La protection la plus compl\u00e8te pour vos sources de donn\u00e9es traditionnelles et modernes sur une plateforme de donn\u00e9es multi-cloud vous permet de restaurer instantan\u00e9ment \u00e0 grande \u00e9chelle, dans tous les environnements.","og_url":"https:\/\/www.cohesity.com\/fr\/products\/dataprotect\/","og_site_name":"Cohesity","article_publisher":"https:\/\/www.facebook.com\/cohesity","article_modified_time":"2025-06-25T04:08:07+00:00","og_image":[{"url":"https:\/\/www.cohesity.com\/wp-content\/new_media\/2023\/07\/DataProtect-OG.png","type":"","width":"","height":""}],"twitter_card":"summary_large_image","twitter_title":"Logiciel de protection des donn\u00e9es\u00a0: Cohesity DataProtect","twitter_description":"La protection la plus compl\u00e8te pour vos sources de donn\u00e9es traditionnelles et modernes sur une plateforme de donn\u00e9es multi-cloud vous permet de restaurer instantan\u00e9ment \u00e0 grande \u00e9chelle, dans tous les environnements.","twitter_image":"https:\/\/www.cohesity.com\/wp-content\/new_media\/2023\/07\/DataProtect-OG.png","twitter_site":"@cohesity","twitter_misc":{"Est. reading time":"1 minute"},"schema":{"@context":"https:\/\/schema.org","@graph":[{"@type":"WebPage","@id":"https:\/\/www.cohesity.com\/fr\/products\/dataprotect\/","url":"https:\/\/www.cohesity.com\/fr\/products\/dataprotect\/","name":"Logiciel et solution de protection des donn\u00e9es | Prot\u00e9ger avec Cohesity DataProtect","isPartOf":{"@id":"https:\/\/www.cohesity.com\/fr\/#website"},"primaryImageOfPage":{"@id":"https:\/\/www.cohesity.com\/fr\/products\/dataprotect\/#primaryimage"},"image":{"@id":"https:\/\/www.cohesity.com\/fr\/products\/dataprotect\/#primaryimage"},"thumbnailUrl":"https:\/\/www.cohesity.com\/wp-content\/new_media\/2020\/10\/dataprotect-green-icon.svg","datePublished":"2020-08-17T18:49:44+00:00","dateModified":"2025-06-25T04:08:07+00:00","description":"Simplifiez les op\u00e9rations, r\u00e9duisez les co\u00fbts et garantissez la r\u00e9silience dans tous les environnements, en local et dans le cloud, avec Cohesity DataProtect. En savoir plus sur le logiciel de protection des donn\u00e9es de classe entreprise.","breadcrumb":{"@id":"https:\/\/www.cohesity.com\/fr\/products\/dataprotect\/#breadcrumb"},"inLanguage":"fr-FR","potentialAction":[{"@type":"ReadAction","target":["https:\/\/www.cohesity.com\/fr\/products\/dataprotect\/"]}]},{"@type":"ImageObject","inLanguage":"fr-FR","@id":"https:\/\/www.cohesity.com\/fr\/products\/dataprotect\/#primaryimage","url":"https:\/\/www.cohesity.com\/wp-content\/new_media\/2020\/10\/dataprotect-green-icon.svg","contentUrl":"https:\/\/www.cohesity.com\/wp-content\/new_media\/2020\/10\/dataprotect-green-icon.svg","width":90,"height":90,"caption":"dataprotect-green-icon"},{"@type":"BreadcrumbList","@id":"https:\/\/www.cohesity.com\/fr\/products\/dataprotect\/#breadcrumb","itemListElement":[{"@type":"ListItem","position":1,"name":"Home","item":"https:\/\/www.cohesity.com\/fr\/"},{"@type":"ListItem","position":2,"name":"Products Overview","item":"https:\/\/www.cohesity.com\/fr\/products\/"},{"@type":"ListItem","position":3,"name":"DataProtect"}]},{"@type":"WebSite","@id":"https:\/\/www.cohesity.com\/fr\/#website","url":"https:\/\/www.cohesity.com\/fr\/","name":"Cohesity","description":"Eliminate mass data fragmentation with Cohesity\u2019s modern approach to data management, beginning with backup. Gain instant recovery.","publisher":{"@id":"https:\/\/www.cohesity.com\/fr\/#organization"},"potentialAction":[{"@type":"SearchAction","target":{"@type":"EntryPoint","urlTemplate":"https:\/\/www.cohesity.com\/fr\/?s={search_term_string}"},"query-input":{"@type":"PropertyValueSpecification","valueRequired":true,"valueName":"search_term_string"}}],"inLanguage":"fr-FR"},{"@type":"Organization","@id":"https:\/\/www.cohesity.com\/fr\/#organization","name":"Cohesity","url":"https:\/\/www.cohesity.com\/fr\/","logo":{"@type":"ImageObject","inLanguage":"fr-FR","@id":"https:\/\/www.cohesity.com\/fr\/#\/schema\/logo\/image\/","url":"https:\/\/www.cohesity.com\/wp-content\/new_media\/2020\/10\/cohesity_logo.svg","contentUrl":"https:\/\/www.cohesity.com\/wp-content\/new_media\/2020\/10\/cohesity_logo.svg","width":143,"height":20,"caption":"Cohesity"},"image":{"@id":"https:\/\/www.cohesity.com\/fr\/#\/schema\/logo\/image\/"},"sameAs":["https:\/\/www.facebook.com\/cohesity","https:\/\/x.com\/cohesity"]}]}},"_links":{"self":[{"href":"https:\/\/www.cohesity.com\/fr\/wp-json\/wp\/v2\/pages\/59292","targetHints":{"allow":["GET"]}}],"collection":[{"href":"https:\/\/www.cohesity.com\/fr\/wp-json\/wp\/v2\/pages"}],"about":[{"href":"https:\/\/www.cohesity.com\/fr\/wp-json\/wp\/v2\/types\/page"}],"author":[{"embeddable":true,"href":"https:\/\/www.cohesity.com\/fr\/wp-json\/wp\/v2\/users\/6"}],"replies":[{"embeddable":true,"href":"https:\/\/www.cohesity.com\/fr\/wp-json\/wp\/v2\/comments?post=59292"}],"version-history":[{"count":10,"href":"https:\/\/www.cohesity.com\/fr\/wp-json\/wp\/v2\/pages\/59292\/revisions"}],"predecessor-version":[{"id":287463,"href":"https:\/\/www.cohesity.com\/fr\/wp-json\/wp\/v2\/pages\/59292\/revisions\/287463"}],"up":[{"embeddable":true,"href":"https:\/\/www.cohesity.com\/fr\/wp-json\/wp\/v2\/pages\/42833"}],"wp:featuredmedia":[{"embeddable":true,"href":"https:\/\/www.cohesity.com\/fr\/wp-json\/wp\/v2\/media\/40581"}],"wp:attachment":[{"href":"https:\/\/www.cohesity.com\/fr\/wp-json\/wp\/v2\/media?parent=59292"}],"curies":[{"name":"wp","href":"https:\/\/api.w.org\/{rel}","templated":true}]}}