{"id":76982,"date":"2021-08-16T09:39:06","date_gmt":"2021-08-16T16:39:06","guid":{"rendered":"https:\/\/www.cohesity.com\/products\/saas-data-management-as-a-service\/"},"modified":"2025-04-30T01:17:27","modified_gmt":"2025-04-30T08:17:27","slug":"saas","status":"publish","type":"page","link":"https:\/\/www.cohesity.com\/fr\/products\/saas\/","title":{"rendered":"SaaS\u00a0: Solution Data Management as a Service"},"content":{"rendered":"","protected":false},"excerpt":{"rendered":"","protected":false},"author":7,"featured_media":154923,"parent":42833,"menu_order":0,"comment_status":"closed","ping_status":"closed","template":"template-products.php","meta":{"_acf_changed":false,"_oasis_is_in_workflow":0,"_oasis_original":0,"_oasis_task_priority":"","inline_featured_image":false,"footnotes":""},"class_list":["post-76982","page","type-page","status-publish","has-post-thumbnail","hentry"],"acf":[],"yoast_head":"<!-- This site is optimized with the Yoast SEO Premium plugin v23.2 (Yoast SEO v24.5) - https:\/\/yoast.com\/wordpress\/plugins\/seo\/ -->\n<title>Portfolio de services cloud et de solutions Data Management as a Service de Cohesity<\/title>\n<meta name=\"description\" content=\"Simplifiez la gestion des donn\u00e9es et consolidez vos donn\u00e9es dans le cloud \u00e0 des fins de sauvegarde, archivage, reprise apr\u00e8s sinistre, test\/d\u00e9veloppement, gouvernance des donn\u00e9es, analyse, fichiers et bien plus encore.\" \/>\n<meta name=\"robots\" content=\"index, follow, max-snippet:-1, max-image-preview:large, max-video-preview:-1\" \/>\n<link rel=\"canonical\" href=\"https:\/\/www.cohesity.com\/fr\/products\/saas\/\" \/>\n<meta property=\"og:locale\" content=\"fr_FR\" \/>\n<meta property=\"og:type\" content=\"article\" \/>\n<meta property=\"og:title\" content=\"SaaS\u00a0: Solution Data Management as a Service\" \/>\n<meta property=\"og:description\" content=\"Simplifiez la gestion des donn\u00e9es et consolidez vos donn\u00e9es dans le cloud \u00e0 des fins de sauvegarde, archivage, reprise apr\u00e8s sinistre, test\/d\u00e9veloppement, gouvernance des donn\u00e9es, analyse, fichiers et bien plus encore.\" \/>\n<meta property=\"og:url\" content=\"https:\/\/www.cohesity.com\/fr\/products\/saas\/\" \/>\n<meta property=\"og:site_name\" content=\"Cohesity\" \/>\n<meta property=\"article:publisher\" content=\"https:\/\/www.facebook.com\/cohesity\" \/>\n<meta property=\"article:modified_time\" content=\"2025-04-30T08:17:27+00:00\" \/>\n<meta property=\"og:image\" content=\"https:\/\/www.cohesity.com\/wp-content\/new_media\/2020\/10\/cohesity-logo-new.jpg\" \/>\n\t<meta property=\"og:image:width\" content=\"800\" \/>\n\t<meta property=\"og:image:height\" content=\"401\" \/>\n\t<meta property=\"og:image:type\" content=\"image\/jpeg\" \/>\n<meta name=\"twitter:card\" content=\"summary_large_image\" \/>\n<meta name=\"twitter:site\" content=\"@cohesity\" \/>\n<meta name=\"twitter:label1\" content=\"Est. reading time\" \/>\n\t<meta name=\"twitter:data1\" content=\"1 minute\" \/>\n<script type=\"application\/ld+json\" class=\"yoast-schema-graph\">{\"@context\":\"https:\/\/schema.org\",\"@graph\":[{\"@type\":\"WebPage\",\"@id\":\"https:\/\/www.cohesity.com\/fr\/products\/saas\/\",\"url\":\"https:\/\/www.cohesity.com\/fr\/products\/saas\/\",\"name\":\"Portfolio de services cloud et de solutions Data Management as a Service de Cohesity\",\"isPartOf\":{\"@id\":\"https:\/\/www.cohesity.com\/fr\/#website\"},\"primaryImageOfPage\":{\"@id\":\"https:\/\/www.cohesity.com\/fr\/products\/saas\/#primaryimage\"},\"image\":{\"@id\":\"https:\/\/www.cohesity.com\/fr\/products\/saas\/#primaryimage\"},\"thumbnailUrl\":\"https:\/\/www.cohesity.com\/wp-content\/new_media\/2022\/08\/saas-product-icon.svg\",\"datePublished\":\"2021-08-16T16:39:06+00:00\",\"dateModified\":\"2025-04-30T08:17:27+00:00\",\"description\":\"Simplifiez la gestion des donn\u00e9es et consolidez vos donn\u00e9es dans le cloud \u00e0 des fins de sauvegarde, archivage, reprise apr\u00e8s sinistre, test\/d\u00e9veloppement, gouvernance des donn\u00e9es, analyse, fichiers et bien plus encore.\",\"breadcrumb\":{\"@id\":\"https:\/\/www.cohesity.com\/fr\/products\/saas\/#breadcrumb\"},\"inLanguage\":\"fr-FR\",\"potentialAction\":[{\"@type\":\"ReadAction\",\"target\":[\"https:\/\/www.cohesity.com\/fr\/products\/saas\/\"]}]},{\"@type\":\"ImageObject\",\"inLanguage\":\"fr-FR\",\"@id\":\"https:\/\/www.cohesity.com\/fr\/products\/saas\/#primaryimage\",\"url\":\"https:\/\/www.cohesity.com\/wp-content\/new_media\/2022\/08\/saas-product-icon.svg\",\"contentUrl\":\"https:\/\/www.cohesity.com\/wp-content\/new_media\/2022\/08\/saas-product-icon.svg\",\"caption\":\"Cohesity SaaS icon\"},{\"@type\":\"BreadcrumbList\",\"@id\":\"https:\/\/www.cohesity.com\/fr\/products\/saas\/#breadcrumb\",\"itemListElement\":[{\"@type\":\"ListItem\",\"position\":1,\"name\":\"Home\",\"item\":\"https:\/\/www.cohesity.com\/fr\/\"},{\"@type\":\"ListItem\",\"position\":2,\"name\":\"Products Overview\",\"item\":\"https:\/\/www.cohesity.com\/fr\/products\/\"},{\"@type\":\"ListItem\",\"position\":3,\"name\":\"SaaS\u00a0: Solution Data Management as a Service\"}]},{\"@type\":\"WebSite\",\"@id\":\"https:\/\/www.cohesity.com\/fr\/#website\",\"url\":\"https:\/\/www.cohesity.com\/fr\/\",\"name\":\"Cohesity\",\"description\":\"Eliminate mass data fragmentation with Cohesity\u2019s modern approach to data management, beginning with backup. Gain instant recovery.\",\"publisher\":{\"@id\":\"https:\/\/www.cohesity.com\/fr\/#organization\"},\"potentialAction\":[{\"@type\":\"SearchAction\",\"target\":{\"@type\":\"EntryPoint\",\"urlTemplate\":\"https:\/\/www.cohesity.com\/fr\/?s={search_term_string}\"},\"query-input\":{\"@type\":\"PropertyValueSpecification\",\"valueRequired\":true,\"valueName\":\"search_term_string\"}}],\"inLanguage\":\"fr-FR\"},{\"@type\":\"Organization\",\"@id\":\"https:\/\/www.cohesity.com\/fr\/#organization\",\"name\":\"Cohesity\",\"url\":\"https:\/\/www.cohesity.com\/fr\/\",\"logo\":{\"@type\":\"ImageObject\",\"inLanguage\":\"fr-FR\",\"@id\":\"https:\/\/www.cohesity.com\/fr\/#\/schema\/logo\/image\/\",\"url\":\"https:\/\/www.cohesity.com\/wp-content\/new_media\/2020\/10\/cohesity_logo.svg\",\"contentUrl\":\"https:\/\/www.cohesity.com\/wp-content\/new_media\/2020\/10\/cohesity_logo.svg\",\"width\":143,\"height\":20,\"caption\":\"Cohesity\"},\"image\":{\"@id\":\"https:\/\/www.cohesity.com\/fr\/#\/schema\/logo\/image\/\"},\"sameAs\":[\"https:\/\/www.facebook.com\/cohesity\",\"https:\/\/x.com\/cohesity\"]}]}<\/script>\n<!-- \/ Yoast SEO Premium plugin. -->","yoast_head_json":{"title":"Portfolio de services cloud et de solutions Data Management as a Service de Cohesity","description":"Simplifiez la gestion des donn\u00e9es et consolidez vos donn\u00e9es dans le cloud \u00e0 des fins de sauvegarde, archivage, reprise apr\u00e8s sinistre, test\/d\u00e9veloppement, gouvernance des donn\u00e9es, analyse, fichiers et bien plus encore.","robots":{"index":"index","follow":"follow","max-snippet":"max-snippet:-1","max-image-preview":"max-image-preview:large","max-video-preview":"max-video-preview:-1"},"canonical":"https:\/\/www.cohesity.com\/fr\/products\/saas\/","og_locale":"fr_FR","og_type":"article","og_title":"SaaS\u00a0: Solution Data Management as a Service","og_description":"Simplifiez la gestion des donn\u00e9es et consolidez vos donn\u00e9es dans le cloud \u00e0 des fins de sauvegarde, archivage, reprise apr\u00e8s sinistre, test\/d\u00e9veloppement, gouvernance des donn\u00e9es, analyse, fichiers et bien plus encore.","og_url":"https:\/\/www.cohesity.com\/fr\/products\/saas\/","og_site_name":"Cohesity","article_publisher":"https:\/\/www.facebook.com\/cohesity","article_modified_time":"2025-04-30T08:17:27+00:00","og_image":[{"width":800,"height":401,"url":"https:\/\/www.cohesity.com\/wp-content\/new_media\/2020\/10\/cohesity-logo-new.jpg","type":"image\/jpeg"}],"twitter_card":"summary_large_image","twitter_site":"@cohesity","twitter_misc":{"Est. reading time":"1 minute"},"schema":{"@context":"https:\/\/schema.org","@graph":[{"@type":"WebPage","@id":"https:\/\/www.cohesity.com\/fr\/products\/saas\/","url":"https:\/\/www.cohesity.com\/fr\/products\/saas\/","name":"Portfolio de services cloud et de solutions Data Management as a Service de Cohesity","isPartOf":{"@id":"https:\/\/www.cohesity.com\/fr\/#website"},"primaryImageOfPage":{"@id":"https:\/\/www.cohesity.com\/fr\/products\/saas\/#primaryimage"},"image":{"@id":"https:\/\/www.cohesity.com\/fr\/products\/saas\/#primaryimage"},"thumbnailUrl":"https:\/\/www.cohesity.com\/wp-content\/new_media\/2022\/08\/saas-product-icon.svg","datePublished":"2021-08-16T16:39:06+00:00","dateModified":"2025-04-30T08:17:27+00:00","description":"Simplifiez la gestion des donn\u00e9es et consolidez vos donn\u00e9es dans le cloud \u00e0 des fins de sauvegarde, archivage, reprise apr\u00e8s sinistre, test\/d\u00e9veloppement, gouvernance des donn\u00e9es, analyse, fichiers et bien plus encore.","breadcrumb":{"@id":"https:\/\/www.cohesity.com\/fr\/products\/saas\/#breadcrumb"},"inLanguage":"fr-FR","potentialAction":[{"@type":"ReadAction","target":["https:\/\/www.cohesity.com\/fr\/products\/saas\/"]}]},{"@type":"ImageObject","inLanguage":"fr-FR","@id":"https:\/\/www.cohesity.com\/fr\/products\/saas\/#primaryimage","url":"https:\/\/www.cohesity.com\/wp-content\/new_media\/2022\/08\/saas-product-icon.svg","contentUrl":"https:\/\/www.cohesity.com\/wp-content\/new_media\/2022\/08\/saas-product-icon.svg","caption":"Cohesity SaaS icon"},{"@type":"BreadcrumbList","@id":"https:\/\/www.cohesity.com\/fr\/products\/saas\/#breadcrumb","itemListElement":[{"@type":"ListItem","position":1,"name":"Home","item":"https:\/\/www.cohesity.com\/fr\/"},{"@type":"ListItem","position":2,"name":"Products Overview","item":"https:\/\/www.cohesity.com\/fr\/products\/"},{"@type":"ListItem","position":3,"name":"SaaS\u00a0: Solution Data Management as a Service"}]},{"@type":"WebSite","@id":"https:\/\/www.cohesity.com\/fr\/#website","url":"https:\/\/www.cohesity.com\/fr\/","name":"Cohesity","description":"Eliminate mass data fragmentation with Cohesity\u2019s modern approach to data management, beginning with backup. Gain instant recovery.","publisher":{"@id":"https:\/\/www.cohesity.com\/fr\/#organization"},"potentialAction":[{"@type":"SearchAction","target":{"@type":"EntryPoint","urlTemplate":"https:\/\/www.cohesity.com\/fr\/?s={search_term_string}"},"query-input":{"@type":"PropertyValueSpecification","valueRequired":true,"valueName":"search_term_string"}}],"inLanguage":"fr-FR"},{"@type":"Organization","@id":"https:\/\/www.cohesity.com\/fr\/#organization","name":"Cohesity","url":"https:\/\/www.cohesity.com\/fr\/","logo":{"@type":"ImageObject","inLanguage":"fr-FR","@id":"https:\/\/www.cohesity.com\/fr\/#\/schema\/logo\/image\/","url":"https:\/\/www.cohesity.com\/wp-content\/new_media\/2020\/10\/cohesity_logo.svg","contentUrl":"https:\/\/www.cohesity.com\/wp-content\/new_media\/2020\/10\/cohesity_logo.svg","width":143,"height":20,"caption":"Cohesity"},"image":{"@id":"https:\/\/www.cohesity.com\/fr\/#\/schema\/logo\/image\/"},"sameAs":["https:\/\/www.facebook.com\/cohesity","https:\/\/x.com\/cohesity"]}]}},"_links":{"self":[{"href":"https:\/\/www.cohesity.com\/fr\/wp-json\/wp\/v2\/pages\/76982","targetHints":{"allow":["GET"]}}],"collection":[{"href":"https:\/\/www.cohesity.com\/fr\/wp-json\/wp\/v2\/pages"}],"about":[{"href":"https:\/\/www.cohesity.com\/fr\/wp-json\/wp\/v2\/types\/page"}],"author":[{"embeddable":true,"href":"https:\/\/www.cohesity.com\/fr\/wp-json\/wp\/v2\/users\/7"}],"replies":[{"embeddable":true,"href":"https:\/\/www.cohesity.com\/fr\/wp-json\/wp\/v2\/comments?post=76982"}],"version-history":[{"count":4,"href":"https:\/\/www.cohesity.com\/fr\/wp-json\/wp\/v2\/pages\/76982\/revisions"}],"predecessor-version":[{"id":280859,"href":"https:\/\/www.cohesity.com\/fr\/wp-json\/wp\/v2\/pages\/76982\/revisions\/280859"}],"up":[{"embeddable":true,"href":"https:\/\/www.cohesity.com\/fr\/wp-json\/wp\/v2\/pages\/42833"}],"wp:featuredmedia":[{"embeddable":true,"href":"https:\/\/www.cohesity.com\/fr\/wp-json\/wp\/v2\/media\/154923"}],"wp:attachment":[{"href":"https:\/\/www.cohesity.com\/fr\/wp-json\/wp\/v2\/media?parent=76982"}],"curies":[{"name":"wp","href":"https:\/\/api.w.org\/{rel}","templated":true}]}}